{"id":15,"date":"2014-11-06T12:38:05","date_gmt":"2014-11-06T12:38:05","guid":{"rendered":"http:\/\/ultimato.com.br\/sites\/pare-de-conjugar-verbo-sofrer\/?page_id=15"},"modified":"2014-11-06T12:38:15","modified_gmt":"2014-11-06T12:38:15","slug":"o-autor","status":"publish","type":"page","link":"https:\/\/ultimato.com.br\/sites\/pare-de-conjugar-verbo-sofrer\/o-autor\/","title":{"rendered":"O autor"},"content":{"rendered":"<p><strong><a href=\"http:\/\/ultimato.com.br\/sites\/pare-de-conjugar-verbo-sofrer\/files\/2014\/11\/foto_hs_pcvs.jpg\"><img loading=\"lazy\" decoding=\"async\" class=\"alignleft size-thumbnail wp-image-16\" src=\"http:\/\/ultimato.com.br\/sites\/pare-de-conjugar-verbo-sofrer\/files\/2014\/11\/foto_hs_pcvs-150x150.jpg\" alt=\"foto_hs_pcvs\" width=\"150\" height=\"150\" \/><\/a>Ariovaldo Ramos<\/strong>\u00a0\u00e9 escritor, conferencista e pastor na Comunidade Crist\u00e3 Reformada, em S\u00e3o Paulo.\u00a0Foi, por quatro anos, membro do Conselho Nacional de Seguran\u00e7a Alimentar e Nutricional (Consea) e \u00e9 presidente da Vis\u00e3o Mundial no Brasil.<\/p>\n<p>&nbsp;<\/p>\n","protected":false},"excerpt":{"rendered":"<p>Ariovaldo Ramos\u00a0\u00e9 escritor, conferencista e pastor na Comunidade Crist\u00e3 Reformada, em S\u00e3o Paulo.\u00a0Foi, por quatro anos, membro do Conselho Nacional de Seguran\u00e7a Alimentar e Nutricional (Consea) e \u00e9 presidente da Vis\u00e3o Mundial no Brasil. &nbsp;<\/p>\n","protected":false},"author":24,"featured_media":0,"parent":0,"menu_order":2,"comment_status":"closed","ping_status":"open","template":"","meta":{"footnotes":""},"class_list":["post-15","page","type-page","status-publish","hentry"],"_links":{"self":[{"href":"https:\/\/ultimato.com.br\/sites\/pare-de-conjugar-verbo-sofrer\/wp-json\/wp\/v2\/pages\/15","targetHints":{"allow":["GET"]}}],"collection":[{"href":"https:\/\/ultimato.com.br\/sites\/pare-de-conjugar-verbo-sofrer\/wp-json\/wp\/v2\/pages"}],"about":[{"href":"https:\/\/ultimato.com.br\/sites\/pare-de-conjugar-verbo-sofrer\/wp-json\/wp\/v2\/types\/page"}],"author":[{"embeddable":true,"href":"https:\/\/ultimato.com.br\/sites\/pare-de-conjugar-verbo-sofrer\/wp-json\/wp\/v2\/users\/24"}],"replies":[{"embeddable":true,"href":"https:\/\/ultimato.com.br\/sites\/pare-de-conjugar-verbo-sofrer\/wp-json\/wp\/v2\/comments?post=15"}],"version-history":[{"count":1,"href":"https:\/\/ultimato.com.br\/sites\/pare-de-conjugar-verbo-sofrer\/wp-json\/wp\/v2\/pages\/15\/revisions"}],"predecessor-version":[{"id":17,"href":"https:\/\/ultimato.com.br\/sites\/pare-de-conjugar-verbo-sofrer\/wp-json\/wp\/v2\/pages\/15\/revisions\/17"}],"wp:attachment":[{"href":"https:\/\/ultimato.com.br\/sites\/pare-de-conjugar-verbo-sofrer\/wp-json\/wp\/v2\/media?parent=15"}],"curies":[{"name":"wp","href":"https:\/\/api.w.org\/{rel}","templated":true}]}}