{"id":13,"date":"2014-11-06T12:37:14","date_gmt":"2014-11-06T12:37:14","guid":{"rendered":"http:\/\/ultimato.com.br\/sites\/pare-de-conjugar-verbo-sofrer\/?page_id=13"},"modified":"2015-02-23T19:24:48","modified_gmt":"2015-02-23T19:24:48","slug":"o-que-disseram","status":"publish","type":"page","link":"https:\/\/ultimato.com.br\/sites\/pare-de-conjugar-verbo-sofrer\/o-que-disseram\/","title":{"rendered":"O que disseram"},"content":{"rendered":"<p><iframe loading=\"lazy\" width=\"620\" height=\"349\" src=\"https:\/\/www.youtube.com\/embed\/0ANi8Op5va8\" frameborder=\"0\" allowfullscreen><\/iframe><\/p>\n<blockquote><p>Conjugar o verbo <em>sofrer<\/em> \u00e9 de doer. D\u00f3i dentro da gente. J\u00e1 o verbo <em>amar<\/em> faz a gente sonhar. Sonhar o sonho de gente. Amar \u00e9 viver como gente deve ser.<\/p><\/blockquote>\n<p><em>\u2013 Ricardo Bitun<\/em><\/p>\n<p><strong>\u00a0<\/strong><\/p>\n<p><strong>\u00a0<\/strong><\/p>\n<blockquote><p><strong>Pare de Conjugar o Verbo Sofrer<\/strong> \u00e9 uma esp\u00e9cie de vers\u00e3o contempor\u00e2nea do livro de Prov\u00e9rbios.<\/p><\/blockquote>\n<p><em>\u2013 Ed Ren\u00e9 Kivitz<\/em><\/p>\n","protected":false},"excerpt":{"rendered":"<p>Conjugar o verbo sofrer \u00e9 de doer. D\u00f3i dentro da gente. J\u00e1 o verbo amar faz a gente sonhar. Sonhar o sonho de gente. Amar \u00e9 viver como gente deve ser. \u2013 Ricardo Bitun \u00a0 \u00a0 Pare de Conjugar o Verbo Sofrer \u00e9 uma esp\u00e9cie de vers\u00e3o contempor\u00e2nea do livro de Prov\u00e9rbios. \u2013 Ed Ren\u00e9 [&hellip;]<\/p>\n","protected":false},"author":24,"featured_media":0,"parent":0,"menu_order":1,"comment_status":"closed","ping_status":"open","template":"","meta":{"footnotes":""},"class_list":["post-13","page","type-page","status-publish","hentry"],"_links":{"self":[{"href":"https:\/\/ultimato.com.br\/sites\/pare-de-conjugar-verbo-sofrer\/wp-json\/wp\/v2\/pages\/13","targetHints":{"allow":["GET"]}}],"collection":[{"href":"https:\/\/ultimato.com.br\/sites\/pare-de-conjugar-verbo-sofrer\/wp-json\/wp\/v2\/pages"}],"about":[{"href":"https:\/\/ultimato.com.br\/sites\/pare-de-conjugar-verbo-sofrer\/wp-json\/wp\/v2\/types\/page"}],"author":[{"embeddable":true,"href":"https:\/\/ultimato.com.br\/sites\/pare-de-conjugar-verbo-sofrer\/wp-json\/wp\/v2\/users\/24"}],"replies":[{"embeddable":true,"href":"https:\/\/ultimato.com.br\/sites\/pare-de-conjugar-verbo-sofrer\/wp-json\/wp\/v2\/comments?post=13"}],"version-history":[{"count":2,"href":"https:\/\/ultimato.com.br\/sites\/pare-de-conjugar-verbo-sofrer\/wp-json\/wp\/v2\/pages\/13\/revisions"}],"predecessor-version":[{"id":48,"href":"https:\/\/ultimato.com.br\/sites\/pare-de-conjugar-verbo-sofrer\/wp-json\/wp\/v2\/pages\/13\/revisions\/48"}],"wp:attachment":[{"href":"https:\/\/ultimato.com.br\/sites\/pare-de-conjugar-verbo-sofrer\/wp-json\/wp\/v2\/media?parent=13"}],"curies":[{"name":"wp","href":"https:\/\/api.w.org\/{rel}","templated":true}]}}