{"id":11,"date":"2014-11-06T12:36:02","date_gmt":"2014-11-06T12:36:02","guid":{"rendered":"http:\/\/ultimato.com.br\/sites\/pare-de-conjugar-verbo-sofrer\/?page_id=11"},"modified":"2014-11-06T13:24:19","modified_gmt":"2014-11-06T13:24:19","slug":"o-livro","status":"publish","type":"page","link":"https:\/\/ultimato.com.br\/sites\/pare-de-conjugar-verbo-sofrer\/","title":{"rendered":"O livro"},"content":{"rendered":"<p><iframe loading=\"lazy\" width=\"560\" height=\"315\" src=\"\/\/www.youtube.com\/embed\/aJGhTN9432Q\" frameborder=\"0\" allowfullscreen><\/iframe><\/p>\n<p><strong>Pare de Conjugar o Verbo Sofrer <\/strong>\u00e9 um livro diferente.<\/p>\n<p>Leve e cheio de beleza, assim como a sua vida pode ser.<\/p>\n<p><strong>\u00a0<\/strong><\/p>\n<p><strong>So.frer<\/strong> \u00e9 um verbo.<\/p>\n<p>E \u00e9 voc\u00ea quem decide se vai ou n\u00e3o conjug\u00e1-lo.<\/p>\n<p>&nbsp;<\/p>\n<p>\u00c9 preciso \u2013 e poss\u00edvel \u2013 conjugar outros verbos: confiar, amar, cuidar, reagir, lutar, perdoar, esperar, participar. Trata-se de um novo estilo de vida para enfrentar o sofrimento.<\/p>\n<p>&nbsp;<\/p>\n<p><strong>Pare de Conjugar o Verbo Sofrer <\/strong>mostra uma abordagem nova e radical sobre o sofrimento. Uma leitura profunda e cheia de gra\u00e7a, em que o autor brinca com as palavras ao mesmo tempo em que lhes d\u00e1 sentido b\u00edblico e pr\u00e1tico. Uma resposta essencialmente crist\u00e3 ao sofrimento.<\/p>\n","protected":false},"excerpt":{"rendered":"<p>Pare de Conjugar o Verbo Sofrer \u00e9 um livro diferente. Leve e cheio de beleza, assim como a sua vida pode ser. \u00a0 So.frer \u00e9 um verbo. E \u00e9 voc\u00ea quem decide se vai ou n\u00e3o conjug\u00e1-lo. &nbsp; \u00c9 preciso \u2013 e poss\u00edvel \u2013 conjugar outros verbos: confiar, amar, cuidar, reagir, lutar, perdoar, esperar, participar. [&hellip;]<\/p>\n","protected":false},"author":24,"featured_media":0,"parent":0,"menu_order":0,"comment_status":"closed","ping_status":"open","template":"","meta":{"footnotes":""},"class_list":["post-11","page","type-page","status-publish","hentry"],"_links":{"self":[{"href":"https:\/\/ultimato.com.br\/sites\/pare-de-conjugar-verbo-sofrer\/wp-json\/wp\/v2\/pages\/11","targetHints":{"allow":["GET"]}}],"collection":[{"href":"https:\/\/ultimato.com.br\/sites\/pare-de-conjugar-verbo-sofrer\/wp-json\/wp\/v2\/pages"}],"about":[{"href":"https:\/\/ultimato.com.br\/sites\/pare-de-conjugar-verbo-sofrer\/wp-json\/wp\/v2\/types\/page"}],"author":[{"embeddable":true,"href":"https:\/\/ultimato.com.br\/sites\/pare-de-conjugar-verbo-sofrer\/wp-json\/wp\/v2\/users\/24"}],"replies":[{"embeddable":true,"href":"https:\/\/ultimato.com.br\/sites\/pare-de-conjugar-verbo-sofrer\/wp-json\/wp\/v2\/comments?post=11"}],"version-history":[{"count":3,"href":"https:\/\/ultimato.com.br\/sites\/pare-de-conjugar-verbo-sofrer\/wp-json\/wp\/v2\/pages\/11\/revisions"}],"predecessor-version":[{"id":37,"href":"https:\/\/ultimato.com.br\/sites\/pare-de-conjugar-verbo-sofrer\/wp-json\/wp\/v2\/pages\/11\/revisions\/37"}],"wp:attachment":[{"href":"https:\/\/ultimato.com.br\/sites\/pare-de-conjugar-verbo-sofrer\/wp-json\/wp\/v2\/media?parent=11"}],"curies":[{"name":"wp","href":"https:\/\/api.w.org\/{rel}","templated":true}]}}