{"id":8,"date":"2009-06-05T14:52:29","date_gmt":"2009-06-05T17:52:29","guid":{"rendered":"http:\/\/ultimato.com.br\/blogs\/paralelo10\/?page_id=8"},"modified":"2014-05-14T08:37:19","modified_gmt":"2014-05-14T11:37:19","slug":"missao-integral","status":"publish","type":"page","link":"https:\/\/ultimato.com.br\/sites\/paralelo10\/missao-integral\/","title":{"rendered":"Miss\u00e3o Integral"},"content":{"rendered":"<p>O Paralelo 10 \u00e9 um projeto da <a href=\"http:\/\/www.ultimato.com.br\" target=\"_blank\">Editora Ultimato<\/a> que tem o objetivo de fortalecer lideran\u00e7as do Norte e Nordeste para a pr\u00e1tica da miss\u00e3o integral. Mas o que \u00e9 miss\u00e3o integral?<\/p>\n<p>Para a compreens\u00e3o do que \u00e9 miss\u00e3o integral nos baseamos no Pacto de Lausanne. Este texto \u00e9 fruto do Congresso Mundial de Evangeliza\u00e7\u00e3o, realizado em Lausanne, Su\u00ed\u00e7a, em 1974. Abaixo destacamos alguns pontos do pacto:<\/p>\n<blockquote><p>\u201cAfirmamos a nossa cren\u00e7a no \u00fanico Deus eterno, Criador e Senhor do mundo, Pai, Filho e Esp\u00edrito Santo, que governa <strong>todas as coisas<\/strong> segundo o prop\u00f3sito da sua vontade. Ele tem chamado do mundo um povo para si, enviando-o novamente ao mundo como seus servos e testemunhas, para estender o seu reino, edificar o corpo de Cristo, e tamb\u00e9m para a gl\u00f3ria do seu nome.\u201d<\/p>\n<p>\u201cA mensagem da B\u00edblia destina-se a <strong>toda a humanidade<\/strong>, pois a revela\u00e7\u00e3o de Deus em Cristo e na Escritura \u00e9 imut\u00e1vel. Atrav\u00e9s dela o Esp\u00edrito Santo fala ainda hoje. Ele ilumina as mentes do povo de Deus em <strong>toda cultura<\/strong>, de modo a perceberem a sua verdade, de maneira sempre nova, com os pr\u00f3prios olhos, e assim revela a toda a igreja uma por\u00e7\u00e3o cada vez maior da multiforme sabedoria de Deus.\u201d<\/p>\n<p>\u201cJesus ainda convida todos os que queiram segui-lo e negarem-se a si mesmos, tomarem a cruz e identificarem-se com a sua nova comunidade. Os resultados da evangeliza\u00e7\u00e3o incluem a <strong>obedi\u00eancia a Cristo, o ingresso em sua igreja e um servi\u00e7o respons\u00e1vel no mundo<\/strong>.\u201d<\/p>\n<p>\u201cAfirmamos que Deus \u00e9 o Criador e o Juiz de todos os homens. Portanto, devemos partilhar o seu interesse pela justi\u00e7a e pela concilia\u00e7\u00e3o em toda a sociedade humana, e pela liberta\u00e7\u00e3o dos homens de todo tipo de opress\u00e3o. Porque a humanidade foi feita \u00e0 imagem de Deus, toda pessoa, sem distin\u00e7\u00e3o de ra\u00e7a, religi\u00e3o, cor, cultura, classe social, sexo ou idade, possui uma dignidade intr\u00ednseca em raz\u00e3o da qual deve ser respeitada e servida, e n\u00e3o explorada. Aqui tamb\u00e9m nos arrependemos de nossa neglig\u00eancia e de termos algumas vezes considerado a evangeliza\u00e7\u00e3o e a atividade social mutuamente exclusivas. Embora a reconcilia\u00e7\u00e3o com o homem n\u00e3o seja reconcilia\u00e7\u00e3o com Deus, nem a a\u00e7\u00e3o social evangeliza\u00e7\u00e3o, nem a liberta\u00e7\u00e3o pol\u00edtica salva\u00e7\u00e3o, afirmamos que a evangeliza\u00e7\u00e3o e o envolvimento sociopol\u00edtico s\u00e3o <strong>ambos parte do nosso dever crist\u00e3o<\/strong>. Pois ambos s\u00e3o necess\u00e1rias express\u00f5es de nossas doutrinas acerca de Deus e do homem, de nosso amor por nosso pr\u00f3ximo e de nossa obedi\u00eancia a Jesus Cristo. A mensagem da salva\u00e7\u00e3o implica tamb\u00e9m uma mensagem de ju\u00edzo sobre toda forma de aliena\u00e7\u00e3o, de opress\u00e3o e de discrimina\u00e7\u00e3o, e n\u00e3o devemos ter medo de denunciar o mal e a injusti\u00e7a onde quer que existam. Quando as pessoas recebem Cristo, nascem de novo em seu reino e devem procurar n\u00e3o s\u00f3 evidenciar, mas tamb\u00e9m divulgar a retid\u00e3o do reino em meio a um mundo injusto. A salva\u00e7\u00e3o que alegamos possuir deve estar nos transformando na totalidade de nossas responsabilidades pessoais e sociais. A f\u00e9 sem obras \u00e9 morta.\u201d<br \/>\n\u201cA cultura deve sempre ser julgada e provada pelas Escrituras. Porque o homem \u00e9 criatura de Deus, parte de sua cultura \u00e9 rica em beleza e em bondade; porque ele experimentou a queda, toda a sua cultura est\u00e1 manchada pelo pecado, e parte dela \u00e9 demon\u00edaca. O evangelho n\u00e3o pressup\u00f5e a superioridade de uma cultura sobre a outra, mas avalia todas elas segundo o seu pr\u00f3prio crit\u00e9rio de verdade e justi\u00e7a, e insiste na aceita\u00e7\u00e3o de valores morais absolutos, em todas as culturas.\u201d<\/p>\n<p>\u201cCremos que Jesus Cristo voltar\u00e1 pessoal e visivelmente, em poder e gl\u00f3ria, para consumar a salva\u00e7\u00e3o e o ju\u00edzo. Enquanto isso, rededicamo-nos ao servi\u00e7o de Cristo e dos homens em alegre submiss\u00e3o \u00e0 sua <strong>autoridade sobre a totalidade de nossas vidas<\/strong>.\u201d*<\/p><\/blockquote>\n<p>Leia o <a href=\"http:\/\/www.ultimato.com.br\/pagina\/pacto-de-lausanne\" target=\"_blank\">Pacto de Lausanne<\/a> na \u00edntegra.<\/p>\n<p>*Grifo nosso<\/p>\n","protected":false},"excerpt":{"rendered":"<p>O Paralelo 10 \u00e9 um projeto da Editora Ultimato que tem o objetivo de fortalecer lideran\u00e7as do Norte e Nordeste para a pr\u00e1tica da miss\u00e3o integral. Mas o que \u00e9 miss\u00e3o integral? Para a compreens\u00e3o do que \u00e9 miss\u00e3o integral nos baseamos no Pacto de Lausanne. Este texto \u00e9 fruto do Congresso Mundial de Evangeliza\u00e7\u00e3o, [&hellip;]<\/p>\n","protected":false},"author":2,"featured_media":0,"parent":0,"menu_order":1,"comment_status":"open","ping_status":"closed","template":"","meta":{"ngg_post_thumbnail":0,"footnotes":""},"class_list":["post-8","page","type-page","status-publish","hentry"],"_links":{"self":[{"href":"https:\/\/ultimato.com.br\/sites\/paralelo10\/wp-json\/wp\/v2\/pages\/8","targetHints":{"allow":["GET"]}}],"collection":[{"href":"https:\/\/ultimato.com.br\/sites\/paralelo10\/wp-json\/wp\/v2\/pages"}],"about":[{"href":"https:\/\/ultimato.com.br\/sites\/paralelo10\/wp-json\/wp\/v2\/types\/page"}],"author":[{"embeddable":true,"href":"https:\/\/ultimato.com.br\/sites\/paralelo10\/wp-json\/wp\/v2\/users\/2"}],"replies":[{"embeddable":true,"href":"https:\/\/ultimato.com.br\/sites\/paralelo10\/wp-json\/wp\/v2\/comments?post=8"}],"version-history":[{"count":11,"href":"https:\/\/ultimato.com.br\/sites\/paralelo10\/wp-json\/wp\/v2\/pages\/8\/revisions"}],"predecessor-version":[{"id":3715,"href":"https:\/\/ultimato.com.br\/sites\/paralelo10\/wp-json\/wp\/v2\/pages\/8\/revisions\/3715"}],"wp:attachment":[{"href":"https:\/\/ultimato.com.br\/sites\/paralelo10\/wp-json\/wp\/v2\/media?parent=8"}],"curies":[{"name":"wp","href":"https:\/\/api.w.org\/{rel}","templated":true}]}}