{"id":2,"date":"2009-06-04T12:31:51","date_gmt":"2009-06-04T15:31:51","guid":{"rendered":""},"modified":"2017-01-24T07:49:36","modified_gmt":"2017-01-24T10:49:36","slug":"sobre","status":"publish","type":"page","link":"https:\/\/ultimato.com.br\/sites\/paralelo10\/sobre\/","title":{"rendered":"Paralelo 10"},"content":{"rendered":"<p><img loading=\"lazy\" decoding=\"async\" class=\"right\" src=\"http:\/\/ultimato.com.br\/blogs\/paralelo10\/wp-content\/blogs.dir\/paralelo10\/image\/logo\/so_logo_paralelo10.gif\" alt=\"\" width=\"300\" height=\"245\" align=\"right\" border=\"0\"\/><\/p>\n<p>O Paralelo 10, iniciado em abril de 2008, \u00e9 um projeto da&nbsp;<a href=\"http:\/\/ultimato.com.br\/\" target=\"_blank\">Editora Ultimato<\/a>.&nbsp;Seu objetivo \u00e9 o fortalecimento de lideran\u00e7as do Norte e Nordeste do Brasil para a pr\u00e1tica da miss\u00e3o integral e, por meio de um interc\u00e2mbio entre as regi\u00f5es brasileiras, tornar as igrejas nortistas e nordestinas mais conhecidas e reconhecidas.<\/p>\n<p>O nome Paralelo 10 \u00e9 uma refer\u00eancia ao paralelo que corta alguns estados do Norte e Nordeste.<\/p>\n<p>Por muitos anos o projeto enviou&nbsp;gratuitamente exemplares da revista <strong>Ultimato<\/strong> e outros materiais, como informativos, pesquisas, roteiros de estudo em grupo e outros a milhares de pessoas. Atualmente temos trabalhado com grupos locais de estudo que s\u00e3o coordenados por nossos representantes.<\/p>\n<p>Acreditamos que a troca e divulga\u00e7\u00e3o de boas experi\u00eancias traz um rico aprendizado aos envolvidos nesse projeto, \u00e9 isso que queremos fazer aqui no blog do Paralelo 10. Por aqui publicamos iniciativas, projetos, reflex\u00f5es, imagens, can\u00e7\u00f5es e outras coisas boas realizadas no Norte, Nordeste e outras regi\u00f5es do Brasil. Esse \u00e9 um canal aberto para compartilhar o que tem acontecido nos grupos locais do Paralelo 10; por isso sempre destacamos depoimentos dos participantes e representantes do projeto. Tamb\u00e9m temos apoiado eventos realizados no Norte e Nordeste por meio de divulga\u00e7\u00e3o aqui no blog e em outros meios de comunica\u00e7\u00e3o da Editora Ultimato.<\/p>\n<p>O <em>Conversa Paralela<\/em>, boletim eletr\u00f4nico do Paralelo 10, \u00e9 publicado quinzenalmente e traz os destaques do blog. Para receb\u00ea-lo, cadastre-se <a href=\"http:\/\/www.ultimato.com.br\/boletins\" target=\"_blank\">aqui<\/a>.<\/p>\n<p>Para saber mais sobre o projeto, entre em contato conosco.<\/p>\n<p>&nbsp;<\/p>\n<p><strong>LINHA DO TEMPO<\/strong><br \/>\nConhe\u00e7a um pouco da hist\u00f3ria do Paralelo 10: <strong><a href=\"http:\/\/ultimato.com.br\/sites\/paralelo10\/2015\/05\/a-historia-do-paralelo-10-linha-do-tempo\/\" target=\"_blank\">aqui<\/a><\/strong><\/p>\n","protected":false},"excerpt":{"rendered":"<p>O Paralelo 10, iniciado em abril de 2008, \u00e9 um projeto da&nbsp;Editora Ultimato.&nbsp;Seu objetivo \u00e9 o fortalecimento de lideran\u00e7as do Norte e Nordeste do Brasil para a pr\u00e1tica da miss\u00e3o integral e, por meio de um interc\u00e2mbio entre as regi\u00f5es brasileiras, tornar as igrejas nortistas e nordestinas mais conhecidas e reconhecidas. O nome Paralelo 10 [&hellip;]<\/p>\n","protected":false},"author":2,"featured_media":0,"parent":0,"menu_order":0,"comment_status":"open","ping_status":"closed","template":"","meta":{"ngg_post_thumbnail":0,"footnotes":""},"class_list":["post-2","page","type-page","status-publish","hentry"],"_links":{"self":[{"href":"https:\/\/ultimato.com.br\/sites\/paralelo10\/wp-json\/wp\/v2\/pages\/2","targetHints":{"allow":["GET"]}}],"collection":[{"href":"https:\/\/ultimato.com.br\/sites\/paralelo10\/wp-json\/wp\/v2\/pages"}],"about":[{"href":"https:\/\/ultimato.com.br\/sites\/paralelo10\/wp-json\/wp\/v2\/types\/page"}],"author":[{"embeddable":true,"href":"https:\/\/ultimato.com.br\/sites\/paralelo10\/wp-json\/wp\/v2\/users\/2"}],"replies":[{"embeddable":true,"href":"https:\/\/ultimato.com.br\/sites\/paralelo10\/wp-json\/wp\/v2\/comments?post=2"}],"version-history":[{"count":25,"href":"https:\/\/ultimato.com.br\/sites\/paralelo10\/wp-json\/wp\/v2\/pages\/2\/revisions"}],"predecessor-version":[{"id":5824,"href":"https:\/\/ultimato.com.br\/sites\/paralelo10\/wp-json\/wp\/v2\/pages\/2\/revisions\/5824"}],"wp:attachment":[{"href":"https:\/\/ultimato.com.br\/sites\/paralelo10\/wp-json\/wp\/v2\/media?parent=2"}],"curies":[{"name":"wp","href":"https:\/\/api.w.org\/{rel}","templated":true}]}}