{"id":41,"date":"2014-12-14T00:20:59","date_gmt":"2014-12-14T00:20:59","guid":{"rendered":"http:\/\/ultimato.com.br\/sites\/para-entender-biblia\/?page_id=41"},"modified":"2014-12-14T00:20:59","modified_gmt":"2014-12-14T00:20:59","slug":"release","status":"publish","type":"page","link":"https:\/\/ultimato.com.br\/sites\/para-entender-biblia\/extras\/release\/","title":{"rendered":"Release"},"content":{"rendered":"<p>Aqui est\u00e1 o\u00a0<em>press-release<\/em>\u00a0do livro <strong>Para Entender a B\u00edblia<\/strong>\u00a0para voc\u00ea divulgar no seu site, blog, jornal ou outro meio de comunica\u00e7\u00e3o do seu acesso. Ajude-nos a espalhar este conte\u00fado<\/p>\n<p>\u2013 Arquivo em\u00a0<a href=\"http:\/\/ultimato.com.br\/sites\/para-entender-biblia\/files\/2014\/12\/Release_Para_Entender_Biblia_Dezembro_2014.pdf\" target=\"_blank\">PDF<\/a>.<\/p>\n","protected":false},"excerpt":{"rendered":"<p>Aqui est\u00e1 o\u00a0press-release\u00a0do livro Para Entender a B\u00edblia\u00a0para voc\u00ea divulgar no seu site, blog, jornal ou outro meio de comunica\u00e7\u00e3o do seu acesso. Ajude-nos a espalhar este conte\u00fado \u2013 Arquivo em\u00a0PDF.<\/p>\n","protected":false},"author":24,"featured_media":0,"parent":22,"menu_order":3,"comment_status":"open","ping_status":"open","template":"","meta":{"footnotes":""},"class_list":["post-41","page","type-page","status-publish","hentry"],"_links":{"self":[{"href":"https:\/\/ultimato.com.br\/sites\/para-entender-biblia\/wp-json\/wp\/v2\/pages\/41","targetHints":{"allow":["GET"]}}],"collection":[{"href":"https:\/\/ultimato.com.br\/sites\/para-entender-biblia\/wp-json\/wp\/v2\/pages"}],"about":[{"href":"https:\/\/ultimato.com.br\/sites\/para-entender-biblia\/wp-json\/wp\/v2\/types\/page"}],"author":[{"embeddable":true,"href":"https:\/\/ultimato.com.br\/sites\/para-entender-biblia\/wp-json\/wp\/v2\/users\/24"}],"replies":[{"embeddable":true,"href":"https:\/\/ultimato.com.br\/sites\/para-entender-biblia\/wp-json\/wp\/v2\/comments?post=41"}],"version-history":[{"count":1,"href":"https:\/\/ultimato.com.br\/sites\/para-entender-biblia\/wp-json\/wp\/v2\/pages\/41\/revisions"}],"predecessor-version":[{"id":43,"href":"https:\/\/ultimato.com.br\/sites\/para-entender-biblia\/wp-json\/wp\/v2\/pages\/41\/revisions\/43"}],"up":[{"embeddable":true,"href":"https:\/\/ultimato.com.br\/sites\/para-entender-biblia\/wp-json\/wp\/v2\/pages\/22"}],"wp:attachment":[{"href":"https:\/\/ultimato.com.br\/sites\/para-entender-biblia\/wp-json\/wp\/v2\/media?parent=41"}],"curies":[{"name":"wp","href":"https:\/\/api.w.org\/{rel}","templated":true}]}}