{"id":19,"date":"2014-12-02T00:37:35","date_gmt":"2014-12-02T00:37:35","guid":{"rendered":"http:\/\/ultimato.com.br\/sites\/para-entender-biblia\/?page_id=19"},"modified":"2014-12-02T00:37:35","modified_gmt":"2014-12-02T00:37:35","slug":"o-autor","status":"publish","type":"page","link":"https:\/\/ultimato.com.br\/sites\/para-entender-biblia\/o-autor\/","title":{"rendered":"O autor"},"content":{"rendered":"<p><a href=\"http:\/\/ultimato.com.br\/sites\/para-entender-biblia\/files\/2014\/12\/foto_hs_pcvs.jpg\"><img loading=\"lazy\" decoding=\"async\" class=\"alignleft size-thumbnail wp-image-8\" src=\"http:\/\/ultimato.com.br\/sites\/para-entender-biblia\/files\/2014\/12\/foto_hs_pcvs-150x150.jpg\" alt=\"foto_hs_pcvs\" width=\"150\" height=\"150\" \/><\/a>Conhecido no mundo inteiro como te\u00f3logo, escritor e evangelista, John Stott \u00e9 autor de mais de quarenta livros, incluindo <em>A Miss\u00e3o Crist\u00e3 no Mundo Moderno<\/em>, <em>A B\u00edblia Toda, O Ano Todo<\/em>, <em>Por Que Sou Crist\u00e3o<\/em>, <em>O Disc\u00edpulo Radical<\/em>, <em>Os Crist\u00e3os e os Desafios Contempor\u00e2neos<\/em> e o campe\u00e3o de vendas <a href=\"http:\/\/www.ultimato.com.br\/loja\/produtos\/cristianismo-basico\"><em>Cristianismo B\u00e1sico<\/em><\/a>. Stott foi pastor em\u00e9rito da All Souls Church, em Londres, e fundador do London Institute for Contemporary Christianity. Foi indicado pela revista <em>Time<\/em> como uma das cem personalidades mais influentes do mundo.<\/p>\n","protected":false},"excerpt":{"rendered":"<p>Conhecido no mundo inteiro como te\u00f3logo, escritor e evangelista, John Stott \u00e9 autor de mais de quarenta livros, incluindo A Miss\u00e3o Crist\u00e3 no Mundo Moderno, A B\u00edblia Toda, O Ano Todo, Por Que Sou Crist\u00e3o, O Disc\u00edpulo Radical, Os Crist\u00e3os e os Desafios Contempor\u00e2neos e o campe\u00e3o de vendas Cristianismo B\u00e1sico. Stott foi pastor em\u00e9rito [&hellip;]<\/p>\n","protected":false},"author":24,"featured_media":0,"parent":0,"menu_order":2,"comment_status":"closed","ping_status":"open","template":"","meta":{"footnotes":""},"class_list":["post-19","page","type-page","status-publish","hentry"],"_links":{"self":[{"href":"https:\/\/ultimato.com.br\/sites\/para-entender-biblia\/wp-json\/wp\/v2\/pages\/19","targetHints":{"allow":["GET"]}}],"collection":[{"href":"https:\/\/ultimato.com.br\/sites\/para-entender-biblia\/wp-json\/wp\/v2\/pages"}],"about":[{"href":"https:\/\/ultimato.com.br\/sites\/para-entender-biblia\/wp-json\/wp\/v2\/types\/page"}],"author":[{"embeddable":true,"href":"https:\/\/ultimato.com.br\/sites\/para-entender-biblia\/wp-json\/wp\/v2\/users\/24"}],"replies":[{"embeddable":true,"href":"https:\/\/ultimato.com.br\/sites\/para-entender-biblia\/wp-json\/wp\/v2\/comments?post=19"}],"version-history":[{"count":1,"href":"https:\/\/ultimato.com.br\/sites\/para-entender-biblia\/wp-json\/wp\/v2\/pages\/19\/revisions"}],"predecessor-version":[{"id":20,"href":"https:\/\/ultimato.com.br\/sites\/para-entender-biblia\/wp-json\/wp\/v2\/pages\/19\/revisions\/20"}],"wp:attachment":[{"href":"https:\/\/ultimato.com.br\/sites\/para-entender-biblia\/wp-json\/wp\/v2\/media?parent=19"}],"curies":[{"name":"wp","href":"https:\/\/api.w.org\/{rel}","templated":true}]}}