{"id":16,"date":"2014-12-02T00:36:51","date_gmt":"2014-12-02T00:36:51","guid":{"rendered":"http:\/\/ultimato.com.br\/sites\/para-entender-biblia\/?page_id=16"},"modified":"2014-12-02T00:36:51","modified_gmt":"2014-12-02T00:36:51","slug":"o-que-disseram","status":"publish","type":"page","link":"https:\/\/ultimato.com.br\/sites\/para-entender-biblia\/o-que-disseram\/","title":{"rendered":"O que disseram"},"content":{"rendered":"<blockquote><p>Os segredos da maturidade crist\u00e3 est\u00e3o prontos para serem descobertos nas Escrituras por todos aqueles que os buscam. H\u00e1 uma amplitude na Palavra de Deus que poucos de n\u00f3s conseguem depreender, uma profundidade que raramente sondamos.<\/p><\/blockquote>\n<p>\u2013<em> John Stott<\/em><\/p>\n<p>&nbsp;<\/p>\n<blockquote><p>Ao lan\u00e7ar\u00a0<strong>Para Entender a B\u00edblia<\/strong>, a Scripture Union honra devidamente a mem\u00f3ria de John Stott. No entanto, sei que o autor teria desejado que honr\u00e1ssemos o autor da Palavra, o pr\u00f3prio Deus, e fiz\u00e9ssemos isso por meio do estudo diligente, da obedi\u00eancia volunt\u00e1ria e da proclama\u00e7\u00e3o ousada da B\u00edblia.<\/p><\/blockquote>\n<p>\u2013<em> J<\/em><em>onathan Lamb<br \/>\nDiretor de Langham Preaching e presidente de Keswick Ministries<br \/>\nOxford, agosto de 2011<\/em><\/p>\n","protected":false},"excerpt":{"rendered":"<p>Os segredos da maturidade crist\u00e3 est\u00e3o prontos para serem descobertos nas Escrituras por todos aqueles que os buscam. H\u00e1 uma amplitude na Palavra de Deus que poucos de n\u00f3s conseguem depreender, uma profundidade que raramente sondamos. \u2013 John Stott &nbsp; Ao lan\u00e7ar\u00a0Para Entender a B\u00edblia, a Scripture Union honra devidamente a mem\u00f3ria de John Stott. [&hellip;]<\/p>\n","protected":false},"author":24,"featured_media":0,"parent":0,"menu_order":1,"comment_status":"closed","ping_status":"open","template":"","meta":{"footnotes":""},"class_list":["post-16","page","type-page","status-publish","hentry"],"_links":{"self":[{"href":"https:\/\/ultimato.com.br\/sites\/para-entender-biblia\/wp-json\/wp\/v2\/pages\/16","targetHints":{"allow":["GET"]}}],"collection":[{"href":"https:\/\/ultimato.com.br\/sites\/para-entender-biblia\/wp-json\/wp\/v2\/pages"}],"about":[{"href":"https:\/\/ultimato.com.br\/sites\/para-entender-biblia\/wp-json\/wp\/v2\/types\/page"}],"author":[{"embeddable":true,"href":"https:\/\/ultimato.com.br\/sites\/para-entender-biblia\/wp-json\/wp\/v2\/users\/24"}],"replies":[{"embeddable":true,"href":"https:\/\/ultimato.com.br\/sites\/para-entender-biblia\/wp-json\/wp\/v2\/comments?post=16"}],"version-history":[{"count":1,"href":"https:\/\/ultimato.com.br\/sites\/para-entender-biblia\/wp-json\/wp\/v2\/pages\/16\/revisions"}],"predecessor-version":[{"id":17,"href":"https:\/\/ultimato.com.br\/sites\/para-entender-biblia\/wp-json\/wp\/v2\/pages\/16\/revisions\/17"}],"wp:attachment":[{"href":"https:\/\/ultimato.com.br\/sites\/para-entender-biblia\/wp-json\/wp\/v2\/media?parent=16"}],"curies":[{"name":"wp","href":"https:\/\/api.w.org\/{rel}","templated":true}]}}