{"id":13,"date":"2014-12-02T00:31:32","date_gmt":"2014-12-02T00:31:32","guid":{"rendered":"http:\/\/ultimato.com.br\/sites\/para-entender-biblia\/?page_id=13"},"modified":"2014-12-02T00:34:50","modified_gmt":"2014-12-02T00:34:50","slug":"o-livro","status":"publish","type":"page","link":"https:\/\/ultimato.com.br\/sites\/para-entender-biblia\/","title":{"rendered":"O livro"},"content":{"rendered":"<p><strong>\u00a0<\/strong><strong>Para Entender a B\u00edblia<\/strong> \u00e9 uma das obras mais elucidativas sobre as Escrituras.<\/p>\n<p>O que \u00e9 a B\u00edblia?<\/p>\n<p>Por que ela foi escrita?<\/p>\n<p>Como interpret\u00e1-la?<\/p>\n<p>Para alguns, a B\u00edblia n\u00e3o passa de uma cole\u00e7\u00e3o de mist\u00e9rios e s\u00edmbolos exot\u00e9ricos, ou ainda um punhado de f\u00e1bulas complicadas. Para todos os tipos de leitores, o te\u00f3logo e escritor ingl\u00eas John Stott escreveu <strong>Para Entender a B\u00edblia<\/strong>.<\/p>\n<p><strong>Para Entender a B\u00edblia<\/strong> fala da hist\u00f3ria, da teologia, da autoridade, da geografia e da interpreta\u00e7\u00e3o da B\u00edblia. Dos textos complicados e misteriosos \u00e0s aparentes contradi\u00e7\u00f5es, John Stott guia o leitor pelas p\u00e1ginas das Escrituras desafiando a pr\u00f3pria f\u00e9 e a espiritualidade superficial dos nossos dias.<\/p>\n","protected":false},"excerpt":{"rendered":"<p>\u00a0Para Entender a B\u00edblia \u00e9 uma das obras mais elucidativas sobre as Escrituras. O que \u00e9 a B\u00edblia? Por que ela foi escrita? Como interpret\u00e1-la? Para alguns, a B\u00edblia n\u00e3o passa de uma cole\u00e7\u00e3o de mist\u00e9rios e s\u00edmbolos exot\u00e9ricos, ou ainda um punhado de f\u00e1bulas complicadas. Para todos os tipos de leitores, o te\u00f3logo e [&hellip;]<\/p>\n","protected":false},"author":24,"featured_media":0,"parent":0,"menu_order":0,"comment_status":"closed","ping_status":"open","template":"","meta":{"footnotes":""},"class_list":["post-13","page","type-page","status-publish","hentry"],"_links":{"self":[{"href":"https:\/\/ultimato.com.br\/sites\/para-entender-biblia\/wp-json\/wp\/v2\/pages\/13","targetHints":{"allow":["GET"]}}],"collection":[{"href":"https:\/\/ultimato.com.br\/sites\/para-entender-biblia\/wp-json\/wp\/v2\/pages"}],"about":[{"href":"https:\/\/ultimato.com.br\/sites\/para-entender-biblia\/wp-json\/wp\/v2\/types\/page"}],"author":[{"embeddable":true,"href":"https:\/\/ultimato.com.br\/sites\/para-entender-biblia\/wp-json\/wp\/v2\/users\/24"}],"replies":[{"embeddable":true,"href":"https:\/\/ultimato.com.br\/sites\/para-entender-biblia\/wp-json\/wp\/v2\/comments?post=13"}],"version-history":[{"count":2,"href":"https:\/\/ultimato.com.br\/sites\/para-entender-biblia\/wp-json\/wp\/v2\/pages\/13\/revisions"}],"predecessor-version":[{"id":15,"href":"https:\/\/ultimato.com.br\/sites\/para-entender-biblia\/wp-json\/wp\/v2\/pages\/13\/revisions\/15"}],"wp:attachment":[{"href":"https:\/\/ultimato.com.br\/sites\/para-entender-biblia\/wp-json\/wp\/v2\/media?parent=13"}],"curies":[{"name":"wp","href":"https:\/\/api.w.org\/{rel}","templated":true}]}}