{"id":9,"date":"2012-06-18T09:07:03","date_gmt":"2012-06-18T12:07:03","guid":{"rendered":"http:\/\/ultimato.com.br\/sites\/pais-santos-filhos-nem-tanto\/?page_id=9"},"modified":"2012-06-27T11:06:42","modified_gmt":"2012-06-27T14:06:42","slug":"o-que-disseram","status":"publish","type":"page","link":"https:\/\/ultimato.com.br\/sites\/pais-santos-filhos-nem-tanto\/o-que-disseram\/","title":{"rendered":"O que disseram"},"content":{"rendered":"<blockquote><p><span style=\"color: #000000;\">O modelo de Davi nos alerta para o que podemos evitar como pais \u2014 principalmente para aqueles que tamb\u00e9m ocupam pap\u00e9is de lideran\u00e7a em grupos, comunidades e igrejas. Certamente n\u00e3o \u00e9 sem motivo que este imbr\u00f3glio familiar est\u00e1 registrado no c\u00e2non b\u00edblico.<\/span><\/p>\n<p><span style=\"color: #000000;\">Embora Davi seja chamado na B\u00edblia de \u201co homem segundo o cora\u00e7\u00e3o de Deus\u201d, a narrativa b\u00edblica mostra que isso n\u00e3o foi suficiente para garantir o sucesso dele como pai de fam\u00edlia. Analisamos, nas p\u00e1ginas que se seguem, o porqu\u00ea disto, aventurando-nos a mergulhar nas refer\u00eancias b\u00edblicas que mencionam a constitui\u00e7\u00e3o desta fam\u00edlia, bem como as rela\u00e7\u00f5es de parentesco e os fatores intervenientes que a levaram \u00e0 desgra\u00e7a.<\/span><\/p><\/blockquote>\n<p>&#8211; do pref\u00e1cio<\/p>\n<p>&nbsp;<\/p>\n<p><strong>A in\u00fatil receita para a educa\u00e7\u00e3o dos filhos. Ou quando os pais s\u00e3o \u201csantos\u201d e os filhos \u201cnem tanto\u201d<\/strong><\/p>\n<p>Pel\u00e9, Davi e o bispo t\u00eam algo em comum. E, por mais que os livros de autoajuda insistam, n\u00e3o existe uma receita, e a tarefa de cuidar dos filhos e de educ\u00e1-los provoca, ao mesmo tempo, fasc\u00ednio e medo.<br \/>\nLeia o editorial <a href=\"http:\/\/www.ultimato.com.br\/conteudo\/pele-davi-e-o-bispo-filho-de-quem\" target=\"_blank\">Pel\u00e9 Davi e o bispo. Filho de quem?<\/a><\/p>\n","protected":false},"excerpt":{"rendered":"<p>O modelo de Davi nos alerta para o que podemos evitar como pais \u2014 principalmente para aqueles que tamb\u00e9m ocupam pap\u00e9is de lideran\u00e7a em grupos, comunidades e igrejas. Certamente n\u00e3o \u00e9 sem motivo que este imbr\u00f3glio familiar est\u00e1 registrado no c\u00e2non b\u00edblico. Embora Davi seja chamado na B\u00edblia de \u201co homem segundo o cora\u00e7\u00e3o de [&hellip;]<\/p>\n","protected":false},"author":24,"featured_media":0,"parent":0,"menu_order":3,"comment_status":"open","ping_status":"open","template":"","meta":{"footnotes":""},"class_list":["post-9","page","type-page","status-publish","hentry"],"_links":{"self":[{"href":"https:\/\/ultimato.com.br\/sites\/pais-santos-filhos-nem-tanto\/wp-json\/wp\/v2\/pages\/9","targetHints":{"allow":["GET"]}}],"collection":[{"href":"https:\/\/ultimato.com.br\/sites\/pais-santos-filhos-nem-tanto\/wp-json\/wp\/v2\/pages"}],"about":[{"href":"https:\/\/ultimato.com.br\/sites\/pais-santos-filhos-nem-tanto\/wp-json\/wp\/v2\/types\/page"}],"author":[{"embeddable":true,"href":"https:\/\/ultimato.com.br\/sites\/pais-santos-filhos-nem-tanto\/wp-json\/wp\/v2\/users\/24"}],"replies":[{"embeddable":true,"href":"https:\/\/ultimato.com.br\/sites\/pais-santos-filhos-nem-tanto\/wp-json\/wp\/v2\/comments?post=9"}],"version-history":[{"count":9,"href":"https:\/\/ultimato.com.br\/sites\/pais-santos-filhos-nem-tanto\/wp-json\/wp\/v2\/pages\/9\/revisions"}],"predecessor-version":[{"id":55,"href":"https:\/\/ultimato.com.br\/sites\/pais-santos-filhos-nem-tanto\/wp-json\/wp\/v2\/pages\/9\/revisions\/55"}],"wp:attachment":[{"href":"https:\/\/ultimato.com.br\/sites\/pais-santos-filhos-nem-tanto\/wp-json\/wp\/v2\/media?parent=9"}],"curies":[{"name":"wp","href":"https:\/\/api.w.org\/{rel}","templated":true}]}}