{"id":7,"date":"2012-06-18T09:06:16","date_gmt":"2012-06-18T12:06:16","guid":{"rendered":"http:\/\/ultimato.com.br\/sites\/pais-santos-filhos-nem-tanto\/?page_id=7"},"modified":"2012-06-26T09:38:35","modified_gmt":"2012-06-26T12:38:35","slug":"o-autor","status":"publish","type":"page","link":"https:\/\/ultimato.com.br\/sites\/pais-santos-filhos-nem-tanto\/o-autor\/","title":{"rendered":"Os autores"},"content":{"rendered":"<p><a href=\"http:\/\/ultimato.com.br\/sites\/pais-santos-filhos-nem-tanto\/files\/2012\/06\/foto_hs_psfnt-1.jpg\"><img loading=\"lazy\" decoding=\"async\" class=\"alignright  wp-image-21\" title=\"foto_hs_psfnt (1)\" src=\"http:\/\/ultimato.com.br\/sites\/pais-santos-filhos-nem-tanto\/files\/2012\/06\/foto_hs_psfnt-1-276x300.jpg\" alt=\"\" width=\"172\" height=\"187\" srcset=\"https:\/\/ultimato.com.br\/sites\/pais-santos-filhos-nem-tanto\/files\/2012\/06\/foto_hs_psfnt-1-276x300.jpg 276w, https:\/\/ultimato.com.br\/sites\/pais-santos-filhos-nem-tanto\/files\/2012\/06\/foto_hs_psfnt-1.jpg 442w\" sizes=\"auto, (max-width: 172px) 100vw, 172px\" \/><\/a><\/p>\n<p><strong>Carlos \u201cCatito\u201d Grzybowski <\/strong>\u00e9 psic\u00f3logo, terapeuta familiar, mestre e doutor em psicologia, casado com <strong>Dagmar Fuchs Grzybowski<\/strong>, tamb\u00e9m psic\u00f3loga e terapeuta familiar. Ambos coordenam o minist\u00e9rio de EIRENE do Brasil. Catito \u00e9 autor de <em>Como se Livrar de um Mau Casamento<\/em> e <em>Macho e F\u00eamea os Criou<\/em>, entre outros.<\/p>\n","protected":false},"excerpt":{"rendered":"<p>Carlos \u201cCatito\u201d Grzybowski \u00e9 psic\u00f3logo, terapeuta familiar, mestre e doutor em psicologia, casado com Dagmar Fuchs Grzybowski, tamb\u00e9m psic\u00f3loga e terapeuta familiar. Ambos coordenam o minist\u00e9rio de EIRENE do Brasil. Catito \u00e9 autor de Como se Livrar de um Mau Casamento e Macho e F\u00eamea os Criou, entre outros.<\/p>\n","protected":false},"author":24,"featured_media":0,"parent":0,"menu_order":2,"comment_status":"open","ping_status":"open","template":"","meta":{"footnotes":""},"class_list":["post-7","page","type-page","status-publish","hentry"],"_links":{"self":[{"href":"https:\/\/ultimato.com.br\/sites\/pais-santos-filhos-nem-tanto\/wp-json\/wp\/v2\/pages\/7","targetHints":{"allow":["GET"]}}],"collection":[{"href":"https:\/\/ultimato.com.br\/sites\/pais-santos-filhos-nem-tanto\/wp-json\/wp\/v2\/pages"}],"about":[{"href":"https:\/\/ultimato.com.br\/sites\/pais-santos-filhos-nem-tanto\/wp-json\/wp\/v2\/types\/page"}],"author":[{"embeddable":true,"href":"https:\/\/ultimato.com.br\/sites\/pais-santos-filhos-nem-tanto\/wp-json\/wp\/v2\/users\/24"}],"replies":[{"embeddable":true,"href":"https:\/\/ultimato.com.br\/sites\/pais-santos-filhos-nem-tanto\/wp-json\/wp\/v2\/comments?post=7"}],"version-history":[{"count":6,"href":"https:\/\/ultimato.com.br\/sites\/pais-santos-filhos-nem-tanto\/wp-json\/wp\/v2\/pages\/7\/revisions"}],"predecessor-version":[{"id":23,"href":"https:\/\/ultimato.com.br\/sites\/pais-santos-filhos-nem-tanto\/wp-json\/wp\/v2\/pages\/7\/revisions\/23"}],"wp:attachment":[{"href":"https:\/\/ultimato.com.br\/sites\/pais-santos-filhos-nem-tanto\/wp-json\/wp\/v2\/media?parent=7"}],"curies":[{"name":"wp","href":"https:\/\/api.w.org\/{rel}","templated":true}]}}