{"id":4,"date":"2012-06-18T09:01:14","date_gmt":"2012-06-18T12:01:14","guid":{"rendered":"http:\/\/ultimato.com.br\/sites\/pais-santos-filhos-nem-tanto\/?page_id=4"},"modified":"2012-08-24T12:07:17","modified_gmt":"2012-08-24T15:07:17","slug":"o-livro","status":"publish","type":"page","link":"https:\/\/ultimato.com.br\/sites\/pais-santos-filhos-nem-tanto\/","title":{"rendered":"O Livro"},"content":{"rendered":"<p>Quem n\u00e3o gostaria de ter uma receita infal\u00edvel para a cria\u00e7\u00e3o de filhos?<\/p>\n<p><strong>Pais Santos, Filhos Nem Tanto<\/strong> mostra uma \u201cfam\u00edlia de verdade\u201d, com erros e acertos, sua din\u00e2mica interna e as verdades b\u00edblicas sobre as quais devemos nos debru\u00e7ar para aprender melhor sobre a tarefa de cuidar e educar filhos.<\/p>\n<p>Nem mesmo o fato de Davi ser chamado na B\u00edblia de \u201chomem segundo o cora\u00e7\u00e3o de Deus\u201d garantiu ao rei de Israel sucesso como pai. Por qu\u00ea? O que o modelo de Davi, as rela\u00e7\u00f5es familiares e outros aspectos descritos na narrativa b\u00edblica nos dizem?<\/p>\n<p>&nbsp;<\/p>\n<p><iframe loading=\"lazy\" src=\"http:\/\/www.youtube.com\/embed\/azzZ-I-nPBQ\" frameborder=\"0\" width=\"300\" height=\"200\"><\/iframe><\/p>\n<p><strong><br \/>\nEntrevista de Carlos \u201cCatito\u201d Grzybowski \u00a0ao Instituto Jetro<\/strong><\/p>\n<p><em>Publicado em 17\/08\/2012<\/em><\/p>\n<p>Quem n\u00e3o gostaria de ter uma receita infal\u00edvel para a cria\u00e7\u00e3o de filhos? O livro <strong>Pais Santos, Filhos Nem Tanto<\/strong> mostra uma \u201cfam\u00edlia de verdade\u201d, com erros e acertos, sua din\u00e2mica interna e as verdades b\u00edblicas sobre as quais devemos nos debru\u00e7ar para aprender melhor sobre a tarefa de cuidar e educar filhos.<\/p>\n<p>Nem mesmo o fato de Davi ser chamado na B\u00edblia de \u201chomem segundo o cora\u00e7\u00e3o de Deus\u201d garantiu ao rei de Israel sucesso como pai. Por qu\u00ea? O que o modelo de Davi, as rela\u00e7\u00f5es familiares e outros aspectos descritos na narrativa b\u00edblica nos dizem?<\/p>\n<p>Para falar sobre esta realidade dual, o <a title=\"Site do Instituto Jetro\" href=\"http:\/\/www.institutojetro.com\/\" target=\"_blank\">Instituto Jetro<\/a> entrevistou o Prof. Dr. Carlos &#8220;Catito&#8221; Grzybowski.<\/p>\n<p>Carlos &#8220;Catito&#8221; Grzybowski \u00e9 psic\u00f3logo e terapeuta familiar, mestre em Psicologia da Adolesc\u00eancia, PhD e doutor em Lingu\u00edstica Aplicada.Coordenador de <a title=\"Eirene do Brasil\" href=\"http:\/\/www.eirene.com.br\/\" target=\"_blank\">EIRENE do Brasil<\/a>\u00a0e Assessor para Assuntos Internacionais do <a title=\"CPPC\" href=\"http:\/\/www.cppc.org.br\/\" target=\"_blank\">CPPC<\/a>. Escritor dos livros: &#8220;Familia: crise\u00a0 e crescimento&#8221;, &#8220;De ben\u00e7\u00e3os e trai\u00e7\u00f5es&#8221;, &#8220;Como se livrar de um mau casamento&#8221;, &#8220;Macho e f\u00eamea os criou &#8211; celebrando a sexualidade&#8221;, &#8220;<a title=\"Livros de Carlos Catito Grzybowski\" href=\"http:\/\/www.ultimato.com.br\/loja\/catalogo\/busca\/carlos+catito\" target=\"_blank\">Pais santos, filhos nem tanto &#8211; a trajet\u00f3ria de um pai segundo o cora\u00e7\u00e3o de Deus<\/a>.&#8221;<\/p>\n<table border=\"0\" cellpadding=\"0\" align=\"left\">\n<tbody>\n<tr>\n<td><\/td>\n<\/tr>\n<\/tbody>\n<\/table>\n<p><strong>Por que este livro: &#8220;Pais santos, filhos nem tanto&#8221;? <\/strong><\/p>\n<p><strong>Catito &#8211;<\/strong> A ideia de escrever o livro <strong>Pais santos, filhos nem tanto<\/strong> surgiu depois que eu ouvi, ainda nos anos 90, uma prega\u00e7\u00e3o do Pr. Caio F\u00e1bio a respeito deste assunto e li o livreto que ele escreveu deste serm\u00e3o. Ent\u00e3o comecei a estudar, junto com minha esposa, a partir do enfoque sist\u00eamico, a fam\u00edlia de Davi. Descobrimos ent\u00e3o, muitos aspectos disfuncionais que contribu\u00edram para a desgra\u00e7a familiar de Davi. N\u00e3o t\u00ednhamos a inten\u00e7\u00e3o de escrever um manual sobre educa\u00e7\u00e3o de filhos como j\u00e1 existem muitos na prateleira, mas analisar como Davi, um homem devoto a Deus, excelente rei, estrategista pol\u00edtico e militar, cometeu tantos erros como pai. \u00c9 preciso olhar para o modelo familiar de Davi, e partir da\u00ed lan\u00e7ar luz sobre as pr\u00f3prias din\u00e2micas familiares a fim de n\u00e3o cair nas mesmas armadilhas que ele caiu.<\/p>\n<p><strong>Qual a &#8220;receita&#8221; para criarmos filhos tementes ao Senhor?<br \/>\nCatito &#8211;<\/strong> Um psic\u00f3logo e terapeuta familiar argentino, Daniel Schipanni, em um de seus livros intitulados \u2018Nuestros hijos e sus necesidades basicas&#8217; diz que o MELHOR que um pai pode fazer por seu filho \u00e9 AMAR A M\u00c3E DESTE FILHO (sua esposa), e o melhor que uma m\u00e3e pode fazer por seu filho \u00e9 amar o pai desta crian\u00e7a (seu marido). E ainda: <em>&#8220;O amor entre os pais condiciona a capacidade de amar por parte dos filhos. Saber que seus pais se amam traz seguran\u00e7a, estabilidade, respeito e gozo pela vida. Desta forma, abrem o caminho para que possam compreender o amor de Deus ou a beleza do sexo, entre outras coisas&#8221;.<\/em> Essa para mim \u00e9 a melhor &#8220;receita&#8221;.<\/p>\n<p><strong>Davi um &#8220;homem segundo o cora\u00e7\u00e3o de Deus&#8221;, falhou como pai. Como pessoas que tem \u00f3timo relacionamento com Deus podem ter fracassos na vida familiar?<br \/>\nCatito &#8211;<\/strong>\u00a0No texto central de Deuteron\u00f4mio &#8211; o SHEM\u00c1 &#8211; descrito no cap\u00edtulo 6, versos 5 a 7, a Palavra de Deus afirma que devemos falar &#8220;assentado em casa&#8221;; ensino formal, contando hist\u00f3rias, lendo a B\u00edblia, &#8220;andando pelo caminho&#8221;; aproveitar as muitas horas que passamos no tr\u00e2nsito e na rua conversando sobre coisas que vemos juntos, avaliando no contexto o que \u00e9 certo e errado, &#8220;deitando-te e levantando-te&#8221;; isso resume que em todos os momentos devemos estar prontos para ensinar, orar e vivenciar nossa f\u00e9. Parece-me que Davi n\u00e3o tinha este momento especial com seus filhos, pois estava muito ocupado guerreando ou gerindo o reino de Israel. Os filhos tinham um rei a quem admirar, um compositor a quem apreciar, mas n\u00e3o tinham um pai a quem recorrer com suas &#8220;infantilidades&#8221;. Davi foi o &#8220;homem segundo o cora\u00e7\u00e3o de Deus&#8221;, mas n\u00e3o soube transmitir esta vivencia aos seus filhos<strong>.<\/strong><\/p>\n<p><strong>No livro voc\u00ea utiliza-se de uma an\u00e1lise com enfoque sist\u00eamico. Por qu\u00ea?<br \/>\nCatito &#8211;<\/strong>\u00a0Esse \u00e9 o enfoque com o qual trabalho h\u00e1 30 anos com casais e fam\u00edlias. N\u00e3o \u00e9 poss\u00edvel descrever os detalhes de tal enfoque, mas acredito que o mesmo \u00e9 o que mais se aproxima de uma vis\u00e3o INTEGRAL do ser humano e que parte do princ\u00edpio que somos seres criados para viver EM RELA\u00c7\u00c3O, portanto, neste sentido aproxima-se da antropologia hebraico-crist\u00e3 tamb\u00e9m.<\/p>\n<p><strong>Como disse, Davi era \u00edntimo de Deus, um excelente estrategista. O que o cegou tanto a ponto de n\u00e3o perceber\/agir a respeito do que estava acontecendo com seus filhos?<br \/>\nCatito &#8211;<\/strong> Na minha interpreta\u00e7\u00e3o basicamente Davi n\u00e3o teve a coragem de confrontar seus filhos com seus pecados, talvez porque ele n\u00e3o havia perdoado a si pr\u00f3prio pelo pecado cometido com Bate-Seba, Deus j\u00e1 o havia perdoado, mas Davi talvez n\u00e3o conseguiu aceitar este perd\u00e3o plenamente, assim se sentia impotente para repreender os seus filhos, o que gerou toda a cat\u00e1strofe familiar.<\/p>\n<p><strong>Alguns l\u00edderes dir\u00e3o: &#8220;a culpa \u00e9 do diabo&#8221;. O que pensa a respeito?<br \/>\nCatito &#8211;<\/strong>\u00a0 Sem d\u00favida que o diabo, como o pr\u00f3prio Senhor Jesus afirmou, vem para roubar, matar e DESTRUIR, e vai aproveitar todas as oportunidades que puder para atingir seus intentos. Mas tamb\u00e9m a B\u00edblia \u00e9 clara em dizer que se resistirmos ao diabo ele FUGIR\u00c1 de n\u00f3s (Tiago 4:7). Nada mais &#8220;apavora&#8221; o diabo que a express\u00e3o do amor genu\u00edno e INCONDICIONAL manifesto nas rela\u00e7\u00f5es humanas &#8211; que \u00e9 o mandamento que Jesus equiparou ao amor a Deus (Mateus 22:39). Na forma concreta este amor se manifesta na dedica\u00e7\u00e3o e tempo que dispensamos para estarmos interessadamente atentos aos outros &#8211; principalmente nosso c\u00f4njuge e filhos!<\/p>\n<p><strong>Quais os principais erros e acertos da fam\u00edlia de Davi?<br \/>\nCatito &#8211;<\/strong>\u00a0 Em geral na fam\u00edlias, os pr\u00f3prios filhos d\u00e3o as dicas de que as coisas n\u00e3o est\u00e3o bem! Quando um filho muda seu comportamento de forma estranha, \u00e9 necess\u00e1rio estar atento e procurar um caminho para que o jovem possa se abrir e revelar o que o est\u00e1 afligindo. Ao verificarmos a vida dos<strong> <\/strong>filhos de Davi, percebemos que eles deram muitas dicas ao seu pai de que as coisas n\u00e3o estavam bem. Mas Davi foi incapaz de enfrentar os problemas, que inclu\u00edram incesto, homic\u00eddio e rebeldia expl\u00edcita, ele simplesmente se OMITIU, fez de conta que n\u00e3o estava acontecendo nada, delegou ao av\u00f4 de Absal\u00e3o, Talmai, que trouxesse o filho \u00e0 raz\u00e3o. Delegou a Joabe a responsabilidade de trazer Absal\u00e3o de volta a Jerusal\u00e9m. O resultado foi extremamente desastroso, resultou na morte de dois de seus<strong> <\/strong>filhos al\u00e9m da desonra da filha<strong>.<\/strong> Resumindo: omiss\u00e3o na constru\u00e7\u00e3o ativa de um relacionamento entre pai e filho e o delegar a educa\u00e7\u00e3o dos filhos a terceiros foram os principais erros desta fam\u00edlia. Por paradoxal que pare\u00e7a, o mais acertado em toda esta confus\u00e3o foram as condutas (iniciais) disfuncionais de Absal\u00e3o, porque elas estavam DENUNCIANDO algo que n\u00e3o estava bem na fam\u00edlia &#8211; entretanto Absal\u00e3o tamb\u00e9m n\u00e3o soube traduzir esta sua inquieta\u00e7\u00e3o e sensibilidade em um di\u00e1logo maduro e prof\u00edcuo com o pai<strong>.<\/strong><\/p>\n<p><strong>Sobre quais verdade b\u00edblicas devemos nos debru\u00e7ar para aprender melhor sobre a tarefa de cuidar e educar filhos?<br \/>\nCatito &#8211;<\/strong> Como citei acima, basta se ater ao SHEM\u00c1 de Deuteron\u00f4mio 6. Verifico que grande parte dos pais n\u00e3o dedica tempo para falar de Deus, dos valores do evangelho, da sua pr\u00f3pria f\u00e9, do que Deus faz e fez em suas pr\u00f3prias vidas aos<strong> <\/strong>filhos. A viv\u00eancia crist\u00e3 tem de ser integrada com a educa\u00e7\u00e3o de uma forma natural, os filhos tem antenas que percebem quando se ensina algo que n\u00e3o se pratica. O exerc\u00edcio da f\u00e9 deve permear todos os momentos da vida, norteando as atitudes que se tomam no dia a dia. Se os pais n\u00e3o t\u00eam temor do Senhor, se eles n\u00e3o amam a Deus acima de todas as coisas vai ser muito dif\u00edcil ensinar aos<strong> <\/strong>filhos uma f\u00e9 que n\u00e3o praticam.<\/p>\n<p><strong>Quais as li\u00e7\u00f5es que esta desarmonia familiar na casa de Davi pode ensinar para aqueles que exercem lideran\u00e7a?<br \/>\nCatito &#8211;<\/strong>\u00a0 A simples verdade dita por Paulo a Tim\u00f3teo (1 Tm 3.5) &#8211; qualquer l\u00edder deve saber PRIMEIRO governar sua pr\u00f3pria casa. Lembro que no Novo Testamento existe somente UM modelo de lideran\u00e7a apontada por Jesus: o l\u00edder SERVO! (Jo\u00e3o 13.12-17). Esse ponto \u00e9 delicado pois nosso machismo hist\u00f3rico sempre aponta para a id\u00e9ia que os pais devem ser servidos no lar &#8211; a B\u00edblia aponta o contr\u00e1rio! Nesse sentido a sujei\u00e7\u00e3o \u00e9 m\u00fatua (Ef\u00e9sios 5.21) e a lideran\u00e7a \u00e9 sempre de servi\u00e7o &#8211; qual filho que n\u00e3o vai querer seguir um l\u00edder\/pai que d\u00e1 a sua VIDA (tempo, interesses, etc.) em favor dele??? Dar a vida significa SIM morrer &#8211; para o tempo, interesses, etc., que usar\u00edamos em NOSSO favor para o usarmos em favor de nossos filhos e nosso c\u00f4njuge. O dif\u00edcil \u00e9 acreditar que depois destas pequenas &#8220;mortes&#8221; SEMPRE haver\u00e1 RESSUREI\u00c7\u00c3O &#8211; para algo mais glorioso, pois a ess\u00eancia do ensino b\u00edblico \u00e9 que N\u00c3O H\u00c1 MORTE SEM RESSUREI\u00c7\u00c3O! Realmente somos homens de pequena f\u00e9!<\/p>\n<p>Fonte: <a href=\"http:\/\/www.institutojetro.com\/Entrevistas\/lendoentrevista.asp?a=3593\">http:\/\/www.institutojetro.com\/Entrevistas\/lendoentrevista.asp?a=3593<\/a><\/p>\n","protected":false},"excerpt":{"rendered":"<p>Quem n\u00e3o gostaria de ter uma receita infal\u00edvel para a cria\u00e7\u00e3o de filhos? Pais Santos, Filhos Nem Tanto mostra uma \u201cfam\u00edlia de verdade\u201d, com erros e acertos, sua din\u00e2mica interna e as verdades b\u00edblicas sobre as quais devemos nos debru\u00e7ar para aprender melhor sobre a tarefa de cuidar e educar filhos. Nem mesmo o fato [&hellip;]<\/p>\n","protected":false},"author":24,"featured_media":0,"parent":0,"menu_order":1,"comment_status":"open","ping_status":"open","template":"","meta":{"footnotes":""},"class_list":["post-4","page","type-page","status-publish","hentry"],"_links":{"self":[{"href":"https:\/\/ultimato.com.br\/sites\/pais-santos-filhos-nem-tanto\/wp-json\/wp\/v2\/pages\/4","targetHints":{"allow":["GET"]}}],"collection":[{"href":"https:\/\/ultimato.com.br\/sites\/pais-santos-filhos-nem-tanto\/wp-json\/wp\/v2\/pages"}],"about":[{"href":"https:\/\/ultimato.com.br\/sites\/pais-santos-filhos-nem-tanto\/wp-json\/wp\/v2\/types\/page"}],"author":[{"embeddable":true,"href":"https:\/\/ultimato.com.br\/sites\/pais-santos-filhos-nem-tanto\/wp-json\/wp\/v2\/users\/24"}],"replies":[{"embeddable":true,"href":"https:\/\/ultimato.com.br\/sites\/pais-santos-filhos-nem-tanto\/wp-json\/wp\/v2\/comments?post=4"}],"version-history":[{"count":7,"href":"https:\/\/ultimato.com.br\/sites\/pais-santos-filhos-nem-tanto\/wp-json\/wp\/v2\/pages\/4\/revisions"}],"predecessor-version":[{"id":24,"href":"https:\/\/ultimato.com.br\/sites\/pais-santos-filhos-nem-tanto\/wp-json\/wp\/v2\/pages\/4\/revisions\/24"}],"wp:attachment":[{"href":"https:\/\/ultimato.com.br\/sites\/pais-santos-filhos-nem-tanto\/wp-json\/wp\/v2\/media?parent=4"}],"curies":[{"name":"wp","href":"https:\/\/api.w.org\/{rel}","templated":true}]}}