{"id":8,"date":"2013-02-02T21:31:48","date_gmt":"2013-02-02T23:31:48","guid":{"rendered":"http:\/\/ultimato.com.br\/sites\/oracao-nossa-de-cada-dia\/?page_id=8"},"modified":"2013-02-05T09:31:11","modified_gmt":"2013-02-05T11:31:11","slug":"o-autor","status":"publish","type":"page","link":"https:\/\/ultimato.com.br\/sites\/oracao-nossa-de-cada-dia\/o-autor\/","title":{"rendered":"O Autor"},"content":{"rendered":"<p><a href=\"http:\/\/ultimato.com.br\/sites\/oracao-nossa-de-cada-dia\/files\/2013\/02\/foto_hs_oracao.jpg\"><img loading=\"lazy\" decoding=\"async\" class=\"alignright  wp-image-36\" alt=\"foto_hs_oracao\" src=\"http:\/\/ultimato.com.br\/sites\/oracao-nossa-de-cada-dia\/files\/2013\/02\/foto_hs_oracao.jpg\" width=\"168\" height=\"182\" srcset=\"https:\/\/ultimato.com.br\/sites\/oracao-nossa-de-cada-dia\/files\/2013\/02\/foto_hs_oracao.jpg 442w, https:\/\/ultimato.com.br\/sites\/oracao-nossa-de-cada-dia\/files\/2013\/02\/foto_hs_oracao-276x300.jpg 276w\" sizes=\"auto, (max-width: 168px) 100vw, 168px\" \/><\/a>Carlos Queiroz \u00e9 pastor da Igreja de Cristo no Brasil e professor de missiologia e realidade brasileira no Semin\u00e1rio Teol\u00f3gico de Fortaleza. Foi diretor executivo da Vis\u00e3o Mundial Brasil e presidente do Congresso Brasileiro de Evangeliza\u00e7\u00e3o (CBE2). \u00c9 tamb\u00e9m autor de\u00a0<i>Ser \u00e9 o Bastante \u2013 felicidade \u00e0 luz do Serm\u00e3o do Monte<\/i> e <em>Eles Herdar\u00e3o a Terra<\/em>.<\/p>\n","protected":false},"excerpt":{"rendered":"<p>Carlos Queiroz \u00e9 pastor da Igreja de Cristo no Brasil e professor de missiologia e realidade brasileira no Semin\u00e1rio Teol\u00f3gico de Fortaleza. Foi diretor executivo da Vis\u00e3o Mundial Brasil e presidente do Congresso Brasileiro de Evangeliza\u00e7\u00e3o (CBE2). \u00c9 tamb\u00e9m autor de\u00a0Ser \u00e9 o Bastante \u2013 felicidade \u00e0 luz do Serm\u00e3o do Monte e Eles Herdar\u00e3o [&hellip;]<\/p>\n","protected":false},"author":24,"featured_media":0,"parent":0,"menu_order":2,"comment_status":"open","ping_status":"open","template":"","meta":{"footnotes":""},"class_list":["post-8","page","type-page","status-publish","hentry"],"_links":{"self":[{"href":"https:\/\/ultimato.com.br\/sites\/oracao-nossa-de-cada-dia\/wp-json\/wp\/v2\/pages\/8","targetHints":{"allow":["GET"]}}],"collection":[{"href":"https:\/\/ultimato.com.br\/sites\/oracao-nossa-de-cada-dia\/wp-json\/wp\/v2\/pages"}],"about":[{"href":"https:\/\/ultimato.com.br\/sites\/oracao-nossa-de-cada-dia\/wp-json\/wp\/v2\/types\/page"}],"author":[{"embeddable":true,"href":"https:\/\/ultimato.com.br\/sites\/oracao-nossa-de-cada-dia\/wp-json\/wp\/v2\/users\/24"}],"replies":[{"embeddable":true,"href":"https:\/\/ultimato.com.br\/sites\/oracao-nossa-de-cada-dia\/wp-json\/wp\/v2\/comments?post=8"}],"version-history":[{"count":3,"href":"https:\/\/ultimato.com.br\/sites\/oracao-nossa-de-cada-dia\/wp-json\/wp\/v2\/pages\/8\/revisions"}],"predecessor-version":[{"id":37,"href":"https:\/\/ultimato.com.br\/sites\/oracao-nossa-de-cada-dia\/wp-json\/wp\/v2\/pages\/8\/revisions\/37"}],"wp:attachment":[{"href":"https:\/\/ultimato.com.br\/sites\/oracao-nossa-de-cada-dia\/wp-json\/wp\/v2\/media?parent=8"}],"curies":[{"name":"wp","href":"https:\/\/api.w.org\/{rel}","templated":true}]}}