{"id":76,"date":"2013-03-04T09:55:53","date_gmt":"2013-03-04T11:55:53","guid":{"rendered":"http:\/\/ultimato.com.br\/sites\/oracao-nossa-de-cada-dia\/?page_id=76"},"modified":"2013-03-04T09:55:53","modified_gmt":"2013-03-04T11:55:53","slug":"release","status":"publish","type":"page","link":"https:\/\/ultimato.com.br\/sites\/oracao-nossa-de-cada-dia\/extras\/release\/","title":{"rendered":"Release"},"content":{"rendered":"<p>Aqui est\u00e1 o <em>press-release<\/em> do livro <strong>Ora\u00e7\u00e3o Nossa de Cada Dia<\/strong> para voc\u00ea divulgar no seu site, blog, jornal ou outro meio de comunica\u00e7\u00e3o do seu acesso. Ajude-nos a espalhar este conte\u00fado que se faz t\u00e3o necess\u00e1rio para nossa caminhada di\u00e1ria.<\/p>\n<p>&#8211; Arquivo em <a href=\"http:\/\/editoraultimato.com.br\/downloads\/oracao-nossa-de-cada-dia\/Release_Oracao_Nossa_Fev_2013.pdf\" target=\"_blank\">PDF<\/a>.<\/p>\n<p>&#8211; Arquivo em <a href=\"http:\/\/editoraultimato.com.br\/downloads\/oracao-nossa-de-cada-dia\/Release_Oracao_Nossa_Fev_2013.zip\" target=\"_blank\">DOC<\/a> (.zip).<\/p>\n","protected":false},"excerpt":{"rendered":"<p>Aqui est\u00e1 o press-release do livro Ora\u00e7\u00e3o Nossa de Cada Dia para voc\u00ea divulgar no seu site, blog, jornal ou outro meio de comunica\u00e7\u00e3o do seu acesso. Ajude-nos a espalhar este conte\u00fado que se faz t\u00e3o necess\u00e1rio para nossa caminhada di\u00e1ria. &#8211; Arquivo em PDF. &#8211; Arquivo em DOC (.zip).<\/p>\n","protected":false},"author":8,"featured_media":0,"parent":12,"menu_order":5,"comment_status":"open","ping_status":"open","template":"","meta":{"footnotes":""},"class_list":["post-76","page","type-page","status-publish","hentry"],"_links":{"self":[{"href":"https:\/\/ultimato.com.br\/sites\/oracao-nossa-de-cada-dia\/wp-json\/wp\/v2\/pages\/76","targetHints":{"allow":["GET"]}}],"collection":[{"href":"https:\/\/ultimato.com.br\/sites\/oracao-nossa-de-cada-dia\/wp-json\/wp\/v2\/pages"}],"about":[{"href":"https:\/\/ultimato.com.br\/sites\/oracao-nossa-de-cada-dia\/wp-json\/wp\/v2\/types\/page"}],"author":[{"embeddable":true,"href":"https:\/\/ultimato.com.br\/sites\/oracao-nossa-de-cada-dia\/wp-json\/wp\/v2\/users\/8"}],"replies":[{"embeddable":true,"href":"https:\/\/ultimato.com.br\/sites\/oracao-nossa-de-cada-dia\/wp-json\/wp\/v2\/comments?post=76"}],"version-history":[{"count":1,"href":"https:\/\/ultimato.com.br\/sites\/oracao-nossa-de-cada-dia\/wp-json\/wp\/v2\/pages\/76\/revisions"}],"predecessor-version":[{"id":77,"href":"https:\/\/ultimato.com.br\/sites\/oracao-nossa-de-cada-dia\/wp-json\/wp\/v2\/pages\/76\/revisions\/77"}],"up":[{"embeddable":true,"href":"https:\/\/ultimato.com.br\/sites\/oracao-nossa-de-cada-dia\/wp-json\/wp\/v2\/pages\/12"}],"wp:attachment":[{"href":"https:\/\/ultimato.com.br\/sites\/oracao-nossa-de-cada-dia\/wp-json\/wp\/v2\/media?parent=76"}],"curies":[{"name":"wp","href":"https:\/\/api.w.org\/{rel}","templated":true}]}}