{"id":71,"date":"2013-03-01T18:06:53","date_gmt":"2013-03-01T20:06:53","guid":{"rendered":"http:\/\/ultimato.com.br\/sites\/oracao-nossa-de-cada-dia\/?page_id=71"},"modified":"2013-03-06T14:46:04","modified_gmt":"2013-03-06T16:46:04","slug":"ore","status":"publish","type":"page","link":"https:\/\/ultimato.com.br\/sites\/oracao-nossa-de-cada-dia\/ore\/","title":{"rendered":"Ore!"},"content":{"rendered":"<p style=\"text-align: right;\"><em>&#8220;Orar \u00e9 descer com a mente ao cora\u00e7\u00e3o e ali ficar diante da face do Senhor, onipresente, onividente dentro de n\u00f3s.&#8221; <\/em><\/p>\n<p style=\"text-align: right;\">Te\u00f3fano, m\u00edstico russo<\/p>\n<p>&nbsp;<\/p>\n<p>Este \u00e9 um lugar especial dentro do hotsite. Mais do que um espa\u00e7o promocional, encontramos aqui incentivos para a pr\u00e1tica da ora\u00e7\u00e3o. N\u00e3o s\u00f3 para as &#8220;ora\u00e7\u00f5es-conversas&#8221;, tempo e espa\u00e7o definidos para comunh\u00e3o com Deus, mas tamb\u00e9m para a &#8220;ora\u00e7\u00e3o do cora\u00e7\u00e3o&#8221;, nas palavras de Henri Nouwen, ou ora\u00e7\u00e3o vivida. Conhe\u00e7a e baixe o material que preparamos.<\/p>\n<p>Que Deus nos ajude a viver uma vida integralmente guiada por ele, e que a ora\u00e7\u00e3o seja um dos canais para isso.<\/p>\n<p>&gt;&gt; Artigos de edi\u00e7\u00f5es anteriores de <strong>Ultimato<\/strong><\/p>\n<p style=\"padding-left: 30px;\">&#8211; <a href=\"http:\/\/www.ultimato.com.br\/revista\/artigos\/336\/a-oracao-e-a-boa-vontade-de-deus\" target=\"_blank\">A ora\u00e7\u00e3o e a boa vontade de Deus<\/a> (Edi\u00e7\u00e3o maio\/junho 2012)<\/p>\n<p style=\"padding-left: 30px;\">&#8211;\u00a0<a href=\"http:\/\/www.ultimato.com.br\/revista\/artigos\/266\/desperdicio-imperdoavel\" target=\"_blank\">Desperd\u00edcio imperdo\u00e1vel<\/a>\u00a0(Edi\u00e7\u00e3o setembro\/outubro 2000)<\/p>\n<p style=\"padding-left: 30px;\">&#8211; <a href=\"http:\/\/www.ultimato.com.br\/revista\/artigos\/269\/oracao-de-um-deprimido\" target=\"_blank\">Ora\u00e7\u00e3o de um deprimido<\/a>\u00a0(Edi\u00e7\u00e3o mar\u00e7o\/abril 2001)<\/p>\n<p style=\"padding-left: 30px;\">&#8211; <a href=\"http:\/\/www.ultimato.com.br\/revista\/artigos\/330\/a-beleza-dos-joelhos-dobrados\" target=\"_blank\">A beleza dos joelhos dobrados<\/a>\u00a0(Edi\u00e7\u00e3o maio\/junho 2011)<\/p>\n<p style=\"padding-left: 30px;\">&#8211; <a href=\"http:\/\/www.ultimato.com.br\/revista\/artigos\/265\/oracao-e-problemas-conjugais\" target=\"_blank\">Ora\u00e7\u00e3o e problemas conjugais<\/a>\u00a0(Edi\u00e7\u00e3o julho\/agosto 2000)<\/p>\n<p style=\"padding-left: 30px;\">&#8211; <a href=\"http:\/\/www.ultimato.com.br\/revista\/artigos\/336\/a-vida-de-oracao-de-jesus\" target=\"_blank\">A vida de ora\u00e7\u00e3o de Jesus<\/a>\u00a0(Edi\u00e7\u00e3o maio\/junho 2012)<\/p>\n<p style=\"padding-left: 30px;\">&#8211; <a href=\"http:\/\/www.ultimato.com.br\/revista\/artigos\/336\/a-santificacao-da-oracao\" target=\"_blank\">A santifica\u00e7\u00e3o da ora\u00e7\u00e3o<\/a>\u00a0(Edi\u00e7\u00e3o maio\/junho 2012)<\/p>\n<p style=\"padding-left: 30px;\">&#8211; <a href=\"http:\/\/www.ultimato.com.br\/revista\/artigos\/330\/a-vocacao-dos-discipulos-e-o-ministerio-da- oracao\" target=\"_blank\">A voca\u00e7\u00e3o dos disc\u00edpulos e o minist\u00e9rio da ora\u00e7\u00e3o<\/a>\u00a0(Edi\u00e7\u00e3o maio\/junho 2011)<\/p>\n<p style=\"padding-left: 30px;\">&#8211; <a href=\"http:\/\/www.ultimato.com.br\/revista\/artigos\/326\/participando-do-mundo-de-deus-por-meio- da-oracao\" target=\"_blank\">Participando do mundo de Deus por meio da ora\u00e7\u00e3o<\/a>\u00a0(Edi\u00e7\u00e3o setembro\/outubro 2010)<\/p>\n<p style=\"padding-left: 30px;\">&#8211; <a href=\"http:\/\/www.ultimato.com.br\/revista\/artigos\/319\/a-historia-da-oracao\" target=\"_blank\">A hist\u00f3ria da ora\u00e7\u00e3o<\/a>\u00a0(Edi\u00e7\u00e3o julho\/agosto 2009)<\/p>\n<p style=\"padding-left: 30px;\">&#8211; <a href=\"http:\/\/www.ultimato.com.br\/revista\/artigos\/318\/oracoes-posteriores-ao-pecado\" target=\"_blank\">Ora\u00e7\u00f5es posteriores ao pecado<\/a>\u00a0(Edi\u00e7\u00e3o maio\/junho 2009)<\/p>\n<p>&gt;&gt; <a href=\"http:\/\/editoraultimato.com.br\/downloads\/oracao-nossa-de-cada-dia\/Itinerario_oracao.pdf\" target=\"_blank\"><em>Itiner\u00e1rio de Ora\u00e7\u00e3o (Lectio Divina)<\/em><\/a><\/p>\n<p>&gt;&gt; <a href=\"http:\/\/www.youtube.com\/watch?v=NzwGXhfaapk\" target=\"_blank\">V\u00eddeo<\/a> &#8211; C. S. Lewis, em um dos seus discursos na r\u00e1dio BBC da Inglaterra, no per\u00edodo da II Guerra Mundial, discorreu sobre o assunto ora\u00e7\u00e3o, atemporalidade e onipresen\u00e7a de Deus.<\/p>\n<p>&gt;&gt; <a href=\"http:\/\/ultimato.com.br\/sites\/paralelo10\/2013\/03\/pai-nosso-versao-do-matuto\" target=\"_blank\">Pai nosso<\/a> &#8211; vers\u00e3o do matuto<\/p>\n","protected":false},"excerpt":{"rendered":"<p>&#8220;Orar \u00e9 descer com a mente ao cora\u00e7\u00e3o e ali ficar diante da face do Senhor, onipresente, onividente dentro de n\u00f3s.&#8221; Te\u00f3fano, m\u00edstico russo &nbsp; Este \u00e9 um lugar especial dentro do hotsite. Mais do que um espa\u00e7o promocional, encontramos aqui incentivos para a pr\u00e1tica da ora\u00e7\u00e3o. N\u00e3o s\u00f3 para as &#8220;ora\u00e7\u00f5es-conversas&#8221;, tempo e espa\u00e7o [&hellip;]<\/p>\n","protected":false},"author":8,"featured_media":0,"parent":0,"menu_order":5,"comment_status":"open","ping_status":"open","template":"","meta":{"footnotes":""},"class_list":["post-71","page","type-page","status-publish","hentry"],"_links":{"self":[{"href":"https:\/\/ultimato.com.br\/sites\/oracao-nossa-de-cada-dia\/wp-json\/wp\/v2\/pages\/71","targetHints":{"allow":["GET"]}}],"collection":[{"href":"https:\/\/ultimato.com.br\/sites\/oracao-nossa-de-cada-dia\/wp-json\/wp\/v2\/pages"}],"about":[{"href":"https:\/\/ultimato.com.br\/sites\/oracao-nossa-de-cada-dia\/wp-json\/wp\/v2\/types\/page"}],"author":[{"embeddable":true,"href":"https:\/\/ultimato.com.br\/sites\/oracao-nossa-de-cada-dia\/wp-json\/wp\/v2\/users\/8"}],"replies":[{"embeddable":true,"href":"https:\/\/ultimato.com.br\/sites\/oracao-nossa-de-cada-dia\/wp-json\/wp\/v2\/comments?post=71"}],"version-history":[{"count":6,"href":"https:\/\/ultimato.com.br\/sites\/oracao-nossa-de-cada-dia\/wp-json\/wp\/v2\/pages\/71\/revisions"}],"predecessor-version":[{"id":74,"href":"https:\/\/ultimato.com.br\/sites\/oracao-nossa-de-cada-dia\/wp-json\/wp\/v2\/pages\/71\/revisions\/74"}],"wp:attachment":[{"href":"https:\/\/ultimato.com.br\/sites\/oracao-nossa-de-cada-dia\/wp-json\/wp\/v2\/media?parent=71"}],"curies":[{"name":"wp","href":"https:\/\/api.w.org\/{rel}","templated":true}]}}