{"id":6,"date":"2013-02-02T21:31:22","date_gmt":"2013-02-02T23:31:22","guid":{"rendered":"http:\/\/ultimato.com.br\/sites\/oracao-nossa-de-cada-dia\/?page_id=6"},"modified":"2013-03-05T14:54:57","modified_gmt":"2013-03-05T16:54:57","slug":"o-livro","status":"publish","type":"page","link":"https:\/\/ultimato.com.br\/sites\/oracao-nossa-de-cada-dia\/","title":{"rendered":"O Livro"},"content":{"rendered":"<p><iframe loading=\"lazy\" width=\"600\" height=\"338\" src=\"http:\/\/www.youtube.com\/embed\/em0SFJ5Fblk\" frameborder=\"0\" allowfullscreen><\/iframe><\/p>\n<p>Para que serve a ora\u00e7\u00e3o? Se Deus sabe todas as coisas, porque oramos?<\/p>\n<p>Como orar? Como n\u00e3o orar?<\/p>\n<p>Em geral, pensamos que h\u00e1 um jeito de dobrar Deus com as nossas ora\u00e7\u00f5es. Quem sabe, alguma t\u00e9cnica ou um tipo de ora\u00e7\u00e3o. Ou ainda uma pessoa, um pastor, um bispo&#8230; No entanto, as formas podem fazer algum sentido para quem ora, mas, para o Deus eterno, n\u00e3o \u00e9 assim. Pode parecer estranho, mas a ora\u00e7\u00e3o, no Evangelho, n\u00e3o \u00e9 \u201censinada\u201d.<\/p>\n<p>Mas, e os disc\u00edpulos? Eles viram Jesus Cristo orando v\u00e1rias vezes. E, claro, as suas ora\u00e7\u00f5es eram respondidas. Os disc\u00edpulos queriam o mesmo? Quando pediram \u201censina-nos a orar\u201d eles queriam saber como \u201cfunciona\u201d a ora\u00e7\u00e3o de Jesus?<\/p>\n<p>Em <i>A Ora\u00e7\u00e3o Nossa<\/i><i> de Cada Dia<\/i> aprendemos a orar com Jesus. Melhor, aprendemos a viver com Ele, e que a ora\u00e7\u00e3o come\u00e7a e termina em Deus.<\/p>\n","protected":false},"excerpt":{"rendered":"<p>Para que serve a ora\u00e7\u00e3o? Se Deus sabe todas as coisas, porque oramos? Como orar? Como n\u00e3o orar? Em geral, pensamos que h\u00e1 um jeito de dobrar Deus com as nossas ora\u00e7\u00f5es. Quem sabe, alguma t\u00e9cnica ou um tipo de ora\u00e7\u00e3o. Ou ainda uma pessoa, um pastor, um bispo&#8230; No entanto, as formas podem fazer [&hellip;]<\/p>\n","protected":false},"author":24,"featured_media":0,"parent":0,"menu_order":1,"comment_status":"open","ping_status":"open","template":"","meta":{"footnotes":""},"class_list":["post-6","page","type-page","status-publish","hentry"],"_links":{"self":[{"href":"https:\/\/ultimato.com.br\/sites\/oracao-nossa-de-cada-dia\/wp-json\/wp\/v2\/pages\/6","targetHints":{"allow":["GET"]}}],"collection":[{"href":"https:\/\/ultimato.com.br\/sites\/oracao-nossa-de-cada-dia\/wp-json\/wp\/v2\/pages"}],"about":[{"href":"https:\/\/ultimato.com.br\/sites\/oracao-nossa-de-cada-dia\/wp-json\/wp\/v2\/types\/page"}],"author":[{"embeddable":true,"href":"https:\/\/ultimato.com.br\/sites\/oracao-nossa-de-cada-dia\/wp-json\/wp\/v2\/users\/24"}],"replies":[{"embeddable":true,"href":"https:\/\/ultimato.com.br\/sites\/oracao-nossa-de-cada-dia\/wp-json\/wp\/v2\/comments?post=6"}],"version-history":[{"count":5,"href":"https:\/\/ultimato.com.br\/sites\/oracao-nossa-de-cada-dia\/wp-json\/wp\/v2\/pages\/6\/revisions"}],"predecessor-version":[{"id":85,"href":"https:\/\/ultimato.com.br\/sites\/oracao-nossa-de-cada-dia\/wp-json\/wp\/v2\/pages\/6\/revisions\/85"}],"wp:attachment":[{"href":"https:\/\/ultimato.com.br\/sites\/oracao-nossa-de-cada-dia\/wp-json\/wp\/v2\/media?parent=6"}],"curies":[{"name":"wp","href":"https:\/\/api.w.org\/{rel}","templated":true}]}}