{"id":59,"date":"2013-02-26T18:29:14","date_gmt":"2013-02-26T20:29:14","guid":{"rendered":"http:\/\/ultimato.com.br\/sites\/oracao-nossa-de-cada-dia\/?page_id=59"},"modified":"2013-02-26T18:30:11","modified_gmt":"2013-02-26T20:30:11","slug":"o-que-disseram","status":"publish","type":"page","link":"https:\/\/ultimato.com.br\/sites\/oracao-nossa-de-cada-dia\/o-que-disseram\/","title":{"rendered":"O que disseram"},"content":{"rendered":"<blockquote><p>A Ora\u00e7\u00e3o Nossa de Cada Dia nunca vai envelhecer. Primeiro, porque \u00e9 uma reflex\u00e3o sobre a mais antiga ora\u00e7\u00e3o crist\u00e3; segundo, porque a ora\u00e7\u00e3o \u00e9 algo perene, que todo ser humano faz quando reconhece a sua pequenez diante de Deus!<\/p><\/blockquote>\n<p>Elben C\u00e9sar<\/p>\n<blockquote><p>Conhecemos pessoas de ora\u00e7\u00e3o que nunca leram um livro sobre o assunto. E, possivelmente, j\u00e1 ouvimos sobre a ora\u00e7\u00e3o de pessoas que n\u00e3o oravam. N\u00e3o \u00e9 o caso de Carlos Queiroz. Ele fala do que faz e do que \u00e9.<\/p><\/blockquote>\n<p>Manfred Grellert<\/p>\n","protected":false},"excerpt":{"rendered":"<p>A Ora\u00e7\u00e3o Nossa de Cada Dia nunca vai envelhecer. Primeiro, porque \u00e9 uma reflex\u00e3o sobre a mais antiga ora\u00e7\u00e3o crist\u00e3; segundo, porque a ora\u00e7\u00e3o \u00e9 algo perene, que todo ser humano faz quando reconhece a sua pequenez diante de Deus! Elben C\u00e9sar Conhecemos pessoas de ora\u00e7\u00e3o que nunca leram um livro sobre o assunto. E, [&hellip;]<\/p>\n","protected":false},"author":24,"featured_media":0,"parent":0,"menu_order":3,"comment_status":"open","ping_status":"open","template":"","meta":{"footnotes":""},"class_list":["post-59","page","type-page","status-publish","hentry"],"_links":{"self":[{"href":"https:\/\/ultimato.com.br\/sites\/oracao-nossa-de-cada-dia\/wp-json\/wp\/v2\/pages\/59","targetHints":{"allow":["GET"]}}],"collection":[{"href":"https:\/\/ultimato.com.br\/sites\/oracao-nossa-de-cada-dia\/wp-json\/wp\/v2\/pages"}],"about":[{"href":"https:\/\/ultimato.com.br\/sites\/oracao-nossa-de-cada-dia\/wp-json\/wp\/v2\/types\/page"}],"author":[{"embeddable":true,"href":"https:\/\/ultimato.com.br\/sites\/oracao-nossa-de-cada-dia\/wp-json\/wp\/v2\/users\/24"}],"replies":[{"embeddable":true,"href":"https:\/\/ultimato.com.br\/sites\/oracao-nossa-de-cada-dia\/wp-json\/wp\/v2\/comments?post=59"}],"version-history":[{"count":4,"href":"https:\/\/ultimato.com.br\/sites\/oracao-nossa-de-cada-dia\/wp-json\/wp\/v2\/pages\/59\/revisions"}],"predecessor-version":[{"id":63,"href":"https:\/\/ultimato.com.br\/sites\/oracao-nossa-de-cada-dia\/wp-json\/wp\/v2\/pages\/59\/revisions\/63"}],"wp:attachment":[{"href":"https:\/\/ultimato.com.br\/sites\/oracao-nossa-de-cada-dia\/wp-json\/wp\/v2\/media?parent=59"}],"curies":[{"name":"wp","href":"https:\/\/api.w.org\/{rel}","templated":true}]}}