{"id":24,"date":"2013-02-02T21:34:33","date_gmt":"2013-02-02T23:34:33","guid":{"rendered":"http:\/\/ultimato.com.br\/sites\/oracao-nossa-de-cada-dia\/?page_id=24"},"modified":"2013-03-20T01:46:45","modified_gmt":"2013-03-20T03:46:45","slug":"divulgue","status":"publish","type":"page","link":"https:\/\/ultimato.com.br\/sites\/oracao-nossa-de-cada-dia\/extras\/divulgue\/","title":{"rendered":"Divulgue"},"content":{"rendered":"<p><strong>Banner 120&#215;60<\/strong><\/p>\n<table width=\"100%\" border=\"0\" cellspacing=\"0\" cellpadding=\"0\">\n<tbody>\n<tr>\n<td>\u00a0<a href=\"http:\/\/ultimato.com.br\/sites\/oracao-nossa-de-cada-dia\/files\/2013\/02\/bannerB_oracao.gif\"><img loading=\"lazy\" decoding=\"async\" class=\"size-full wp-image-28 aligncenter\" alt=\"bannerB_oracao\" src=\"http:\/\/ultimato.com.br\/sites\/oracao-nossa-de-cada-dia\/files\/2013\/02\/bannerB_oracao.gif\" width=\"120\" height=\"60\" \/><\/a><\/td>\n<\/tr>\n<tr>\n<td><a href=\"http:\/\/ultimato.com.br\/sites\/teologia-pura-simples\/files\/2012\/10\/bannerE_tps.gif\" target=\"_blank\">[120&#215;60]<\/a><\/td>\n<\/tr>\n<\/tbody>\n<\/table>\n<p><em>C\u00f3digo de incorpora\u00e7\u00e3o:<\/em>\u00a0&lt;a href=&#8221;http:\/\/ultimato.com.br\/sites\/oracao-nossa-de-cada-dia\/&#8221; target=&#8221;_blank&#8221; title=&#8221;A Ora\u00e7\u00e3o Nossa de Cada Dia&#8221;&gt;&lt;img style=&#8221;border: 0px initial initial;&#8221;&#8221; title=&#8221;Banner 120&#215;60&#8243; src=&#8221;http:\/\/ultimato.com.br\/sites\/roookmaaker\/files\/2012\/11\/bannerB_rook.gif&#8221; alt=&#8221;&#8221; width=&#8221;120&#8243; height=&#8221;60&#8243; \/&gt;&lt;\/a&gt;<\/p>\n<p>&nbsp;<\/p>\n<p><strong>Banner 120&#215;240<\/strong><\/p>\n<table width=\"100%\" border=\"0\" cellspacing=\"0\" cellpadding=\"0\">\n<tbody>\n<tr>\n<td><a href=\"http:\/\/ultimato.com.br\/sites\/oracao-nossa-de-cada-dia\/files\/2013\/02\/bannerD_oracao.gif\"><img loading=\"lazy\" decoding=\"async\" class=\"size-full wp-image-31 aligncenter\" alt=\"bannerD_oracao\" src=\"http:\/\/ultimato.com.br\/sites\/oracao-nossa-de-cada-dia\/files\/2013\/02\/bannerD_oracao.gif\" width=\"120\" height=\"240\" \/><\/a><\/td>\n<\/tr>\n<tr>\n<td><a href=\"http:\/\/ultimato.com.br\/sites\/teologia-pura-simples\/files\/2012\/10\/bannerD_tps.gif\" target=\"_blank\">[120&#215;240]<\/a><\/td>\n<\/tr>\n<\/tbody>\n<\/table>\n<p><em>C\u00f3digo de incorpora\u00e7\u00e3o:<\/em>\u00a0&lt;a href=&#8221;http:\/\/ultimato.com.br\/sites\/oracao-nossa-de-cada-dia\/&#8221; target=&#8221;_blank&#8221; title=&#8221;A Ora\u00e7\u00e3o Nossa de Cada Dia&#8221;&gt;&lt;img style=&#8221;border: 0px initial initial;&#8221; title=&#8221;Banner 120&#215;240&#8243; src=&#8221;http:\/\/ultimato.com.br\/sites\/oracao-nossa-de-cada-dia\/files\/2013\/02\/bannerD_oracao.gif&#8221; alt=&#8221;&#8221; width=&#8221;120&#8243; height=&#8221;240&#8243; \/&gt;&lt;\/a&gt;<\/p>\n","protected":false},"excerpt":{"rendered":"<p>Banner 120&#215;60 \u00a0 [120&#215;60] C\u00f3digo de incorpora\u00e7\u00e3o:\u00a0&lt;a href=&#8221;http:\/\/ultimato.com.br\/sites\/oracao-nossa-de-cada-dia\/&#8221; target=&#8221;_blank&#8221; title=&#8221;A Ora\u00e7\u00e3o Nossa de Cada Dia&#8221;&gt;&lt;img style=&#8221;border: 0px initial initial;&#8221;&#8221; title=&#8221;Banner 120&#215;60&#8243; src=&#8221;http:\/\/ultimato.com.br\/sites\/roookmaaker\/files\/2012\/11\/bannerB_rook.gif&#8221; alt=&#8221;&#8221; width=&#8221;120&#8243; height=&#8221;60&#8243; \/&gt;&lt;\/a&gt; &nbsp; Banner 120&#215;240 [120&#215;240] C\u00f3digo de incorpora\u00e7\u00e3o:\u00a0&lt;a href=&#8221;http:\/\/ultimato.com.br\/sites\/oracao-nossa-de-cada-dia\/&#8221; target=&#8221;_blank&#8221; title=&#8221;A Ora\u00e7\u00e3o Nossa de Cada Dia&#8221;&gt;&lt;img style=&#8221;border: 0px initial initial;&#8221; title=&#8221;Banner 120&#215;240&#8243; src=&#8221;http:\/\/ultimato.com.br\/sites\/oracao-nossa-de-cada-dia\/files\/2013\/02\/bannerD_oracao.gif&#8221; alt=&#8221;&#8221; width=&#8221;120&#8243; height=&#8221;240&#8243; \/&gt;&lt;\/a&gt;<\/p>\n","protected":false},"author":24,"featured_media":0,"parent":12,"menu_order":3,"comment_status":"open","ping_status":"open","template":"","meta":{"footnotes":""},"class_list":["post-24","page","type-page","status-publish","hentry"],"_links":{"self":[{"href":"https:\/\/ultimato.com.br\/sites\/oracao-nossa-de-cada-dia\/wp-json\/wp\/v2\/pages\/24","targetHints":{"allow":["GET"]}}],"collection":[{"href":"https:\/\/ultimato.com.br\/sites\/oracao-nossa-de-cada-dia\/wp-json\/wp\/v2\/pages"}],"about":[{"href":"https:\/\/ultimato.com.br\/sites\/oracao-nossa-de-cada-dia\/wp-json\/wp\/v2\/types\/page"}],"author":[{"embeddable":true,"href":"https:\/\/ultimato.com.br\/sites\/oracao-nossa-de-cada-dia\/wp-json\/wp\/v2\/users\/24"}],"replies":[{"embeddable":true,"href":"https:\/\/ultimato.com.br\/sites\/oracao-nossa-de-cada-dia\/wp-json\/wp\/v2\/comments?post=24"}],"version-history":[{"count":7,"href":"https:\/\/ultimato.com.br\/sites\/oracao-nossa-de-cada-dia\/wp-json\/wp\/v2\/pages\/24\/revisions"}],"predecessor-version":[{"id":30,"href":"https:\/\/ultimato.com.br\/sites\/oracao-nossa-de-cada-dia\/wp-json\/wp\/v2\/pages\/24\/revisions\/30"}],"up":[{"embeddable":true,"href":"https:\/\/ultimato.com.br\/sites\/oracao-nossa-de-cada-dia\/wp-json\/wp\/v2\/pages\/12"}],"wp:attachment":[{"href":"https:\/\/ultimato.com.br\/sites\/oracao-nossa-de-cada-dia\/wp-json\/wp\/v2\/media?parent=24"}],"curies":[{"name":"wp","href":"https:\/\/api.w.org\/{rel}","templated":true}]}}