{"id":12,"date":"2013-02-02T21:32:32","date_gmt":"2013-02-02T23:32:32","guid":{"rendered":"http:\/\/ultimato.com.br\/sites\/oracao-nossa-de-cada-dia\/?page_id=12"},"modified":"2013-03-04T17:14:11","modified_gmt":"2013-03-04T19:14:11","slug":"extras","status":"publish","type":"page","link":"https:\/\/ultimato.com.br\/sites\/oracao-nossa-de-cada-dia\/extras\/","title":{"rendered":"Extras"},"content":{"rendered":"<p>Preparamos um material especial para voc\u00ea conhecer melhor e divulgar o A Ora\u00e7\u00e3o Nossa de Cada Dia. Aproveite:<\/p>\n<p>&#8211; Leia um trecho. Clique <a href=\"http:\/\/ultimato.com.br\/sites\/oracao-nossa-de-cada-dia\/extras\/leia-um-trecho\/\">aqui<\/a><br \/>\n&#8211; Papel de parede. Clique <a href=\"http:\/\/ultimato.com.br\/sites\/oracao-nossa-de-cada-dia\/extras\/papel-de-parede\/\">aqui<\/a><br \/>\n&#8211; Divulgue. Clique <a href=\"http:\/\/ultimato.com.br\/sites\/oracao-nossa-de-cada-dia\/extras\/divulgue\/\">aqui<\/a><br \/>\n&#8211;\u00a0Para degusta\u00e7\u00e3o. Clique <a href=\"http:\/\/ultimato.com.br\/sites\/oracao-nossa-de-cada-dia\/extras\/ara-degustacao\/\">aqui<\/a><br \/>\n&#8211; Release. Clique <a href=\"http:\/\/ultimato.com.br\/sites\/oracao-nossa-de-cada-dia\/extras\/release\/\">aqui<br \/>\n<\/a>&#8211; Veja o v\u00eddeo. Clique <a href=\"http:\/\/ultimato.com.br\/sites\/oracao-nossa-de-cada-dia\/extras\/video\/\">aqui<\/a><\/p>\n<p>&nbsp;<\/p>\n","protected":false},"excerpt":{"rendered":"<p>Preparamos um material especial para voc\u00ea conhecer melhor e divulgar o A Ora\u00e7\u00e3o Nossa de Cada Dia. Aproveite: &#8211; Leia um trecho. Clique aqui &#8211; Papel de parede. Clique aqui &#8211; Divulgue. Clique aqui &#8211;\u00a0Para degusta\u00e7\u00e3o. Clique aqui &#8211; Release. Clique aqui &#8211; Veja o v\u00eddeo. Clique aqui &nbsp;<\/p>\n","protected":false},"author":24,"featured_media":0,"parent":0,"menu_order":4,"comment_status":"open","ping_status":"open","template":"","meta":{"footnotes":""},"class_list":["post-12","page","type-page","status-publish","hentry"],"_links":{"self":[{"href":"https:\/\/ultimato.com.br\/sites\/oracao-nossa-de-cada-dia\/wp-json\/wp\/v2\/pages\/12","targetHints":{"allow":["GET"]}}],"collection":[{"href":"https:\/\/ultimato.com.br\/sites\/oracao-nossa-de-cada-dia\/wp-json\/wp\/v2\/pages"}],"about":[{"href":"https:\/\/ultimato.com.br\/sites\/oracao-nossa-de-cada-dia\/wp-json\/wp\/v2\/types\/page"}],"author":[{"embeddable":true,"href":"https:\/\/ultimato.com.br\/sites\/oracao-nossa-de-cada-dia\/wp-json\/wp\/v2\/users\/24"}],"replies":[{"embeddable":true,"href":"https:\/\/ultimato.com.br\/sites\/oracao-nossa-de-cada-dia\/wp-json\/wp\/v2\/comments?post=12"}],"version-history":[{"count":5,"href":"https:\/\/ultimato.com.br\/sites\/oracao-nossa-de-cada-dia\/wp-json\/wp\/v2\/pages\/12\/revisions"}],"predecessor-version":[{"id":83,"href":"https:\/\/ultimato.com.br\/sites\/oracao-nossa-de-cada-dia\/wp-json\/wp\/v2\/pages\/12\/revisions\/83"}],"wp:attachment":[{"href":"https:\/\/ultimato.com.br\/sites\/oracao-nossa-de-cada-dia\/wp-json\/wp\/v2\/media?parent=12"}],"curies":[{"name":"wp","href":"https:\/\/api.w.org\/{rel}","templated":true}]}}