{"id":10,"date":"2013-02-02T21:32:13","date_gmt":"2013-02-02T23:32:13","guid":{"rendered":"http:\/\/ultimato.com.br\/sites\/oracao-nossa-de-cada-dia\/?page_id=10"},"modified":"2013-03-04T09:41:44","modified_gmt":"2013-03-04T11:41:44","slug":"ara-degustacao","status":"publish","type":"page","link":"https:\/\/ultimato.com.br\/sites\/oracao-nossa-de-cada-dia\/extras\/ara-degustacao\/","title":{"rendered":"Para Degusta\u00e7\u00e3o"},"content":{"rendered":"<blockquote><p>Presumo que Jesus n\u00e3o pretendeu ensinar aos seus disc\u00edpulos como se deve orar. Ele queria ensin\u00e1-los como se deve viver.<\/p><\/blockquote>\n<blockquote><p>Os disc\u00edpulos queriam aprender a orar. Ent\u00e3o, Jesus elaborou uma pe\u00e7a liter\u00e1ria em forma de ora\u00e7\u00e3o que mostra, muito mais, como devem viver os seus seguidores, do que como os seus seguidores deveriam orar.<\/p><\/blockquote>\n<blockquote><p>Aprender a orar com o Jesus Cristo de Nazar\u00e9 \u00e9 uma das mais fascinantes descobertas para a espiritualidade. Para Jesus Cristo, orar \u00e9 um estilo de vida, um modo de ser em comunh\u00e3o com Deus. Com Ele, n\u00e3o aprendemos a orar com a mesma l\u00f3gica dos gurus das religi\u00f5es.<\/p><\/blockquote>\n<blockquote><p>Da mesma forma, como a respira\u00e7\u00e3o funciona para a oxigena\u00e7\u00e3o do corpo, a ora\u00e7\u00e3o existe para a pneumatiza\u00e7\u00e3o da alma. Ningu\u00e9m nunca nos ensinou a respirar, simplesmente respiramos. \u00c9 como se Jesus Cristo estivesse dizendo aos seus disc\u00edpulos: quando voc\u00eas orarem, simplesmente orem. As religi\u00f5es ensinam t\u00e9cnicas e artif\u00edcios de ora\u00e7\u00f5es como meio para sensibiliza\u00e7\u00e3o das divindades. Com o Pai celestial, essas t\u00e9cnicas n\u00e3o fazem sentido.<\/p><\/blockquote>\n<blockquote><p>A ora\u00e7\u00e3o, no evangelho, n\u00e3o \u00e9 ensinada, \u00e9 degustada com o paladar do cora\u00e7\u00e3o, \u00e9 contemplada com os olhos da interioridade, \u00e9 escutada no silencio profundo da alma, \u00e9 sentida pela aproxima\u00e7\u00e3o do invis\u00edvel de Deus. A ora\u00e7\u00e3o \u00e9 a experi\u00eancia que gera um sentimento de se viver na companhia de Deus.<\/p><\/blockquote>\n","protected":false},"excerpt":{"rendered":"<p>Presumo que Jesus n\u00e3o pretendeu ensinar aos seus disc\u00edpulos como se deve orar. Ele queria ensin\u00e1-los como se deve viver. Os disc\u00edpulos queriam aprender a orar. Ent\u00e3o, Jesus elaborou uma pe\u00e7a liter\u00e1ria em forma de ora\u00e7\u00e3o que mostra, muito mais, como devem viver os seus seguidores, do que como os seus seguidores deveriam orar. Aprender [&hellip;]<\/p>\n","protected":false},"author":24,"featured_media":0,"parent":12,"menu_order":4,"comment_status":"open","ping_status":"open","template":"","meta":{"footnotes":""},"class_list":["post-10","page","type-page","status-publish","hentry"],"_links":{"self":[{"href":"https:\/\/ultimato.com.br\/sites\/oracao-nossa-de-cada-dia\/wp-json\/wp\/v2\/pages\/10","targetHints":{"allow":["GET"]}}],"collection":[{"href":"https:\/\/ultimato.com.br\/sites\/oracao-nossa-de-cada-dia\/wp-json\/wp\/v2\/pages"}],"about":[{"href":"https:\/\/ultimato.com.br\/sites\/oracao-nossa-de-cada-dia\/wp-json\/wp\/v2\/types\/page"}],"author":[{"embeddable":true,"href":"https:\/\/ultimato.com.br\/sites\/oracao-nossa-de-cada-dia\/wp-json\/wp\/v2\/users\/24"}],"replies":[{"embeddable":true,"href":"https:\/\/ultimato.com.br\/sites\/oracao-nossa-de-cada-dia\/wp-json\/wp\/v2\/comments?post=10"}],"version-history":[{"count":4,"href":"https:\/\/ultimato.com.br\/sites\/oracao-nossa-de-cada-dia\/wp-json\/wp\/v2\/pages\/10\/revisions"}],"predecessor-version":[{"id":75,"href":"https:\/\/ultimato.com.br\/sites\/oracao-nossa-de-cada-dia\/wp-json\/wp\/v2\/pages\/10\/revisions\/75"}],"up":[{"embeddable":true,"href":"https:\/\/ultimato.com.br\/sites\/oracao-nossa-de-cada-dia\/wp-json\/wp\/v2\/pages\/12"}],"wp:attachment":[{"href":"https:\/\/ultimato.com.br\/sites\/oracao-nossa-de-cada-dia\/wp-json\/wp\/v2\/media?parent=10"}],"curies":[{"name":"wp","href":"https:\/\/api.w.org\/{rel}","templated":true}]}}