{"id":6,"date":"2015-03-24T19:17:27","date_gmt":"2015-03-24T19:17:27","guid":{"rendered":"http:\/\/ultimato.com.br\/sites\/ontem-esponja-amanha-peneira\/?page_id=6"},"modified":"2015-03-31T00:13:45","modified_gmt":"2015-03-31T00:13:45","slug":"os-autores","status":"publish","type":"page","link":"https:\/\/ultimato.com.br\/sites\/ontem-esponja-amanha-peneira\/os-autores\/","title":{"rendered":"Os autores"},"content":{"rendered":"<p><strong><a href=\"http:\/\/ultimato.com.br\/sites\/ontem-esponja-amanha-peneira\/files\/2015\/03\/foto1-autor_oeap.jpg\"><img loading=\"lazy\" decoding=\"async\" class=\"alignleft size-thumbnail wp-image-30\" src=\"http:\/\/ultimato.com.br\/sites\/ontem-esponja-amanha-peneira\/files\/2015\/03\/foto1-autor_oeap-150x150.jpg\" alt=\"foto1-autor_oeap\" width=\"150\" height=\"150\" \/><\/a>Marcos Botelho<\/strong> \u00e9 palha\u00e7o, blogueiro e pastor, n\u00e3o necessariamente nesta ordem. \u00c9 criador do<em> Blog do Marcos Botelho \u2013\u00a0<\/em><a href=\"http:\/\/ultimato.com.br\/sites\/marcosbotelho\/\"><em>Vida Crist\u00e3 Fora da Caixa<\/em><\/a>, pastor e mission\u00e1rio da miss\u00e3o Jovens da Verdade, e ensina teologia e minist\u00e9rio com juventude.<\/p>\n<p>&nbsp;<\/p>\n<p>&nbsp;<\/p>\n<p>&nbsp;<\/p>\n<p>&nbsp;<\/p>\n<p>&nbsp;<\/p>\n<p><strong><a href=\"http:\/\/ultimato.com.br\/sites\/ontem-esponja-amanha-peneira\/files\/2015\/03\/foto-autor_oeap.jpg\"><img loading=\"lazy\" decoding=\"async\" class=\"alignleft size-thumbnail wp-image-31\" src=\"http:\/\/ultimato.com.br\/sites\/ontem-esponja-amanha-peneira\/files\/2015\/03\/foto-autor_oeap-150x150.jpg\" alt=\"foto-autor_oeap\" width=\"150\" height=\"150\" \/><\/a>Victor Fontana<\/strong> \u00e9 jornalista. Trabalhou como comentarista, rep\u00f3rter e editor em diferentes ve\u00edculos, como Terra, Gazeta Esportiva e Metro.<\/p>\n<p>&nbsp;<\/p>\n","protected":false},"excerpt":{"rendered":"<p>Marcos Botelho \u00e9 palha\u00e7o, blogueiro e pastor, n\u00e3o necessariamente nesta ordem. \u00c9 criador do Blog do Marcos Botelho \u2013\u00a0Vida Crist\u00e3 Fora da Caixa, pastor e mission\u00e1rio da miss\u00e3o Jovens da Verdade, e ensina teologia e minist\u00e9rio com juventude. &nbsp; &nbsp; &nbsp; &nbsp; &nbsp; Victor Fontana \u00e9 jornalista. Trabalhou como comentarista, rep\u00f3rter e editor em diferentes [&hellip;]<\/p>\n","protected":false},"author":24,"featured_media":0,"parent":0,"menu_order":3,"comment_status":"closed","ping_status":"open","template":"","meta":{"footnotes":""},"class_list":["post-6","page","type-page","status-publish","hentry"],"_links":{"self":[{"href":"https:\/\/ultimato.com.br\/sites\/ontem-esponja-amanha-peneira\/wp-json\/wp\/v2\/pages\/6","targetHints":{"allow":["GET"]}}],"collection":[{"href":"https:\/\/ultimato.com.br\/sites\/ontem-esponja-amanha-peneira\/wp-json\/wp\/v2\/pages"}],"about":[{"href":"https:\/\/ultimato.com.br\/sites\/ontem-esponja-amanha-peneira\/wp-json\/wp\/v2\/types\/page"}],"author":[{"embeddable":true,"href":"https:\/\/ultimato.com.br\/sites\/ontem-esponja-amanha-peneira\/wp-json\/wp\/v2\/users\/24"}],"replies":[{"embeddable":true,"href":"https:\/\/ultimato.com.br\/sites\/ontem-esponja-amanha-peneira\/wp-json\/wp\/v2\/comments?post=6"}],"version-history":[{"count":4,"href":"https:\/\/ultimato.com.br\/sites\/ontem-esponja-amanha-peneira\/wp-json\/wp\/v2\/pages\/6\/revisions"}],"predecessor-version":[{"id":51,"href":"https:\/\/ultimato.com.br\/sites\/ontem-esponja-amanha-peneira\/wp-json\/wp\/v2\/pages\/6\/revisions\/51"}],"wp:attachment":[{"href":"https:\/\/ultimato.com.br\/sites\/ontem-esponja-amanha-peneira\/wp-json\/wp\/v2\/media?parent=6"}],"curies":[{"name":"wp","href":"https:\/\/api.w.org\/{rel}","templated":true}]}}