{"id":5,"date":"2015-03-24T19:17:21","date_gmt":"2015-03-24T19:17:21","guid":{"rendered":"http:\/\/ultimato.com.br\/sites\/ontem-esponja-amanha-peneira\/?page_id=5"},"modified":"2015-03-24T19:48:47","modified_gmt":"2015-03-24T19:48:47","slug":"o-que-disseram","status":"publish","type":"page","link":"https:\/\/ultimato.com.br\/sites\/ontem-esponja-amanha-peneira\/o-que-disseram\/","title":{"rendered":"O que disseram"},"content":{"rendered":"<blockquote><p>\u201cEm tempos de hipermodernidade, nada melhor do que um pregador \u201cpra l\u00e1\u201d de qualquer classifica\u00e7\u00e3o, al\u00e9m de muito bom.\u201d<\/p><\/blockquote>\n<p><em>\u2013 <\/em><em>Ariovaldo <\/em><em>Ramos<\/em>, escritor, conferencista e presidente da Vis\u00e3o Mundial no Brasil<\/p>\n<p>&nbsp;<\/p>\n<blockquote><p>\u201c<strong>Ontem Esponja, Amanh\u00e3 Peneira<\/strong> apresenta de maneira divertida um caminho para melhorar a conviv\u00eancia e o aprendizado entre as gera\u00e7\u00f5es. Um ponto de vista inovador, que mostra a informa\u00e7\u00e3o como uma alternativa para viabilizar e organizar o relacionamento nas empresas e nos neg\u00f3cios.\u201d<\/p><\/blockquote>\n<p><em>\u2013 Mauricio Vergani<\/em>, diretor executivo da Oi \u2013 Unidade de Neg\u00f3cios B2B<\/p>\n<p>&nbsp;<\/p>\n<blockquote><p>\u00a0\u201cPode ser um post numa rede social, uma not\u00edcia no celular, uma placa no caminho, uma embalagem de um produto ou uma not\u00edcia repetida v\u00e1rias vezes na TV. Precisamos sempre dar uma chance para a d\u00favida, caso contr\u00e1rio a informa\u00e7\u00e3o vira uma potestade, um deus carrasco [&#8230;]. Vivemos uma \u00e9poca de alagamento de informa\u00e7\u00e3o. N\u00e3o h\u00e1 esponja que suporte essa enxurrada de mensagens. \u00c9 preciso trocar a nossa esponja, que funcionou no passado, pela peneira \u2013 o \u00fanico jeito de sobreviver e aprender algo no presente.\u201d<\/p><\/blockquote>\n<p><em>\u2013<\/em><em> Dos autores<\/em><\/p>\n","protected":false},"excerpt":{"rendered":"<p>\u201cEm tempos de hipermodernidade, nada melhor do que um pregador \u201cpra l\u00e1\u201d de qualquer classifica\u00e7\u00e3o, al\u00e9m de muito bom.\u201d \u2013 Ariovaldo Ramos, escritor, conferencista e presidente da Vis\u00e3o Mundial no Brasil &nbsp; \u201cOntem Esponja, Amanh\u00e3 Peneira apresenta de maneira divertida um caminho para melhorar a conviv\u00eancia e o aprendizado entre as gera\u00e7\u00f5es. Um ponto de [&hellip;]<\/p>\n","protected":false},"author":24,"featured_media":0,"parent":0,"menu_order":2,"comment_status":"closed","ping_status":"open","template":"","meta":{"footnotes":""},"class_list":["post-5","page","type-page","status-publish","hentry"],"_links":{"self":[{"href":"https:\/\/ultimato.com.br\/sites\/ontem-esponja-amanha-peneira\/wp-json\/wp\/v2\/pages\/5","targetHints":{"allow":["GET"]}}],"collection":[{"href":"https:\/\/ultimato.com.br\/sites\/ontem-esponja-amanha-peneira\/wp-json\/wp\/v2\/pages"}],"about":[{"href":"https:\/\/ultimato.com.br\/sites\/ontem-esponja-amanha-peneira\/wp-json\/wp\/v2\/types\/page"}],"author":[{"embeddable":true,"href":"https:\/\/ultimato.com.br\/sites\/ontem-esponja-amanha-peneira\/wp-json\/wp\/v2\/users\/24"}],"replies":[{"embeddable":true,"href":"https:\/\/ultimato.com.br\/sites\/ontem-esponja-amanha-peneira\/wp-json\/wp\/v2\/comments?post=5"}],"version-history":[{"count":2,"href":"https:\/\/ultimato.com.br\/sites\/ontem-esponja-amanha-peneira\/wp-json\/wp\/v2\/pages\/5\/revisions"}],"predecessor-version":[{"id":36,"href":"https:\/\/ultimato.com.br\/sites\/ontem-esponja-amanha-peneira\/wp-json\/wp\/v2\/pages\/5\/revisions\/36"}],"wp:attachment":[{"href":"https:\/\/ultimato.com.br\/sites\/ontem-esponja-amanha-peneira\/wp-json\/wp\/v2\/media?parent=5"}],"curies":[{"name":"wp","href":"https:\/\/api.w.org\/{rel}","templated":true}]}}