{"id":4,"date":"2015-03-24T19:16:59","date_gmt":"2015-03-24T19:16:59","guid":{"rendered":"http:\/\/ultimato.com.br\/sites\/ontem-esponja-amanha-peneira\/?page_id=4"},"modified":"2015-03-27T11:32:24","modified_gmt":"2015-03-27T11:32:24","slug":"o-livro","status":"publish","type":"page","link":"https:\/\/ultimato.com.br\/sites\/ontem-esponja-amanha-peneira\/","title":{"rendered":"O Livro"},"content":{"rendered":"<p>Se antes a informa\u00e7\u00e3o era escassa e guard\u00e1-la era uma ordem, hoje a mem\u00f3ria se tornou in\u00fatil \u2013 estamos sempre conectados.<\/p>\n<p>Como lidar com a informa\u00e7\u00e3o sem se tornar escravo dela? \u00c9 preciso saber filtrar, escolher, desligar.<\/p>\n<p>\u00c9 disso que trata <strong>Ontem Esponja, Amanh\u00e3 Peneira<\/strong>.<\/p>\n<p>&nbsp;<\/p>\n<blockquote><p>Marcos Botelho \u00e9 uma das vozes da nova gera\u00e7\u00e3o de l\u00edderes crist\u00e3os. Ao mesmo tempo em que provoca, \u00e9 tamb\u00e9m s\u00e1bio para lidar com os desafios da f\u00e9 crist\u00e3 e sua rela\u00e7\u00e3o com a cultura, a arte e a tecnologia.<\/p><\/blockquote>\n<p><em>\u2013 <\/em><em>Dave Gibbon<\/em>s, palestrante internacional e criador do XEALOT<\/p>\n<p>&nbsp;<\/p>\n<p><iframe loading=\"lazy\" width=\"600\" height=\"338\" src=\"https:\/\/www.youtube.com\/embed\/bYwKyLiWgkk\" frameborder=\"0\" allowfullscreen><\/iframe><\/p>\n","protected":false},"excerpt":{"rendered":"<p>Se antes a informa\u00e7\u00e3o era escassa e guard\u00e1-la era uma ordem, hoje a mem\u00f3ria se tornou in\u00fatil \u2013 estamos sempre conectados. Como lidar com a informa\u00e7\u00e3o sem se tornar escravo dela? \u00c9 preciso saber filtrar, escolher, desligar. \u00c9 disso que trata Ontem Esponja, Amanh\u00e3 Peneira. &nbsp; Marcos Botelho \u00e9 uma das vozes da nova gera\u00e7\u00e3o [&hellip;]<\/p>\n","protected":false},"author":24,"featured_media":0,"parent":0,"menu_order":1,"comment_status":"closed","ping_status":"open","template":"","meta":{"footnotes":""},"class_list":["post-4","page","type-page","status-publish","hentry"],"_links":{"self":[{"href":"https:\/\/ultimato.com.br\/sites\/ontem-esponja-amanha-peneira\/wp-json\/wp\/v2\/pages\/4","targetHints":{"allow":["GET"]}}],"collection":[{"href":"https:\/\/ultimato.com.br\/sites\/ontem-esponja-amanha-peneira\/wp-json\/wp\/v2\/pages"}],"about":[{"href":"https:\/\/ultimato.com.br\/sites\/ontem-esponja-amanha-peneira\/wp-json\/wp\/v2\/types\/page"}],"author":[{"embeddable":true,"href":"https:\/\/ultimato.com.br\/sites\/ontem-esponja-amanha-peneira\/wp-json\/wp\/v2\/users\/24"}],"replies":[{"embeddable":true,"href":"https:\/\/ultimato.com.br\/sites\/ontem-esponja-amanha-peneira\/wp-json\/wp\/v2\/comments?post=4"}],"version-history":[{"count":4,"href":"https:\/\/ultimato.com.br\/sites\/ontem-esponja-amanha-peneira\/wp-json\/wp\/v2\/pages\/4\/revisions"}],"predecessor-version":[{"id":50,"href":"https:\/\/ultimato.com.br\/sites\/ontem-esponja-amanha-peneira\/wp-json\/wp\/v2\/pages\/4\/revisions\/50"}],"wp:attachment":[{"href":"https:\/\/ultimato.com.br\/sites\/ontem-esponja-amanha-peneira\/wp-json\/wp\/v2\/media?parent=4"}],"curies":[{"name":"wp","href":"https:\/\/api.w.org\/{rel}","templated":true}]}}