{"id":14,"date":"2018-04-05T09:09:50","date_gmt":"2018-04-05T12:09:50","guid":{"rendered":"http:\/\/ultimato.com.br\/sites\/o-reino-de-deus-e-a-transformacao-social\/?page_id=14"},"modified":"2018-04-25T09:34:59","modified_gmt":"2018-04-25T12:34:59","slug":"o-que-disseram","status":"publish","type":"page","link":"https:\/\/ultimato.com.br\/sites\/o-reino-de-deus-e-a-transformacao-social\/o-que-disseram\/","title":{"rendered":"O que disseram"},"content":{"rendered":"<blockquote><p><span style=\"color: #333333;\">Abrir um livro novo \u00e9 uma experi\u00eancia. Nele encontramos novidades at\u00e9 ent\u00e3o desconhecidas. Uma express\u00e3o que capta a nossa aten\u00e7\u00e3o e nos leva a pensar e visualizar o que n\u00e3o fazia parte do nosso universo cognitivo, pr\u00e1tico e at\u00e9 imaginativo.<\/span><br \/>\n&nbsp;<br \/>\n<span style=\"color: #333333;\">Abrir um livro \u00e9 uma experi\u00eancia. H\u00e1 livros, no entanto, que, por conhecer o autor, abrimos de outro jeito. Sabemos que, por tr\u00e1s das palavras, h\u00e1 uma vida que palpita, um compromisso que se transforma em letras e um engajamento vivencial que traduz em livro uma op\u00e7\u00e3o de vida, uma voca\u00e7\u00e3o e um sonho.<\/span><br \/>\n&nbsp;<br \/>\n<span style=\"color: #333333;\"> <strong>O Reino de Deus e a Transforma\u00e7\u00e3o Social\u00a0<\/strong>\u00e9 assim. Junto com ele vem o seu autor: Mauricio Cunha. Algu\u00e9m que se pode encontrar em algum rinc\u00e3o deste Brasil e em alguma igreja que quer aprender a viver a sua f\u00e9 na comunidade e como um testemunho p\u00fablico. \u00c9 ali que est\u00e1 Mauricio, compartilhando aquilo que ele esbo\u00e7a neste livro. Um livro que aponta para o reino de Deus e afirma que Deus ama e se interessa por cada pessoa e cada comunidade, para que haja transforma\u00e7\u00e3o gerada pelo evangelho de Cristo.<\/span><br \/>\n&nbsp;<br \/>\n<span style=\"color: #333333;\">Esta obra nos convida a um compromisso marcado pela compaix\u00e3o e justi\u00e7a de Deus, que ganha forma num engajamento p\u00fablico e focado naquilo que Deus quer. O autor fala da f\u00e9 impregnada no universo p\u00fablico e que assume formas concretas, seja no compromisso com os Objetivos de Desenvolvimento Sustent\u00e1vel (ODSs), seja em projetos desenvolvidos no bairro por uma igreja local e que levam ao estabelecimento de pol\u00edticas p\u00fablicas mais justas e humanas. Acompanhe a trajet\u00f3ria de Mauricio e vivencie a experi\u00eancia de folhear um livro que pode lev\u00e1-lo a uma profunda experi\u00eancia com o senhorio de Cristo.<\/span><br \/>\n&nbsp;<br \/>\n<span style=\"color: #333333;\"> <em>\u2014 Valdir Steuernagel, pastor da Igreja Evang\u00e9lica de Confiss\u00e3o Luterana no Brasil (IECLB) e embaixador da Alian\u00e7a Evang\u00e9lica Brasileira.<\/em><\/span><\/p><\/blockquote>\n<blockquote><p><span style=\"color: #333333;\"><strong>O Reino de Deus e a Transforma\u00e7\u00e3o Social\u00a0<\/strong>\u00e9 a reflex\u00e3o de algu\u00e9m que est\u00e1 engajado com transforma\u00e7\u00e3o social. Mauricio Cunha compartilha neste livro suas experi\u00eancias a partir das refer\u00eancias b\u00edblico-teol\u00f3gicas e missiol\u00f3gicas. Se voc\u00ea tamb\u00e9m est\u00e1 buscando se engajar na transforma\u00e7\u00e3o social por meio de uma missiologia integral, saiba que voc\u00ea est\u00e1 com um excelente material em m\u00e3os. Fa\u00e7a bom uso para a gl\u00f3ria de Deus!<\/span><br \/>\n&nbsp;<br \/>\n<span style=\"color: #333333;\"><em>\u2014 Jorge Barro, te\u00f3logo, FTSA \u2013 Faculdade Teol\u00f3gica Latino-americana<\/em><\/span><\/p><\/blockquote>\n<blockquote><p><span style=\"color: #333333;\"><strong>O Reino de Deus e a Transforma\u00e7\u00e3o Social\u00a0<\/strong>surge num momento muito necess\u00e1rio e estrat\u00e9gico para a igreja de Cristo no Brasil. Temos necessidade de literatura crist\u00e3 que levante esse tema a partir de atores sociais nacionais capacitados que est\u00e3o na linha de frente da aplica\u00e7\u00e3o da verdade de Deus para uma transforma\u00e7\u00e3o abrangente da sociedade. O livro \u00e9 um profundo desafio para um cristianismo que se apresenta como sistema total de vida e pensamento e como fundamento da responsabilidade transformadora da igreja na sociedade.<\/span><br \/>\n&nbsp;<br \/>\n<span style=\"color: #333333;\">Mauricio Cunha cultiva uma teologia de miss\u00e3o que se ancora firmemente na miss\u00e3o de Deus, como revelada nas Escrituras, e nos desafia a uma a\u00e7\u00e3o na sociedade que seja biblicamente informada e fundamentada e, ao mesmo tempo, teologicamente contextualizada e pr\u00e1tica. Tamb\u00e9m, \u00e9 refrescante e inspirador ver o compartilhar altru\u00edsta de ferramentas que foram desenvolvidas durante duas d\u00e9cadas de reflex\u00e3o e a\u00e7\u00e3o do CADI e que t\u00eam se mostrado eficazes e transformadoras. Esse \u00e9 o tipo de livro que pode marcar uma gera\u00e7\u00e3o e que precisa ser considerado, discutido e posto em pr\u00e1tica por todos os crist\u00e3os que t\u00eam buscado ser a resposta ao clamor do cora\u00e7\u00e3o de Deus para uma compaix\u00e3o que gere transforma\u00e7\u00e3o em indiv\u00edduos, em suas comunidades e na sociedade.<\/span><br \/>\n&nbsp;<br \/>\n<span style=\"color: #333333;\"><em>\u2014 Nelson Monteiro Jr., Coordenador da Alian\u00e7a de Discipuladores de Na\u00e7\u00f5es no Brasil<\/em><\/span><\/p><\/blockquote>\n<blockquote><p><span style=\"color: #333333;\">Reconhe\u00e7o Mauricio Cunha como um amigo que tem sido um dos valentes do Senhor Jesus, um l\u00edder que busca cumprir a miss\u00e3o apost\u00f3lica de conquistar \u00e1reas da vida p\u00fablica que ainda n\u00e3o podem ser consideradas partes do reino de Deus. Em\u00a0<strong>O Reino de Deus e a Transforma\u00e7\u00e3o Social<\/strong>\u00a0ele une s\u00f3lidas bases teol\u00f3gicas e filos\u00f3ficas com modelos e exemplos pr\u00e1ticos, baseado num raro perfil pessoal de quem faz e ensina. Recomendo a leitura a todos os seguidores de Jesus, aos que compreendem que o evangelho \u00e9 a boa nova para todos os aspectos da vida e \u00e0queles que t\u00eam tido uma compreens\u00e3o ainda parcial da miss\u00e3o que resulta de \u201cDeus amou o mundo &#8230;\u201d.<\/span><br \/>\n&nbsp;<br \/>\n<span style=\"color: #333333;\"><em>\u2014 Gerhard Fuchs, RENAS, Alian\u00e7a Evang\u00e9lica, ACRIDAS<\/em><\/span><\/p><\/blockquote>\n<blockquote><p><span style=\"color: #333333;\">Tendo acompanhado de perto a vida de Mauricio Cunha nas \u00faltimas d\u00e9cadas, posso afirmar que testemunhei os s\u00f3lidos fundamentos que constru\u00edram de forma id\u00f4nea e tecnicamente relevante o conte\u00fado compartilhado nesta obra.<\/span><br \/>\n&nbsp;<br \/>\n<span style=\"color: #333333;\">No momento em que temos pouco material expressivo na perspectiva do reino, sua natureza, voca\u00e7\u00e3o e miss\u00e3o em l\u00edngua portuguesa, saudamos com entusiasmo a publica\u00e7\u00e3o de\u00a0<strong>O Reino de Deus e a Transforma\u00e7\u00e3o Social<\/strong>. Sobretudo por sua qualidade cultural, cuja viv\u00eancia do autor no campo pr\u00e1tico, d\u00e3o-lhe um destaque muito especial. Recomendo a todo crist\u00e3o consciente de sua participa\u00e7\u00e3o na constru\u00e7\u00e3o do reino de Deus e a todos os l\u00edderes missionais em nosso pa\u00eds a leitura atenta e a ampla divulga\u00e7\u00e3o desta obra, a fim de aben\u00e7oar a muitos e influenciar decisivamente na expans\u00e3o da integralidade da miss\u00e3o em terras brasileiras e, quem sabe, al\u00e9m-fronteiras.<\/span><br \/>\n&nbsp;<br \/>\n<span style=\"color: #333333;\"><em>\u2014 Edson Barbosa, pastor e fundador do Projeto O\u00e1sis<\/em><\/span><\/p><\/blockquote>\n<blockquote><p><span style=\"color: #333333;\">Este novo livro de Mauricio Cunha re\u00fane sua \u00f3tima linha de contribui\u00e7\u00f5es de textos anteriores e avan\u00e7a com aspectos muito pr\u00e1ticos. Ele inicia pelas bases b\u00edblico-teol\u00f3gicas que nos convidam a olhar para a miss\u00e3o de Deus como uma resposta salvadora face \u00e0s realidades concretas do mundo ao qual Deus nos envia como sal e luz. Como fruto de suas viv\u00eancias em miss\u00e3o que tem o reino de Deus como paradigma de atua\u00e7\u00e3o, Mauricio Cunha apresenta contribui\u00e7\u00f5es desafiadoras e, ao mesmo tempo, pr\u00e1ticas, que podem ser de grande ajuda a todos os crist\u00e3os comprometidos com Jesus, l\u00edderes de igrejas e organiza\u00e7\u00f5es sociais, mission\u00e1rios e trabalhadores sociais. Por tr\u00e1s de seu texto h\u00e1 um homem apaixonado pela miss\u00e3o de Deus e engajado com sua realiza\u00e7\u00e3o. A leitura deste livro reavivar\u00e1 sua compaix\u00e3o, desafiar\u00e1 seu compromisso e apoiar\u00e1 seu projeto de glorificar a Deus.<\/span><br \/>\n&nbsp;<br \/>\n<span style=\"color: #333333;\"><em>\u2014 Wilson Costa, pastor, administrador e diretor da Alian\u00e7a Evang\u00e9lica Brasileira<br \/>\n<\/em><\/span><\/p><\/blockquote>\n<blockquote><p><span style=\"color: #333333;\">Uma vez mais, Mauricio Cunha nos convida, com profundidade e ternura, a sermos sinais do reino de Deus e a proclamar o governo de Cristo em cada canto da terra e em todas as dimens\u00f5es da vida. Ler\u00a0<strong>O Reino de Deus e a Transforma\u00e7\u00e3o Social\u00a0<\/strong>\u00e9 um mergulho profundo no cora\u00e7\u00e3o reconciliador de Deus e um chamado a encarnar a nossa voca\u00e7\u00e3o de sermos pessoas e comunidades transformadas e transformadoras!<\/span><br \/>\n&nbsp;<br \/>\n<span style=\"color: #333333;\">Por meio deste texto precioso nos unimos \u00e0 ora\u00e7\u00e3o de Jesus, clamando para que o seu reino venha e para que a sua vontade seja feita assim na terra como nos c\u00e9us!<\/span><br \/>\n<span style=\"color: #333333;\"> Celebro o privil\u00e9gio de recomendar esta obra com profunda gratid\u00e3o a Deus e a Mauricio Cunha por ser instrumento do Senhor e voz prof\u00e9tica no meio da nossa gera\u00e7\u00e3o!<\/span><br \/>\n&nbsp;<br \/>\n<span style=\"color: #333333;\"><em>\u2014 Zaz\u00e1 Lima, Diretora internacional de PMI \u2013 Povos Mu\u00e7ulmanos Internacional<br \/>\n<\/em><\/span><\/p><\/blockquote>\n<blockquote><p><span style=\"color: #333333;\">Um projeto que nasceu no cora\u00e7\u00e3o de Deus, brotou no cora\u00e7\u00e3o de alguns homens e hoje \u00e9 uma \u00e1rvore que d\u00e1 muitos frutos. Esse \u00e9 o CADI.\u00a0<strong>O Reino de Deus e a Transforma\u00e7\u00e3o Social<\/strong>\u00a0traz de forma muito clara a vis\u00e3o que liberta, transforma e protege vidas de pessoas que precisam do apoio e da solidariedade humana. Mauricio representa a encarna\u00e7\u00e3o dessa vis\u00e3o. A ele os parab\u00e9ns por nunca ter desistido!<\/span><br \/>\n&nbsp;<br \/>\n<span style=\"color: #333333;\"><em>\u2014 Antonio Wandscheer, empres\u00e1rio e deputado federal<\/em><\/span><\/p><\/blockquote>\n","protected":false},"excerpt":{"rendered":"<p>Abrir um livro novo \u00e9 uma experi\u00eancia. Nele encontramos novidades at\u00e9 ent\u00e3o desconhecidas. Uma express\u00e3o que capta a nossa aten\u00e7\u00e3o e nos leva a pensar e visualizar o que n\u00e3o fazia parte do nosso universo cognitivo, pr\u00e1tico e at\u00e9 imaginativo. &nbsp; Abrir um livro \u00e9 uma experi\u00eancia. H\u00e1 livros, no entanto, que, por conhecer o [&hellip;]<\/p>\n","protected":false},"author":21,"featured_media":0,"parent":0,"menu_order":3,"comment_status":"closed","ping_status":"closed","template":"","meta":{"footnotes":""},"class_list":["post-14","page","type-page","status-publish","hentry"],"_links":{"self":[{"href":"https:\/\/ultimato.com.br\/sites\/o-reino-de-deus-e-a-transformacao-social\/wp-json\/wp\/v2\/pages\/14","targetHints":{"allow":["GET"]}}],"collection":[{"href":"https:\/\/ultimato.com.br\/sites\/o-reino-de-deus-e-a-transformacao-social\/wp-json\/wp\/v2\/pages"}],"about":[{"href":"https:\/\/ultimato.com.br\/sites\/o-reino-de-deus-e-a-transformacao-social\/wp-json\/wp\/v2\/types\/page"}],"author":[{"embeddable":true,"href":"https:\/\/ultimato.com.br\/sites\/o-reino-de-deus-e-a-transformacao-social\/wp-json\/wp\/v2\/users\/21"}],"replies":[{"embeddable":true,"href":"https:\/\/ultimato.com.br\/sites\/o-reino-de-deus-e-a-transformacao-social\/wp-json\/wp\/v2\/comments?post=14"}],"version-history":[{"count":4,"href":"https:\/\/ultimato.com.br\/sites\/o-reino-de-deus-e-a-transformacao-social\/wp-json\/wp\/v2\/pages\/14\/revisions"}],"predecessor-version":[{"id":36,"href":"https:\/\/ultimato.com.br\/sites\/o-reino-de-deus-e-a-transformacao-social\/wp-json\/wp\/v2\/pages\/14\/revisions\/36"}],"wp:attachment":[{"href":"https:\/\/ultimato.com.br\/sites\/o-reino-de-deus-e-a-transformacao-social\/wp-json\/wp\/v2\/media?parent=14"}],"curies":[{"name":"wp","href":"https:\/\/api.w.org\/{rel}","templated":true}]}}