{"id":12,"date":"2018-04-05T09:09:32","date_gmt":"2018-04-05T12:09:32","guid":{"rendered":"http:\/\/ultimato.com.br\/sites\/o-reino-de-deus-e-a-transformacao-social\/?page_id=12"},"modified":"2018-04-05T09:20:45","modified_gmt":"2018-04-05T12:20:45","slug":"o-livro","status":"publish","type":"page","link":"https:\/\/ultimato.com.br\/sites\/o-reino-de-deus-e-a-transformacao-social\/","title":{"rendered":"O Livro"},"content":{"rendered":"<p>UMA IGREJA LOCAL PODE MUDAR UMA CIDADE?<\/p>\n<p>N\u00e3o \u00e9 f\u00e1cil responder. No entanto, para o autor de\u00a0<strong>O Reino de Deus e a Transforma\u00e7\u00e3o Social,\u00a0<\/strong>a chegada do reino transforma realidades. Muito mais do que experi\u00eancias m\u00edsticas e individuais, a igreja \u00e9 o \u00fanico organismo capaz de oferecer respostas \u00e0s necessidades de homens e mulheres, e tamb\u00e9m mostrar que o evangelho \u00e9 o poder de Deus para a transforma\u00e7\u00e3o de indiv\u00edduos e comunidades.<\/p>\n<p>Do mesmo autor de\u00a0<strong>O Reino Entre N\u00f3s<\/strong>,\u00a0<strong>O Reino de Deus e a Transforma\u00e7\u00e3o Socia<\/strong>l, apresenta os fundamentos e as ferramentas para o servi\u00e7o social e comunit\u00e1rio:<\/p>\n<p>&#8211; Miss\u00e3o e cosmovis\u00e3o crist\u00e3;<br \/>\n&#8211; Os sinais do reino de Deus na esfera p\u00fablica;<br \/>\n&#8211; A igreja e as pol\u00edticas p\u00fablicas;<br \/>\n&#8211; As melhores pr\u00e1ticas em gest\u00e3o de iniciativas socais (terceiro setor).<\/p>\n","protected":false},"excerpt":{"rendered":"<p>UMA IGREJA LOCAL PODE MUDAR UMA CIDADE? N\u00e3o \u00e9 f\u00e1cil responder. No entanto, para o autor de\u00a0O Reino de Deus e a Transforma\u00e7\u00e3o Social,\u00a0a chegada do reino transforma realidades. Muito mais do que experi\u00eancias m\u00edsticas e individuais, a igreja \u00e9 o \u00fanico organismo capaz de oferecer respostas \u00e0s necessidades de homens e mulheres, e tamb\u00e9m [&hellip;]<\/p>\n","protected":false},"author":21,"featured_media":0,"parent":0,"menu_order":1,"comment_status":"closed","ping_status":"closed","template":"","meta":{"footnotes":""},"class_list":["post-12","page","type-page","status-publish","hentry"],"_links":{"self":[{"href":"https:\/\/ultimato.com.br\/sites\/o-reino-de-deus-e-a-transformacao-social\/wp-json\/wp\/v2\/pages\/12","targetHints":{"allow":["GET"]}}],"collection":[{"href":"https:\/\/ultimato.com.br\/sites\/o-reino-de-deus-e-a-transformacao-social\/wp-json\/wp\/v2\/pages"}],"about":[{"href":"https:\/\/ultimato.com.br\/sites\/o-reino-de-deus-e-a-transformacao-social\/wp-json\/wp\/v2\/types\/page"}],"author":[{"embeddable":true,"href":"https:\/\/ultimato.com.br\/sites\/o-reino-de-deus-e-a-transformacao-social\/wp-json\/wp\/v2\/users\/21"}],"replies":[{"embeddable":true,"href":"https:\/\/ultimato.com.br\/sites\/o-reino-de-deus-e-a-transformacao-social\/wp-json\/wp\/v2\/comments?post=12"}],"version-history":[{"count":2,"href":"https:\/\/ultimato.com.br\/sites\/o-reino-de-deus-e-a-transformacao-social\/wp-json\/wp\/v2\/pages\/12\/revisions"}],"predecessor-version":[{"id":31,"href":"https:\/\/ultimato.com.br\/sites\/o-reino-de-deus-e-a-transformacao-social\/wp-json\/wp\/v2\/pages\/12\/revisions\/31"}],"wp:attachment":[{"href":"https:\/\/ultimato.com.br\/sites\/o-reino-de-deus-e-a-transformacao-social\/wp-json\/wp\/v2\/media?parent=12"}],"curies":[{"name":"wp","href":"https:\/\/api.w.org\/{rel}","templated":true}]}}