{"id":4,"date":"2016-06-23T10:02:37","date_gmt":"2016-06-23T13:02:37","guid":{"rendered":"http:\/\/ultimato.com.br\/sites\/o-que-voce-quer\/?page_id=4"},"modified":"2016-06-23T10:05:21","modified_gmt":"2016-06-23T13:05:21","slug":"o-livro","status":"publish","type":"page","link":"https:\/\/ultimato.com.br\/sites\/o-que-voce-quer\/","title":{"rendered":"O Livro"},"content":{"rendered":"<blockquote><p><em>Um livro irresist\u00edvel que entrela\u00e7a pesquisa acad\u00eamica, exegese b\u00edblica e uma incr\u00edvel narrativa pessoal. Para Jen Pollock Michel, o desejo determina nossas decis\u00f5es. E ela nos ajuda a fazer diferen\u00e7a entre o que n\u00f3s queremos e o que Deus quer para n\u00f3s.<\/em><\/p><\/blockquote>\n<p>\u2013 Aleah Marsden, <em>Books and Culture <\/em><\/p>\n<p>&nbsp;<\/p>\n<p><strong>&#8211; &#8211; &#8211;\u00a0 Pr\u00eamio Christianity Today Book Award \u2013 Livro do Ano 2015\u00a0 &#8211; &#8211; &#8211;<\/strong><\/p>\n<p>&nbsp;<\/p>\n<p>O desejo \u00e9 primitivo. Ser humano \u00e9 querer.<\/p>\n<p>Ent\u00e3o, qual a diferen\u00e7a entre o que n\u00f3s queremos e o que Deus quer para n\u00f3s? Ali\u00e1s, nem sempre conseguimos o que queremos e nem sempre queremos o que conseguimos.<\/p>\n<p>O desejo n\u00e3o \u00e9 algo ego\u00edsta, pecaminoso? As palavras \u201cambi\u00e7\u00e3o\u201d e \u201ceu quero\u201d n\u00e3o s\u00e3o adequadas para serem ditas diante de Deus?<\/p>\n<p>S\u00e3o estas algumas das perguntas respondidas em <strong>O Que Voc\u00ea Quer? <\/strong>Uma abordagem b\u00edblica e libertadora sobre o lugar do desejo na caminhada crist\u00e3.<\/p>\n","protected":false},"excerpt":{"rendered":"<p>Um livro irresist\u00edvel que entrela\u00e7a pesquisa acad\u00eamica, exegese b\u00edblica e uma incr\u00edvel narrativa pessoal. Para Jen Pollock Michel, o desejo determina nossas decis\u00f5es. E ela nos ajuda a fazer diferen\u00e7a entre o que n\u00f3s queremos e o que Deus quer para n\u00f3s. \u2013 Aleah Marsden, Books and Culture &nbsp; &#8211; &#8211; &#8211;\u00a0 Pr\u00eamio Christianity Today [&hellip;]<\/p>\n","protected":false},"author":24,"featured_media":0,"parent":0,"menu_order":0,"comment_status":"closed","ping_status":"closed","template":"","meta":{"ngg_post_thumbnail":0,"footnotes":""},"class_list":["post-4","page","type-page","status-publish","hentry"],"_links":{"self":[{"href":"https:\/\/ultimato.com.br\/sites\/o-que-voce-quer\/wp-json\/wp\/v2\/pages\/4","targetHints":{"allow":["GET"]}}],"collection":[{"href":"https:\/\/ultimato.com.br\/sites\/o-que-voce-quer\/wp-json\/wp\/v2\/pages"}],"about":[{"href":"https:\/\/ultimato.com.br\/sites\/o-que-voce-quer\/wp-json\/wp\/v2\/types\/page"}],"author":[{"embeddable":true,"href":"https:\/\/ultimato.com.br\/sites\/o-que-voce-quer\/wp-json\/wp\/v2\/users\/24"}],"replies":[{"embeddable":true,"href":"https:\/\/ultimato.com.br\/sites\/o-que-voce-quer\/wp-json\/wp\/v2\/comments?post=4"}],"version-history":[{"count":3,"href":"https:\/\/ultimato.com.br\/sites\/o-que-voce-quer\/wp-json\/wp\/v2\/pages\/4\/revisions"}],"predecessor-version":[{"id":28,"href":"https:\/\/ultimato.com.br\/sites\/o-que-voce-quer\/wp-json\/wp\/v2\/pages\/4\/revisions\/28"}],"wp:attachment":[{"href":"https:\/\/ultimato.com.br\/sites\/o-que-voce-quer\/wp-json\/wp\/v2\/media?parent=4"}],"curies":[{"name":"wp","href":"https:\/\/api.w.org\/{rel}","templated":true}]}}