{"id":20,"date":"2016-06-23T10:03:39","date_gmt":"2016-06-23T13:03:39","guid":{"rendered":"http:\/\/ultimato.com.br\/sites\/o-que-voce-quer\/?page_id=20"},"modified":"2016-06-23T10:14:54","modified_gmt":"2016-06-23T13:14:54","slug":"release","status":"publish","type":"page","link":"https:\/\/ultimato.com.br\/sites\/o-que-voce-quer\/extras\/release\/","title":{"rendered":"Release"},"content":{"rendered":"<p><em><a href=\"http:\/\/ultimato.com.br\/sites\/o-que-voce-quer\/files\/2016\/06\/10-Release_O_Q_Vc_Quer_Jul2016.pdf\">Aqui est\u00e1<\/a> o press<\/em>&#8211;<em>release<\/em> do livro <strong>O Que Voc\u00ea Quer?<br \/>\n<\/strong>\u00a0para voc\u00ea divulgar no seu site, blog, jornal ou outro meio de comunica\u00e7\u00e3o do seu acesso.<\/p>\n","protected":false},"excerpt":{"rendered":"<p>Aqui est\u00e1 o press&#8211;release do livro O Que Voc\u00ea Quer? \u00a0para voc\u00ea divulgar no seu site, blog, jornal ou outro meio de comunica\u00e7\u00e3o do seu acesso.<\/p>\n","protected":false},"author":24,"featured_media":0,"parent":7,"menu_order":2,"comment_status":"closed","ping_status":"closed","template":"","meta":{"ngg_post_thumbnail":0,"footnotes":""},"class_list":["post-20","page","type-page","status-publish","hentry"],"_links":{"self":[{"href":"https:\/\/ultimato.com.br\/sites\/o-que-voce-quer\/wp-json\/wp\/v2\/pages\/20","targetHints":{"allow":["GET"]}}],"collection":[{"href":"https:\/\/ultimato.com.br\/sites\/o-que-voce-quer\/wp-json\/wp\/v2\/pages"}],"about":[{"href":"https:\/\/ultimato.com.br\/sites\/o-que-voce-quer\/wp-json\/wp\/v2\/types\/page"}],"author":[{"embeddable":true,"href":"https:\/\/ultimato.com.br\/sites\/o-que-voce-quer\/wp-json\/wp\/v2\/users\/24"}],"replies":[{"embeddable":true,"href":"https:\/\/ultimato.com.br\/sites\/o-que-voce-quer\/wp-json\/wp\/v2\/comments?post=20"}],"version-history":[{"count":3,"href":"https:\/\/ultimato.com.br\/sites\/o-que-voce-quer\/wp-json\/wp\/v2\/pages\/20\/revisions"}],"predecessor-version":[{"id":42,"href":"https:\/\/ultimato.com.br\/sites\/o-que-voce-quer\/wp-json\/wp\/v2\/pages\/20\/revisions\/42"}],"up":[{"embeddable":true,"href":"https:\/\/ultimato.com.br\/sites\/o-que-voce-quer\/wp-json\/wp\/v2\/pages\/7"}],"wp:attachment":[{"href":"https:\/\/ultimato.com.br\/sites\/o-que-voce-quer\/wp-json\/wp\/v2\/media?parent=20"}],"curies":[{"name":"wp","href":"https:\/\/api.w.org\/{rel}","templated":true}]}}