{"id":28,"date":"2011-07-08T11:59:17","date_gmt":"2011-07-08T14:59:17","guid":{"rendered":"http:\/\/ultimato.com.br\/sites\/nem-monge-nem-executivo\/?page_id=28"},"modified":"2011-08-04T08:55:20","modified_gmt":"2011-08-04T11:55:20","slug":"divulgue-a-ideia","status":"publish","type":"page","link":"https:\/\/ultimato.com.br\/sites\/nem-monge-nem-executivo\/extras\/divulgue-a-ideia\/","title":{"rendered":"Divulgue a ideia"},"content":{"rendered":"<p>O que acha de levar as pessoas a um conceito correto sobre Jesus e o modelo proposto por ele para ser seguido?Preparamos alguns banners para voc\u00ea colocar no seu blog\/site e divulgar a ideia do livro Nem Monge, Nem Executivo.<\/p>\n<p><strong>Banner 120&#215;60<\/strong><\/p>\n<table border=\"0\" cellspacing=\"0\" cellpadding=\"0\" width=\"100%\">\n<tbody>\n<tr>\n<td style=\"text-align: center;\"><a href=\"http:\/\/www.ultimato.com.br\/boletim\/downloads\/nmne\/bannerE_nmne.gif\" class=\"lightview\" data-lightview-group=\"group-28\" data-lightview-options=\"skin: 'dark', controls: 'relative', padding: '10', shadow: { color: '#000000', opacity: 0.08, blur: 3 }\" target=\"_blank\" data-lightview-title=\"Banner 120x60\"><img loading=\"lazy\" decoding=\"async\" class=\"alignnone size-thumbnail wp-image-120\" style=\"border: 0px initial initial;\" title=\"Banner 120x60\" src=\"http:\/\/www.ultimato.com.br\/boletim\/downloads\/nmne\/bannerE_nmne.gif\" alt=\"\" width=\"120\" height=\"60\" \/><\/a><\/td>\n<\/tr>\n<tr>\n<td style=\"text-align: center;\"><a href=\"http:\/\/www.ultimato.com.br\/boletim\/downloads\/nmne\/bannerE_nmne.gif\" class=\"lightview\" data-lightview-group=\"group-28\" data-lightview-options=\"skin: 'dark', controls: 'relative', padding: '10', shadow: { color: '#000000', opacity: 0.08, blur: 3 }\" target=\"_blank\">[120&#215;60]<\/a><\/td>\n<\/tr>\n<\/tbody>\n<\/table>\n<p style=\"padding-left: 60px;\"><em>C\u00f3digo de incorpora\u00e7\u00e3o:<\/em> &lt;a href=&#8221;http:\/\/www.ultimato.com.br\/sites\/nem-monge-nem-executivo&#8221; target=&#8221;_blank&#8221; title=&#8221;Nem Monge, Nem Executivo&#8221;&gt;&lt;img style=&#8221;border: 0px initial initial;&#8221; title=&#8221;Banner 120&#215;60&#8243; src=&#8221;http:\/\/www.ultimato.com.br\/boletim\/downloads\/nmne\/bannerE_nmne.gif&#8221; alt=&#8221;&#8221; width=&#8221;120&#8243; height=&#8221;240&#8243; \/&gt;&lt;\/a&gt;<\/p>\n<p><a href=\"http:\/\/www.ultimato.com.br\/boletim\/downloads\/ltu\/bannerE_ltu.gif\" class=\"lightview\" data-lightview-group=\"group-28\" data-lightview-options=\"skin: 'dark', controls: 'relative', padding: '10', shadow: { color: '#000000', opacity: 0.08, blur: 3 }\" style=\"border: 0px initial initial;\" title=\"Banner 120x240\" target=\"_blank\"><\/a><\/p>\n<p><strong>Banner 120&#215;240<\/strong><\/p>\n<table border=\"0\" cellspacing=\"0\" cellpadding=\"0\" width=\"100%\">\n<tbody>\n<tr>\n<td style=\"text-align: center;\"><a href=\"http:\/\/www.ultimato.com.br\/boletim\/downloads\/nmne\/bannerD_nmne.gif\" class=\"lightview\" data-lightview-group=\"group-28\" data-lightview-options=\"skin: 'dark', controls: 'relative', padding: '10', shadow: { color: '#000000', opacity: 0.08, blur: 3 }\" target=\"_blank\" data-lightview-title=\"Banner 120x240 (a)\"><img loading=\"lazy\" decoding=\"async\" class=\"alignnone size-thumbnail wp-image-120\" style=\"border: 0px initial initial;\" title=\"Banner 120x240 (a)\" src=\"http:\/\/www.ultimato.com.br\/boletim\/downloads\/nmne\/bannerD_nmne.gif\" alt=\"\" width=\"120\" height=\"240\" \/><\/a><\/td>\n<\/tr>\n<tr>\n<td style=\"text-align: center;\"><a href=\"http:\/\/www.ultimato.com.br\/boletim\/downloads\/nmne\/bannerD_nmne.gif\" class=\"lightview\" data-lightview-group=\"group-28\" data-lightview-options=\"skin: 'dark', controls: 'relative', padding: '10', shadow: { color: '#000000', opacity: 0.08, blur: 3 }\" target=\"_blank\">[120&#215;240]<\/a><\/td>\n<\/tr>\n<\/tbody>\n<\/table>\n<p style=\"padding-left: 60px;\"><em>C\u00f3digo de incorpora\u00e7\u00e3o:<\/em> &lt;a href=&#8221;http:\/\/www.ultimato.com.br\/sites\/nem-monge-nem-executivo&#8221; target=&#8221;_blank&#8221; title=&#8221;Nem Monge, Nem Executivo&#8221;&gt;&lt;img style=&#8221;border: 0px initial initial;&#8221; title=&#8221;Banner 120&#215;240&#8243; src=&#8221;http:\/\/www.ultimato.com.br\/boletim\/downloads\/nmne\/bannerD_nmne.gif&#8221; alt=&#8221;&#8221; width=&#8221;120&#8243; height=&#8221;240&#8243; \/&gt;&lt;\/a&gt;<\/p>\n","protected":false},"excerpt":{"rendered":"<p>O que acha de levar as pessoas a um conceito correto sobre Jesus e o modelo proposto por ele para ser seguido?Preparamos alguns banners para voc\u00ea colocar no seu blog\/site e divulgar a ideia do livro Nem Monge, Nem Executivo. Banner 120&#215;60 [120&#215;60] C\u00f3digo de incorpora\u00e7\u00e3o: &lt;a href=&#8221;http:\/\/www.ultimato.com.br\/sites\/nem-monge-nem-executivo&#8221; target=&#8221;_blank&#8221; title=&#8221;Nem Monge, Nem Executivo&#8221;&gt;&lt;img style=&#8221;border: 0px [&hellip;]<\/p>\n","protected":false},"author":8,"featured_media":0,"parent":19,"menu_order":3,"comment_status":"open","ping_status":"open","template":"","meta":{"footnotes":""},"class_list":["post-28","page","type-page","status-publish","hentry"],"_links":{"self":[{"href":"https:\/\/ultimato.com.br\/sites\/nem-monge-nem-executivo\/wp-json\/wp\/v2\/pages\/28","targetHints":{"allow":["GET"]}}],"collection":[{"href":"https:\/\/ultimato.com.br\/sites\/nem-monge-nem-executivo\/wp-json\/wp\/v2\/pages"}],"about":[{"href":"https:\/\/ultimato.com.br\/sites\/nem-monge-nem-executivo\/wp-json\/wp\/v2\/types\/page"}],"author":[{"embeddable":true,"href":"https:\/\/ultimato.com.br\/sites\/nem-monge-nem-executivo\/wp-json\/wp\/v2\/users\/8"}],"replies":[{"embeddable":true,"href":"https:\/\/ultimato.com.br\/sites\/nem-monge-nem-executivo\/wp-json\/wp\/v2\/comments?post=28"}],"version-history":[{"count":4,"href":"https:\/\/ultimato.com.br\/sites\/nem-monge-nem-executivo\/wp-json\/wp\/v2\/pages\/28\/revisions"}],"predecessor-version":[{"id":56,"href":"https:\/\/ultimato.com.br\/sites\/nem-monge-nem-executivo\/wp-json\/wp\/v2\/pages\/28\/revisions\/56"}],"up":[{"embeddable":true,"href":"https:\/\/ultimato.com.br\/sites\/nem-monge-nem-executivo\/wp-json\/wp\/v2\/pages\/19"}],"wp:attachment":[{"href":"https:\/\/ultimato.com.br\/sites\/nem-monge-nem-executivo\/wp-json\/wp\/v2\/media?parent=28"}],"curies":[{"name":"wp","href":"https:\/\/api.w.org\/{rel}","templated":true}]}}