{"id":17,"date":"2011-07-08T14:11:22","date_gmt":"2011-07-08T14:11:22","guid":{"rendered":"http:\/\/ultimato.com.br\/sites\/nem-monge-nem-executivo\/?page_id=17"},"modified":"2011-08-01T13:28:06","modified_gmt":"2011-08-01T16:28:06","slug":"o-que-disseram","status":"publish","type":"page","link":"https:\/\/ultimato.com.br\/sites\/nem-monge-nem-executivo\/o-que-disseram\/","title":{"rendered":"O que disseram"},"content":{"rendered":"<blockquote><p>Minha gera\u00e7\u00e3o aprendeu a orar de \u2018olhos abertos\u2019 com Paul Freston. Aprendemos a integrar aquilo que para n\u00f3s estava separado: f\u00e9 e pol\u00edtica, ora\u00e7\u00e3o e participa\u00e7\u00e3o social, piedade e profundidade acad\u00eamica, amor \u00e0 leitura e a vontade de levar cativo todo pensamento a Cristo. Nas p\u00e1ginas deste livro o leitor vai encontrar um pouco desta forma de pensar que nos desafia a uma dimens\u00e3o de compromisso crist\u00e3o mais profundo, em que nossos olhos devem \u201cpermanecer abertos\u201d para orar, ler a Palavra de Deus e interagir com a vida que nos cerca.<\/p><\/blockquote>\n<p style=\"text-align: right;\"><em>Ziel Machado, secret\u00e1rio regional para a America Latina da International Fellowship of Evangelical Students e membro da equipe pastoral da Igreja Metodista Livre da Sa\u00fade, em S\u00e3o Paulo<\/em><\/p>\n<blockquote><p>\u00c9 um grande privil\u00e9gio ter em m\u00e3os este livro. Como tamb\u00e9m conhecer o autor \u2014 para al\u00e9m do intelectual \u2014, um ingl\u00eas-brasileiro, casado com uma maranhense e com tr\u00eas lindos filhos, que \u00e9 apaixonado por Deus e por Sua justi\u00e7a. Um homem que cr\u00ea com a raz\u00e3o, mas tamb\u00e9m com o cora\u00e7\u00e3o e deixa o Evangelho de nosso o Senhor Jesus Cristo fluir n\u00e3o s\u00f3 em sua cabe\u00e7a, mas tamb\u00e9m em suas entranhas, em sua vida e em seu cotidiano. <strong>Nem Monges, Nem Executivo<\/strong> nos leva por caminhos que nos ensinam a sermos servos, fi\u00e9is a um especial chamado que tem como base o reino de Deus e a \u201cinvers\u00e3o\u201d que o pr\u00f3prio Cristo nos prop\u00f5e. Ao ler este livro voc\u00ea entender\u00e1 um pouco melhor o que de fato orienta e movimenta a vida do autor. Paul Freston, mais conhecido pelas an\u00e1lises pol\u00edticas ou pelas reflex\u00f5es sobre a sociedade e a igreja evang\u00e9lica, pode ou n\u00e3o merecer a sua concord\u00e2ncia. No entanto, sem a apaixonada devo\u00e7\u00e3o por Jesus Cristo, sem a certeza do reino de Deus abordado nestas p\u00e1ginas, nada do que Paul Freston escreva teria valor. <strong>Nem Monge, Nem Executivo<\/strong> mostra um pouco mais do maravilhoso amor que tem servido de inspira\u00e7\u00e3o e sustenta\u00e7\u00e3o para a <em>pr\u00e1xis <\/em>desse mestre, querido amigo e irm\u00e3o.<\/p><\/blockquote>\n<p style=\"text-align: right;\"><em>Alexandre Brasil Fonseca, doutor em sociologia, professor universit\u00e1rio e coordenador da Rede Fale<\/em><\/p>\n<blockquote><p>Conhe\u00e7o Paul Freston faz um bocado de tempo e sei que ele n\u00e3o \u00e9 apenas o soci\u00f3logo das an\u00e1lises cr\u00edticas profundamente perturbadoras sobre a igreja brasileira. Conhe\u00e7o principalmente o Paul que reflete sobre o texto b\u00edblico e nos apresenta medita\u00e7\u00f5es surpreendentes, claramente fi\u00e9is \u00e0s escrituras, mostrando\u00a0aspectos t\u00e3o simples da vida de Jesus, que n\u00f3s n\u00e3o costumamos discernir. <strong>Nem Monge, Nem Executivo<\/strong> \u00e9 uma leitura devocional que nos leva \u00e0 gratid\u00e3o, \u00e0 adora\u00e7\u00e3o e a uma renova\u00e7\u00e3o de nossa amizade humana com nosso Senhor.<\/p><\/blockquote>\n<p style=\"text-align: right;\"><em>Antonia Leonora van der Meer, doutora em missiologia e diretora da Escola de Miss\u00f5es do Centro Evang\u00e9lico de Miss\u00f5es, em Vi\u00e7osa, MG<\/em><\/p>\n","protected":false},"excerpt":{"rendered":"<p>Minha gera\u00e7\u00e3o aprendeu a orar de \u2018olhos abertos\u2019 com Paul Freston. Aprendemos a integrar aquilo que para n\u00f3s estava separado: f\u00e9 e pol\u00edtica, ora\u00e7\u00e3o e participa\u00e7\u00e3o social, piedade e profundidade acad\u00eamica, amor \u00e0 leitura e a vontade de levar cativo todo pensamento a Cristo. Nas p\u00e1ginas deste livro o leitor vai encontrar um pouco desta [&hellip;]<\/p>\n","protected":false},"author":8,"featured_media":0,"parent":0,"menu_order":3,"comment_status":"open","ping_status":"open","template":"","meta":{"footnotes":""},"class_list":["post-17","page","type-page","status-publish","hentry"],"_links":{"self":[{"href":"https:\/\/ultimato.com.br\/sites\/nem-monge-nem-executivo\/wp-json\/wp\/v2\/pages\/17","targetHints":{"allow":["GET"]}}],"collection":[{"href":"https:\/\/ultimato.com.br\/sites\/nem-monge-nem-executivo\/wp-json\/wp\/v2\/pages"}],"about":[{"href":"https:\/\/ultimato.com.br\/sites\/nem-monge-nem-executivo\/wp-json\/wp\/v2\/types\/page"}],"author":[{"embeddable":true,"href":"https:\/\/ultimato.com.br\/sites\/nem-monge-nem-executivo\/wp-json\/wp\/v2\/users\/8"}],"replies":[{"embeddable":true,"href":"https:\/\/ultimato.com.br\/sites\/nem-monge-nem-executivo\/wp-json\/wp\/v2\/comments?post=17"}],"version-history":[{"count":6,"href":"https:\/\/ultimato.com.br\/sites\/nem-monge-nem-executivo\/wp-json\/wp\/v2\/pages\/17\/revisions"}],"predecessor-version":[{"id":48,"href":"https:\/\/ultimato.com.br\/sites\/nem-monge-nem-executivo\/wp-json\/wp\/v2\/pages\/17\/revisions\/48"}],"wp:attachment":[{"href":"https:\/\/ultimato.com.br\/sites\/nem-monge-nem-executivo\/wp-json\/wp\/v2\/media?parent=17"}],"curies":[{"name":"wp","href":"https:\/\/api.w.org\/{rel}","templated":true}]}}