{"id":15,"date":"2011-07-08T14:11:03","date_gmt":"2011-07-08T14:11:03","guid":{"rendered":"http:\/\/ultimato.com.br\/sites\/nem-monge-nem-executivo\/?page_id=15"},"modified":"2011-08-03T08:33:53","modified_gmt":"2011-08-03T11:33:53","slug":"o-autor","status":"publish","type":"page","link":"https:\/\/ultimato.com.br\/sites\/nem-monge-nem-executivo\/o-autor\/","title":{"rendered":"O autor"},"content":{"rendered":"<p><a href=\"http:\/\/ultimato.com.br\/sites\/nem-monge-nem-executivo\/files\/2011\/07\/freston1.jpg\" class=\"lightview\" data-lightview-group=\"group-15\" data-lightview-options=\"skin: 'dark', controls: 'relative', padding: '10', shadow: { color: '#000000', opacity: 0.08, blur: 3 }\" data-lightview-title=\"freston1\"><img loading=\"lazy\" decoding=\"async\" class=\"alignright size-full wp-image-34\" title=\"freston1\" src=\"http:\/\/ultimato.com.br\/sites\/nem-monge-nem-executivo\/files\/2011\/07\/freston1.jpg\" alt=\"\" width=\"150\" height=\"161\" \/><\/a>Paul Freston, ingl\u00eas naturalizado brasileiro, \u00e9 professor colaborador do programa de p\u00f3s-gradua\u00e7\u00e3o em sociologia na Universidade Federal de S\u00e3o Carlos e professor catedr\u00e1tico de religi\u00e3o e pol\u00edtica em contexto global na Balsillie School of International Affairs e na Wilfrid Laurier University, em Waterloo, Ont\u00e1rio, Canad\u00e1. \u00c9 autor de <em><a href=\"http:\/\/www.ultimato.com.br\/loja\/produtos\/religiao-e-politica-sim-igreja-e-estado-nao\" target=\"_blank\">Religi\u00e3o e Pol\u00edtica, Sim; Igreja e Estado, N\u00e3o<\/a><\/em>, da Editora Ultimato e<em> <a href=\"http:\/\/www.ultimato.com.br\/loja\/produtos\/quem-perde-ganha\" target=\"_blank\">Quem Perde Ganha<\/a> <\/em>e <em><a href=\"http:\/\/www.ultimato.com.br\/loja\/produtos\/neemias-um-profissional-a-servico-do-reino\" target=\"_blank\">Neemias: Um Profissional a Servi\u00e7o do Reino<\/a><\/em>, ambos da ABU Editora.<\/p>\n<p>&nbsp;<\/p>\n","protected":false},"excerpt":{"rendered":"<p>Paul Freston, ingl\u00eas naturalizado brasileiro, \u00e9 professor colaborador do programa de p\u00f3s-gradua\u00e7\u00e3o em sociologia na Universidade Federal de S\u00e3o Carlos e professor catedr\u00e1tico de religi\u00e3o e pol\u00edtica em contexto global na Balsillie School of International Affairs e na Wilfrid Laurier University, em Waterloo, Ont\u00e1rio, Canad\u00e1. \u00c9 autor de Religi\u00e3o e Pol\u00edtica, Sim; Igreja e Estado, [&hellip;]<\/p>\n","protected":false},"author":8,"featured_media":0,"parent":0,"menu_order":2,"comment_status":"open","ping_status":"open","template":"","meta":{"footnotes":""},"class_list":["post-15","page","type-page","status-publish","hentry"],"_links":{"self":[{"href":"https:\/\/ultimato.com.br\/sites\/nem-monge-nem-executivo\/wp-json\/wp\/v2\/pages\/15","targetHints":{"allow":["GET"]}}],"collection":[{"href":"https:\/\/ultimato.com.br\/sites\/nem-monge-nem-executivo\/wp-json\/wp\/v2\/pages"}],"about":[{"href":"https:\/\/ultimato.com.br\/sites\/nem-monge-nem-executivo\/wp-json\/wp\/v2\/types\/page"}],"author":[{"embeddable":true,"href":"https:\/\/ultimato.com.br\/sites\/nem-monge-nem-executivo\/wp-json\/wp\/v2\/users\/8"}],"replies":[{"embeddable":true,"href":"https:\/\/ultimato.com.br\/sites\/nem-monge-nem-executivo\/wp-json\/wp\/v2\/comments?post=15"}],"version-history":[{"count":5,"href":"https:\/\/ultimato.com.br\/sites\/nem-monge-nem-executivo\/wp-json\/wp\/v2\/pages\/15\/revisions"}],"predecessor-version":[{"id":33,"href":"https:\/\/ultimato.com.br\/sites\/nem-monge-nem-executivo\/wp-json\/wp\/v2\/pages\/15\/revisions\/33"}],"wp:attachment":[{"href":"https:\/\/ultimato.com.br\/sites\/nem-monge-nem-executivo\/wp-json\/wp\/v2\/media?parent=15"}],"curies":[{"name":"wp","href":"https:\/\/api.w.org\/{rel}","templated":true}]}}