{"id":13,"date":"2011-07-08T14:10:40","date_gmt":"2011-07-08T14:10:40","guid":{"rendered":"http:\/\/ultimato.com.br\/sites\/nem-monge-nem-executivo\/?page_id=13"},"modified":"2011-08-01T09:38:03","modified_gmt":"2011-08-01T12:38:03","slug":"o-livro","status":"publish","type":"page","link":"https:\/\/ultimato.com.br\/sites\/nem-monge-nem-executivo\/","title":{"rendered":"O livro"},"content":{"rendered":"<p><img src=\"https:\/\/ultimato.com.br\/sites\/nem-monge-nem-executivo\/wp-content\/plugins\/lightview-plus\/img\/novideo.png\" width=\"300\" height=\"168\" alt=\"Video not available\" \/><br \/><br \/>\nPor que algu\u00e9m abriria m\u00e3o de transformar pedras em p\u00e3es? Ou, numa vers\u00e3o moderna, por que algu\u00e9m abriria m\u00e3o de ser bem-sucedido, de ter um pouco mais de dinheiro ou todas as vontades realizadas?<\/p>\n<p>A refer\u00eancia ao \u2018cl\u00e1ssico\u2019 <em>O Monge e o Executivo<\/em>, de James Hunter, \u00e9 \u00f3bvia. No entanto, <strong>Nem Monge, Nem Executivo<\/strong> \u00e9 um livro de medita\u00e7\u00f5es b\u00edblicas sobre a vida e o ensino de Jesus Cristo. E, claro, Jesus n\u00e3o era um monge nem, muito menos, um executivo, mas um modelo de espiritualidade a ser seguido. Uma espiritualidade invertida, de ponta-cabe\u00e7a. Invertida porque sua \u00e9tica, escolhas e valores s\u00e3o contr\u00e1rios ao estilo de vida que desejamos e \u00e0quilo que a sociedade nos oferece. Uma leitura tocante e ao mesmo tempo profundamente aplicada \u00e0 realidade que nos cerca.<\/p>\n<p>&nbsp;<\/p>\n","protected":false},"excerpt":{"rendered":"<p>Por que algu\u00e9m abriria m\u00e3o de transformar pedras em p\u00e3es? Ou, numa vers\u00e3o moderna, por que algu\u00e9m abriria m\u00e3o de ser bem-sucedido, de ter um pouco mais de dinheiro ou todas as vontades realizadas? A refer\u00eancia ao \u2018cl\u00e1ssico\u2019 O Monge e o Executivo, de James Hunter, \u00e9 \u00f3bvia. No entanto, Nem Monge, Nem Executivo \u00e9 [&hellip;]<\/p>\n","protected":false},"author":8,"featured_media":0,"parent":0,"menu_order":1,"comment_status":"open","ping_status":"open","template":"","meta":{"footnotes":""},"class_list":["post-13","page","type-page","status-publish","hentry"],"_links":{"self":[{"href":"https:\/\/ultimato.com.br\/sites\/nem-monge-nem-executivo\/wp-json\/wp\/v2\/pages\/13","targetHints":{"allow":["GET"]}}],"collection":[{"href":"https:\/\/ultimato.com.br\/sites\/nem-monge-nem-executivo\/wp-json\/wp\/v2\/pages"}],"about":[{"href":"https:\/\/ultimato.com.br\/sites\/nem-monge-nem-executivo\/wp-json\/wp\/v2\/types\/page"}],"author":[{"embeddable":true,"href":"https:\/\/ultimato.com.br\/sites\/nem-monge-nem-executivo\/wp-json\/wp\/v2\/users\/8"}],"replies":[{"embeddable":true,"href":"https:\/\/ultimato.com.br\/sites\/nem-monge-nem-executivo\/wp-json\/wp\/v2\/comments?post=13"}],"version-history":[{"count":5,"href":"https:\/\/ultimato.com.br\/sites\/nem-monge-nem-executivo\/wp-json\/wp\/v2\/pages\/13\/revisions"}],"predecessor-version":[{"id":46,"href":"https:\/\/ultimato.com.br\/sites\/nem-monge-nem-executivo\/wp-json\/wp\/v2\/pages\/13\/revisions\/46"}],"wp:attachment":[{"href":"https:\/\/ultimato.com.br\/sites\/nem-monge-nem-executivo\/wp-json\/wp\/v2\/media?parent=13"}],"curies":[{"name":"wp","href":"https:\/\/api.w.org\/{rel}","templated":true}]}}