{"id":7,"date":"2016-10-19T15:53:45","date_gmt":"2016-10-19T17:53:45","guid":{"rendered":"http:\/\/ultimato.com.br\/sites\/mundo-perdido-adao-eva\/?page_id=7"},"modified":"2016-10-19T15:53:45","modified_gmt":"2016-10-19T17:53:45","slug":"o-que-disseram","status":"publish","type":"page","link":"https:\/\/ultimato.com.br\/sites\/mundo-perdido-adao-eva\/o-que-disseram\/","title":{"rendered":"O que disseram"},"content":{"rendered":"<blockquote><p>Uma interpreta\u00e7\u00e3o de G\u00eanesis 2 e 3 pode ser fiel ao texto b\u00edblico e, ao mesmo tempo, respaldada pelas afirma\u00e7\u00f5es mais leg\u00edtimas da ci\u00eancia? \u00c9 poss\u00edvel interpretar os relatos da cria\u00e7\u00e3o e da queda de Ad\u00e3o e Eva \u00e0 luz de todos os paralelos na literatura do Antigo Oriente Pr\u00f3ximo sobre a cria\u00e7\u00e3o e, ainda assim, acreditar na infalibilidade das Escrituras? John Walton mostra que a resposta para ambas as perguntas \u00e9 um sonoro \u201csim\u201d. Quer concorde ou n\u00e3o com todos os detalhes da interpreta\u00e7\u00e3o de Walton, o leitor vai admirar a lucidez, a clareza e a sensibilidade do autor. Uma leitura obrigat\u00f3ria para quem ainda pensa que \u00e9 preciso escolher entre f\u00e9 e ci\u00eancia.<\/p><\/blockquote>\n<p><em>\u2013 Craig L. Blomberg<\/em><\/p>\n<blockquote>\n<p><strong>O Mundo Perdido de Ad\u00e3o e Eva<\/strong>\u00a0prepara os crist\u00e3os para ler G\u00eanesis nos pr\u00f3prios termos do livro, em vez de l\u00ea-lo nos termos que herdamos da narrativa moderna \u2013 ci\u00eancia\u00a0<em>versus f\u00e9 crista \u2013 da nossa cultura.<\/em><\/p><\/blockquote>\n<p><em><br \/>\n\u2013 Skye Jethani<\/em><\/p>\n<blockquote><p>\nJohn Walton \u00e9 um presente para a igreja. Ao lidar com as afirma\u00e7\u00f5es das Escrituras no contexto hist\u00f3rico antigo em que se encontram,\u00a0<strong>O Mundo Perdido de Ad\u00e3o e Eva<\/strong>\u00a0oferece\u00a0<em>um registro profundamente evang\u00e9lico de como a B\u00edblia fala de Ad\u00e3o e Eva.\u00a0<\/em><\/p><\/blockquote>\n<p><em><br \/>\n\u2013 Timothy Gombis<\/em><\/p>\n<blockquote><p>\n<strong>O Mundo Perdido de Ad\u00e3o e Eva<\/strong>\u00a0ajuda uma gera\u00e7\u00e3o inteira \u2013 de crist\u00e3os e c\u00e9ticos \u2013 a aprender a ler G\u00eanesis como ele foi concebido para ser lido. N\u00e3o consigo imaginar um estudante da B\u00edblia n\u00e3o ficando fascinado com o conhecimento de Walton.<\/p><\/blockquote>\n<p><em>\u2013 John Ortberg<\/em><\/p>\n","protected":false},"excerpt":{"rendered":"<p>Uma interpreta\u00e7\u00e3o de G\u00eanesis 2 e 3 pode ser fiel ao texto b\u00edblico e, ao mesmo tempo, respaldada pelas afirma\u00e7\u00f5es mais leg\u00edtimas da ci\u00eancia? \u00c9 poss\u00edvel interpretar os relatos da cria\u00e7\u00e3o e da queda de Ad\u00e3o e Eva \u00e0 luz de todos os paralelos na literatura do Antigo Oriente Pr\u00f3ximo sobre a cria\u00e7\u00e3o e, ainda [&hellip;]<\/p>\n","protected":false},"author":24,"featured_media":0,"parent":0,"menu_order":1,"comment_status":"closed","ping_status":"closed","template":"","meta":{"footnotes":""},"class_list":["post-7","page","type-page","status-publish","hentry"],"_links":{"self":[{"href":"https:\/\/ultimato.com.br\/sites\/mundo-perdido-adao-eva\/wp-json\/wp\/v2\/pages\/7","targetHints":{"allow":["GET"]}}],"collection":[{"href":"https:\/\/ultimato.com.br\/sites\/mundo-perdido-adao-eva\/wp-json\/wp\/v2\/pages"}],"about":[{"href":"https:\/\/ultimato.com.br\/sites\/mundo-perdido-adao-eva\/wp-json\/wp\/v2\/types\/page"}],"author":[{"embeddable":true,"href":"https:\/\/ultimato.com.br\/sites\/mundo-perdido-adao-eva\/wp-json\/wp\/v2\/users\/24"}],"replies":[{"embeddable":true,"href":"https:\/\/ultimato.com.br\/sites\/mundo-perdido-adao-eva\/wp-json\/wp\/v2\/comments?post=7"}],"version-history":[{"count":1,"href":"https:\/\/ultimato.com.br\/sites\/mundo-perdido-adao-eva\/wp-json\/wp\/v2\/pages\/7\/revisions"}],"predecessor-version":[{"id":14,"href":"https:\/\/ultimato.com.br\/sites\/mundo-perdido-adao-eva\/wp-json\/wp\/v2\/pages\/7\/revisions\/14"}],"wp:attachment":[{"href":"https:\/\/ultimato.com.br\/sites\/mundo-perdido-adao-eva\/wp-json\/wp\/v2\/media?parent=7"}],"curies":[{"name":"wp","href":"https:\/\/api.w.org\/{rel}","templated":true}]}}