{"id":6,"date":"2016-10-19T15:52:43","date_gmt":"2016-10-19T17:52:43","guid":{"rendered":"http:\/\/ultimato.com.br\/sites\/mundo-perdido-adao-eva\/?page_id=6"},"modified":"2016-10-19T15:52:43","modified_gmt":"2016-10-19T17:52:43","slug":"o-livro","status":"publish","type":"page","link":"https:\/\/ultimato.com.br\/sites\/mundo-perdido-adao-eva\/","title":{"rendered":"O Livro"},"content":{"rendered":"<p>Durante s\u00e9culos, a hist\u00f3ria de Ad\u00e3o e Eva tem circulado nos mais diferentes meios, como a literatura, a arte e a teologia. Por\u00e9m, at\u00e9 mesmo para os crist\u00e3os que querem levar a s\u00e9rio a autoridade das Escrituras, a compreens\u00e3o \u201cliteral\u201d dos primeiros cap\u00edtulos de G\u00eanesis parece uma ruptura dolorosa entre f\u00e9 e ci\u00eancia.<\/p>\n<p>Existe um conflito inerente entre as afirma\u00e7\u00f5es da B\u00edblia e o consenso cient\u00edfico atual sobre as origens humanas? Em que contexto Ad\u00e3o e Eva, o jardim, a \u00e1rvore e a serpente foram retratados? E se estivermos lendo G\u00eanesis \u2013 e suas afirma\u00e7\u00f5es sobre as origens da humanidade \u2013 de forma errada?<\/p>\n<p><strong>O Mundo Perdido de Ad\u00e3o e Eva<\/strong>\u00a0explora o contexto do Antigo Oriente Pr\u00f3ximo de G\u00eanesis 2 e 3, criando espa\u00e7o para uma leitura fiel das Escrituras aliada a um compromisso com a ci\u00eancia em busca de avan\u00e7os no debate sobre as origens humanas. A participa\u00e7\u00e3o esclarecedora de N. T. Wright, que coloca Ad\u00e3o na narrativa impl\u00edcita da teologia de Paulo, \u00e9 a cereja do bolo.<\/p>\n","protected":false},"excerpt":{"rendered":"<p>Durante s\u00e9culos, a hist\u00f3ria de Ad\u00e3o e Eva tem circulado nos mais diferentes meios, como a literatura, a arte e a teologia. Por\u00e9m, at\u00e9 mesmo para os crist\u00e3os que querem levar a s\u00e9rio a autoridade das Escrituras, a compreens\u00e3o \u201cliteral\u201d dos primeiros cap\u00edtulos de G\u00eanesis parece uma ruptura dolorosa entre f\u00e9 e ci\u00eancia. Existe um [&hellip;]<\/p>\n","protected":false},"author":24,"featured_media":0,"parent":0,"menu_order":0,"comment_status":"closed","ping_status":"closed","template":"","meta":{"footnotes":""},"class_list":["post-6","page","type-page","status-publish","hentry"],"_links":{"self":[{"href":"https:\/\/ultimato.com.br\/sites\/mundo-perdido-adao-eva\/wp-json\/wp\/v2\/pages\/6","targetHints":{"allow":["GET"]}}],"collection":[{"href":"https:\/\/ultimato.com.br\/sites\/mundo-perdido-adao-eva\/wp-json\/wp\/v2\/pages"}],"about":[{"href":"https:\/\/ultimato.com.br\/sites\/mundo-perdido-adao-eva\/wp-json\/wp\/v2\/types\/page"}],"author":[{"embeddable":true,"href":"https:\/\/ultimato.com.br\/sites\/mundo-perdido-adao-eva\/wp-json\/wp\/v2\/users\/24"}],"replies":[{"embeddable":true,"href":"https:\/\/ultimato.com.br\/sites\/mundo-perdido-adao-eva\/wp-json\/wp\/v2\/comments?post=6"}],"version-history":[{"count":1,"href":"https:\/\/ultimato.com.br\/sites\/mundo-perdido-adao-eva\/wp-json\/wp\/v2\/pages\/6\/revisions"}],"predecessor-version":[{"id":13,"href":"https:\/\/ultimato.com.br\/sites\/mundo-perdido-adao-eva\/wp-json\/wp\/v2\/pages\/6\/revisions\/13"}],"wp:attachment":[{"href":"https:\/\/ultimato.com.br\/sites\/mundo-perdido-adao-eva\/wp-json\/wp\/v2\/media?parent=6"}],"curies":[{"name":"wp","href":"https:\/\/api.w.org\/{rel}","templated":true}]}}