{"id":7,"date":"2010-05-12T10:39:49","date_gmt":"2010-05-12T13:39:49","guid":{"rendered":"http:\/\/ultimato.com.br\/blogs\/missao-mundo-moderno\/?page_id=7"},"modified":"2010-05-19T08:40:33","modified_gmt":"2010-05-19T11:40:33","slug":"o-autor","status":"publish","type":"page","link":"https:\/\/ultimato.com.br\/sites\/missao-mundo-moderno\/o-autor\/","title":{"rendered":"O autor"},"content":{"rendered":"<p><a href=\"http:\/\/ultimato.com.br\/blogs\/missao-mundo-moderno\/files\/2010\/05\/john_stott.jpg\" class=\"lightview\" data-lightview-group=\"group-7\" data-lightview-options=\"skin: 'dark', controls: 'relative', padding: '10', shadow: { color: '#000000', opacity: 0.08, blur: 3 }\" data-lightview-title=\"John Stott\"><img loading=\"lazy\" decoding=\"async\" class=\"alignright size-full wp-image-41\" title=\"John Stott\" src=\"http:\/\/ultimato.com.br\/blogs\/missao-mundo-moderno\/files\/2010\/05\/john_stott.jpg\" alt=\"\" width=\"130\" height=\"156\" \/><\/a>Conhecido no mundo inteiro como te\u00f3logo, escritor e evangelista, John Stott \u00e9 autor de mais de quarenta livros, incluindo <strong>A Miss\u00e3o Crist\u00e3 no Mundo Moderno<\/strong>, <a href=\"http:\/\/www.ultimato.com.br\/?pg=show_livros&amp;util=1&amp;registro=417\" target=\"_blank\">A B\u00edblia Toda, o Ano Todo<\/a>,\u00a0<a href=\"http:\/\/www.ultimato.com.br\/?pg=show_livros&amp;util=1&amp;registro=251\" target=\"_blank\">Por Que Sou Crist\u00e3o<\/a> e o campe\u00e3o de vendas <a href=\"http:\/\/www.ultimato.com.br\/?pg=show_livros&amp;util=1&amp;registro=385\" target=\"_blank\">Cristianismo B\u00e1sico<\/a>. Ele \u00e9 pastor em\u00e9rito da All Souls Church, em Londres, e fundador do London Institute for Contemporary Christianity. Foi indicado pela revista <em>Time<\/em> como uma das cem personalidades mais influentes do mundo.<\/p>\n<p><strong><span style=\"color: #800000\">Dizem por a\u00ed&#8230;<br \/>\n<span style=\"color: #000000;font-weight: normal\">\u201cNingu\u00e9m aborda com tanto cuidado e clareza a miss\u00e3o da igreja no mundo como John Stott. Notavelmente estimulante e esclarecedor.\u201d<br \/>\n<em>&#8212; Vis\u00e3o Mundial<\/em><\/span><\/span><\/strong><\/p>\n<p><strong><span style=\"color: #800000\"><span style=\"color: #000000;font-weight: normal\"><em><span style=\"font-style: normal\">\u201cN\u00e3o conhe\u00e7o ningu\u00e9m que tenha sido mais feliz em apresentar a vis\u00e3o b\u00edblica para tantas pessoas do que John Stott.\u201d<\/span><br \/>\n&#8212; Billy Graham <\/em><\/span><\/span><\/strong><\/p>\n","protected":false},"excerpt":{"rendered":"<p>Conhecido no mundo inteiro como te\u00f3logo, escritor e evangelista, John Stott \u00e9 autor de mais de quarenta livros, incluindo A Miss\u00e3o Crist\u00e3 no Mundo Moderno, A B\u00edblia Toda, o Ano Todo,\u00a0Por Que Sou Crist\u00e3o e o campe\u00e3o de vendas Cristianismo B\u00e1sico. Ele \u00e9 pastor em\u00e9rito da All Souls Church, em Londres, e fundador do London [&hellip;]<\/p>\n","protected":false},"author":4,"featured_media":0,"parent":0,"menu_order":2,"comment_status":"open","ping_status":"open","template":"","meta":{"footnotes":""},"class_list":["post-7","page","type-page","status-publish","hentry"],"_links":{"self":[{"href":"https:\/\/ultimato.com.br\/sites\/missao-mundo-moderno\/wp-json\/wp\/v2\/pages\/7","targetHints":{"allow":["GET"]}}],"collection":[{"href":"https:\/\/ultimato.com.br\/sites\/missao-mundo-moderno\/wp-json\/wp\/v2\/pages"}],"about":[{"href":"https:\/\/ultimato.com.br\/sites\/missao-mundo-moderno\/wp-json\/wp\/v2\/types\/page"}],"author":[{"embeddable":true,"href":"https:\/\/ultimato.com.br\/sites\/missao-mundo-moderno\/wp-json\/wp\/v2\/users\/4"}],"replies":[{"embeddable":true,"href":"https:\/\/ultimato.com.br\/sites\/missao-mundo-moderno\/wp-json\/wp\/v2\/comments?post=7"}],"version-history":[{"count":11,"href":"https:\/\/ultimato.com.br\/sites\/missao-mundo-moderno\/wp-json\/wp\/v2\/pages\/7\/revisions"}],"predecessor-version":[{"id":57,"href":"https:\/\/ultimato.com.br\/sites\/missao-mundo-moderno\/wp-json\/wp\/v2\/pages\/7\/revisions\/57"}],"wp:attachment":[{"href":"https:\/\/ultimato.com.br\/sites\/missao-mundo-moderno\/wp-json\/wp\/v2\/media?parent=7"}],"curies":[{"name":"wp","href":"https:\/\/api.w.org\/{rel}","templated":true}]}}