{"id":47,"date":"2010-05-14T09:14:30","date_gmt":"2010-05-14T12:14:30","guid":{"rendered":"http:\/\/ultimato.com.br\/blogs\/missao-mundo-moderno\/?page_id=47"},"modified":"2010-07-19T17:15:00","modified_gmt":"2010-07-19T20:15:00","slug":"faca-voce-mesmo","status":"publish","type":"page","link":"https:\/\/ultimato.com.br\/sites\/missao-mundo-moderno\/lancamentos\/faca-voce-mesmo\/","title":{"rendered":"Fa\u00e7a voc\u00ea mesmo"},"content":{"rendered":"<p>Voc\u00ea tamb\u00e9m pode fazer o lan\u00e7amento do livro\u00a0<strong>A Miss\u00e3o Crist\u00e3 no Mundo Moderno<\/strong> na sua cidade!<\/p>\n<p>A Editora Ultimato preparou dois roteiros especiais para o lan\u00e7amento do livro. Confira as orienta\u00e7\u00f5es e os recursos \u00e0 sua disposi\u00e7\u00e3o para a realiza\u00e7\u00e3o de um encontro r\u00e1pido ou um evento maior que pode marcar a sua comunidade.<\/p>\n<p>No primeiro, o lan\u00e7amento \u00e9 acompanhado de uma s\u00e9rie de atividades ao longo do dia ligadas ao tema e pode ser adequado \u00e0 realidade e ao contexto dos organizadores do evento.\u00a0<a href=\"http:\/\/www.ultimato.com.br\/boletim\/2010\/lancamento\/mcmm\/roteiro_I_mc.pdf\" target=\"_blank\">Clique aqui <\/a>e veja o\u00a0<em>roteiro I<\/em>.<\/p>\n<p>No segundo, mais breve, o lan\u00e7amento do livro \u00e9 a sua apresenta\u00e7\u00e3o e exposi\u00e7\u00e3o ao p\u00fablico, com uma palavra dos organizadores (ou de um convidado especial) sobre o tema, que pode ser acompanhada de um momento de perguntas e respostas.\u00a0<a href=\"http:\/\/www.ultimato.com.br\/boletim\/2010\/lancamento\/mcmm\/roteiro_II_mc.pdf\" target=\"_blank\">Clique aqui <\/a>e veja o\u00a0<em>roteiro II<\/em>.<\/p>\n<p>Compartilhe o seu evento conosco!\u00a0<a href=\"http:\/\/ultimato.com.br\/blogs\/arte-biblia\/files\/2010\/05\/Formulario.pdf\" target=\"_blank\">Clique aqui<\/a>.<\/p>\n","protected":false},"excerpt":{"rendered":"<p>Voc\u00ea tamb\u00e9m pode fazer o lan\u00e7amento do livro\u00a0A Miss\u00e3o Crist\u00e3 no Mundo Moderno na sua cidade! A Editora Ultimato preparou dois roteiros especiais para o lan\u00e7amento do livro. Confira as orienta\u00e7\u00f5es e os recursos \u00e0 sua disposi\u00e7\u00e3o para a realiza\u00e7\u00e3o de um encontro r\u00e1pido ou um evento maior que pode marcar a sua comunidade. No [&hellip;]<\/p>\n","protected":false},"author":4,"featured_media":0,"parent":24,"menu_order":1,"comment_status":"open","ping_status":"open","template":"","meta":{"footnotes":""},"class_list":["post-47","page","type-page","status-publish","hentry"],"_links":{"self":[{"href":"https:\/\/ultimato.com.br\/sites\/missao-mundo-moderno\/wp-json\/wp\/v2\/pages\/47","targetHints":{"allow":["GET"]}}],"collection":[{"href":"https:\/\/ultimato.com.br\/sites\/missao-mundo-moderno\/wp-json\/wp\/v2\/pages"}],"about":[{"href":"https:\/\/ultimato.com.br\/sites\/missao-mundo-moderno\/wp-json\/wp\/v2\/types\/page"}],"author":[{"embeddable":true,"href":"https:\/\/ultimato.com.br\/sites\/missao-mundo-moderno\/wp-json\/wp\/v2\/users\/4"}],"replies":[{"embeddable":true,"href":"https:\/\/ultimato.com.br\/sites\/missao-mundo-moderno\/wp-json\/wp\/v2\/comments?post=47"}],"version-history":[{"count":4,"href":"https:\/\/ultimato.com.br\/sites\/missao-mundo-moderno\/wp-json\/wp\/v2\/pages\/47\/revisions"}],"predecessor-version":[{"id":65,"href":"https:\/\/ultimato.com.br\/sites\/missao-mundo-moderno\/wp-json\/wp\/v2\/pages\/47\/revisions\/65"}],"up":[{"embeddable":true,"href":"https:\/\/ultimato.com.br\/sites\/missao-mundo-moderno\/wp-json\/wp\/v2\/pages\/24"}],"wp:attachment":[{"href":"https:\/\/ultimato.com.br\/sites\/missao-mundo-moderno\/wp-json\/wp\/v2\/media?parent=47"}],"curies":[{"name":"wp","href":"https:\/\/api.w.org\/{rel}","templated":true}]}}