{"id":4,"date":"2010-05-12T10:38:18","date_gmt":"2010-05-12T13:38:18","guid":{"rendered":"http:\/\/ultimato.com.br\/blogs\/missao-mundo-moderno\/?page_id=4"},"modified":"2010-07-09T12:40:20","modified_gmt":"2010-07-09T15:40:20","slug":"o-livro","status":"publish","type":"page","link":"https:\/\/ultimato.com.br\/sites\/missao-mundo-moderno\/","title":{"rendered":"O livro"},"content":{"rendered":"<p><img src=\"https:\/\/ultimato.com.br\/sites\/missao-mundo-moderno\/wp-content\/plugins\/lightview-plus\/img\/novideo.png\" width=\"300\" height=\"168\" alt=\"Video not available\" \/><br \/><\/p>\n<p>Escrito por um dos gigantes crist\u00e3os da atualidade, <strong>A Miss\u00e3o Crist\u00e3 no Mundo Moderno<\/strong> nos oferece princ\u00edpios nos quais fundamentar nossa compreens\u00e3o da miss\u00e3o crist\u00e3 para alcan\u00e7armos o equil\u00edbrio b\u00edblico que tanto necessitamos.<br \/>\n&#8212; <em>Ajith Fernando<\/em>, Diretor nacional da Mocidade para Cristo no Sri Lanka<\/p>\n<p>Nessa obra cl\u00e1ssica, John Stott  apresenta defini\u00e7\u00f5es cuidadosas de cinco termos-chave \u2014 <em>miss\u00e3o, evangelismo, di\u00e1logo, salva\u00e7\u00e3o e convers\u00e3o<\/em> \u2014 e, biblicamente, oferece um modelo de minist\u00e9rio para as necessidades espirituais e f\u00edsicas das pessoas. Para o autor, a miss\u00e3o crist\u00e3 \u00e9 tanto evangeliza\u00e7\u00e3o como a\u00e7\u00e3o social.<\/p>\n<p><strong>A Miss\u00e3o Crist\u00e3 no Mundo Moderno<\/strong> \u00e9 uma abordagem equilibrada e hol\u00edstica da miss\u00e3o que, a partir do exemplo de Jesus, aponta o caminho para o trabalho da igreja no mundo.<\/p>\n<p><strong><span style=\"color: #800000;\">Livros relacionados:<br \/>\n<span style=\"color: #000000; font-weight: normal;\">\u2022 <a href=\"http:\/\/ultimato.com.br\/blogs\/missao_integral\/\" target=\"_blank\">O Que \u00c9 Miss\u00e3o Integral?<\/a>, Ren\u00e9 Padilla<br \/>\n\u2022 <a href=\"http:\/\/www.ultimato.com.br\/?pg=show_livros&amp;util=1&amp;registro=500\" target=\"_blank\">F\u00e1brica de Mission\u00e1rios<\/a>, Rubem Amorese<br \/>\n\u2022 <a href=\"http:\/\/www.ultimato.com.br\/?pg=show_livros&amp;util=1&amp;registro=385\" target=\"_blank\">Cristianismo B\u00e1sico<\/a>, John Stott<br \/>\n\u2022 <a href=\"http:\/\/www.ultimato.com.br\/?pg=show_livros&amp;util=1&amp;registro=251\" target=\"_blank\">Por Que Sou Crist\u00e3o?<\/a>, John Stott<\/span><\/span><\/strong><\/p>\n","protected":false},"excerpt":{"rendered":"<p>Escrito por um dos gigantes crist\u00e3os da atualidade, A Miss\u00e3o Crist\u00e3 no Mundo Moderno nos oferece princ\u00edpios nos quais fundamentar nossa compreens\u00e3o da miss\u00e3o crist\u00e3 para alcan\u00e7armos o equil\u00edbrio b\u00edblico que tanto necessitamos. &#8212; Ajith Fernando, Diretor nacional da Mocidade para Cristo no Sri Lanka Nessa obra cl\u00e1ssica, John Stott apresenta defini\u00e7\u00f5es cuidadosas de cinco [&hellip;]<\/p>\n","protected":false},"author":4,"featured_media":0,"parent":0,"menu_order":1,"comment_status":"open","ping_status":"open","template":"","meta":{"footnotes":""},"class_list":["post-4","page","type-page","status-publish","hentry"],"_links":{"self":[{"href":"https:\/\/ultimato.com.br\/sites\/missao-mundo-moderno\/wp-json\/wp\/v2\/pages\/4","targetHints":{"allow":["GET"]}}],"collection":[{"href":"https:\/\/ultimato.com.br\/sites\/missao-mundo-moderno\/wp-json\/wp\/v2\/pages"}],"about":[{"href":"https:\/\/ultimato.com.br\/sites\/missao-mundo-moderno\/wp-json\/wp\/v2\/types\/page"}],"author":[{"embeddable":true,"href":"https:\/\/ultimato.com.br\/sites\/missao-mundo-moderno\/wp-json\/wp\/v2\/users\/4"}],"replies":[{"embeddable":true,"href":"https:\/\/ultimato.com.br\/sites\/missao-mundo-moderno\/wp-json\/wp\/v2\/comments?post=4"}],"version-history":[{"count":19,"href":"https:\/\/ultimato.com.br\/sites\/missao-mundo-moderno\/wp-json\/wp\/v2\/pages\/4\/revisions"}],"predecessor-version":[{"id":64,"href":"https:\/\/ultimato.com.br\/sites\/missao-mundo-moderno\/wp-json\/wp\/v2\/pages\/4\/revisions\/64"}],"wp:attachment":[{"href":"https:\/\/ultimato.com.br\/sites\/missao-mundo-moderno\/wp-json\/wp\/v2\/media?parent=4"}],"curies":[{"name":"wp","href":"https:\/\/api.w.org\/{rel}","templated":true}]}}