{"id":24,"date":"2010-05-13T10:37:34","date_gmt":"2010-05-13T13:37:34","guid":{"rendered":"http:\/\/ultimato.com.br\/blogs\/missao-mundo-moderno\/?page_id=24"},"modified":"2010-05-14T09:22:25","modified_gmt":"2010-05-14T12:22:25","slug":"lancamentos","status":"publish","type":"page","link":"https:\/\/ultimato.com.br\/sites\/missao-mundo-moderno\/lancamentos\/","title":{"rendered":"Lan\u00e7amentos"},"content":{"rendered":"<p>Voc\u00ea tamb\u00e9m pode fazer o lan\u00e7amento do livro <strong>A Miss\u00e3o Crist\u00e3 no Mundo Moderno<\/strong> na sua cidade! Saiba como <a href=\"http:\/\/ultimato.com.br\/blogs\/missao-mundo-moderno\/lancamentos\/faca-voce-mesmo\/\" target=\"_self\">aqui<\/a>.<\/p>\n<p>Veja a agenda de lan\u00e7amentos deste livro <a href=\"http:\/\/ultimato.com.br\/blogs\/missao-mundo-moderno\/lancamentos\/agenda\/\" target=\"_self\">aqui<\/a>.<\/p>\n","protected":false},"excerpt":{"rendered":"<p>Voc\u00ea tamb\u00e9m pode fazer o lan\u00e7amento do livro A Miss\u00e3o Crist\u00e3 no Mundo Moderno na sua cidade! Saiba como aqui. Veja a agenda de lan\u00e7amentos deste livro aqui.<\/p>\n","protected":false},"author":4,"featured_media":0,"parent":0,"menu_order":4,"comment_status":"open","ping_status":"open","template":"","meta":{"footnotes":""},"class_list":["post-24","page","type-page","status-publish","hentry"],"_links":{"self":[{"href":"https:\/\/ultimato.com.br\/sites\/missao-mundo-moderno\/wp-json\/wp\/v2\/pages\/24","targetHints":{"allow":["GET"]}}],"collection":[{"href":"https:\/\/ultimato.com.br\/sites\/missao-mundo-moderno\/wp-json\/wp\/v2\/pages"}],"about":[{"href":"https:\/\/ultimato.com.br\/sites\/missao-mundo-moderno\/wp-json\/wp\/v2\/types\/page"}],"author":[{"embeddable":true,"href":"https:\/\/ultimato.com.br\/sites\/missao-mundo-moderno\/wp-json\/wp\/v2\/users\/4"}],"replies":[{"embeddable":true,"href":"https:\/\/ultimato.com.br\/sites\/missao-mundo-moderno\/wp-json\/wp\/v2\/comments?post=24"}],"version-history":[{"count":6,"href":"https:\/\/ultimato.com.br\/sites\/missao-mundo-moderno\/wp-json\/wp\/v2\/pages\/24\/revisions"}],"predecessor-version":[{"id":26,"href":"https:\/\/ultimato.com.br\/sites\/missao-mundo-moderno\/wp-json\/wp\/v2\/pages\/24\/revisions\/26"}],"wp:attachment":[{"href":"https:\/\/ultimato.com.br\/sites\/missao-mundo-moderno\/wp-json\/wp\/v2\/media?parent=24"}],"curies":[{"name":"wp","href":"https:\/\/api.w.org\/{rel}","templated":true}]}}