{"id":11,"date":"2010-05-12T10:42:14","date_gmt":"2010-05-12T13:42:14","guid":{"rendered":"http:\/\/ultimato.com.br\/blogs\/missao-mundo-moderno\/?page_id=11"},"modified":"2010-05-13T11:00:45","modified_gmt":"2010-05-13T14:00:45","slug":"forum","status":"publish","type":"page","link":"https:\/\/ultimato.com.br\/sites\/missao-mundo-moderno\/forum\/","title":{"rendered":"F\u00f3rum"},"content":{"rendered":"<p>O que seria mais importante na miss\u00e3o crist\u00e3: \u201csalvar almas\u201d ou se concentrar em quest\u00f5es de justi\u00e7a social? Ou devemos fazer ambos?<\/p>\n","protected":false},"excerpt":{"rendered":"<p>O que seria mais importante na miss\u00e3o crist\u00e3: \u201csalvar almas\u201d ou se concentrar em quest\u00f5es de justi\u00e7a social? Ou devemos fazer ambos?<\/p>\n","protected":false},"author":4,"featured_media":0,"parent":0,"menu_order":3,"comment_status":"open","ping_status":"open","template":"","meta":{"footnotes":""},"class_list":["post-11","page","type-page","status-publish","hentry"],"_links":{"self":[{"href":"https:\/\/ultimato.com.br\/sites\/missao-mundo-moderno\/wp-json\/wp\/v2\/pages\/11","targetHints":{"allow":["GET"]}}],"collection":[{"href":"https:\/\/ultimato.com.br\/sites\/missao-mundo-moderno\/wp-json\/wp\/v2\/pages"}],"about":[{"href":"https:\/\/ultimato.com.br\/sites\/missao-mundo-moderno\/wp-json\/wp\/v2\/types\/page"}],"author":[{"embeddable":true,"href":"https:\/\/ultimato.com.br\/sites\/missao-mundo-moderno\/wp-json\/wp\/v2\/users\/4"}],"replies":[{"embeddable":true,"href":"https:\/\/ultimato.com.br\/sites\/missao-mundo-moderno\/wp-json\/wp\/v2\/comments?post=11"}],"version-history":[{"count":3,"href":"https:\/\/ultimato.com.br\/sites\/missao-mundo-moderno\/wp-json\/wp\/v2\/pages\/11\/revisions"}],"predecessor-version":[{"id":44,"href":"https:\/\/ultimato.com.br\/sites\/missao-mundo-moderno\/wp-json\/wp\/v2\/pages\/11\/revisions\/44"}],"wp:attachment":[{"href":"https:\/\/ultimato.com.br\/sites\/missao-mundo-moderno\/wp-json\/wp\/v2\/media?parent=11"}],"curies":[{"name":"wp","href":"https:\/\/api.w.org\/{rel}","templated":true}]}}