{"id":15,"date":"2014-05-14T15:05:47","date_gmt":"2014-05-14T15:05:47","guid":{"rendered":"http:\/\/ultimato.com.br\/sites\/missao-invertida\/?page_id=15"},"modified":"2014-05-14T15:16:46","modified_gmt":"2014-05-14T15:16:46","slug":"o-autor","status":"publish","type":"page","link":"https:\/\/ultimato.com.br\/sites\/missao-invertida\/o-autor\/","title":{"rendered":"O autor"},"content":{"rendered":"<p><b><a href=\"http:\/\/ultimato.com.br\/sites\/missao-invertida\/files\/2014\/05\/foto_hs_ami.jpg\"><img loading=\"lazy\" decoding=\"async\" class=\"alignleft size-thumbnail wp-image-6\" alt=\"foto_hs_ami\" src=\"http:\/\/ultimato.com.br\/sites\/missao-invertida\/files\/2014\/05\/foto_hs_ami-150x150.jpg\" width=\"150\" height=\"150\" \/><\/a>Paul Bendor-Samuel<\/b>, casado, quatro filhos, \u00e9 diretor internacional da Interserve, ag\u00eancia mission\u00e1ria que serve na \u00c1sia e no mundo \u00e1rabe. Antes de se tornar diretor e conferencista, Paul trabalhou por doze anos no Norte da \u00c1frica como m\u00e9dico em sa\u00fade prim\u00e1ria e como diretor geral de uma organiza\u00e7\u00e3o crist\u00e3 de desenvolvimento.<\/p>\n","protected":false},"excerpt":{"rendered":"<p>Paul Bendor-Samuel, casado, quatro filhos, \u00e9 diretor internacional da Interserve, ag\u00eancia mission\u00e1ria que serve na \u00c1sia e no mundo \u00e1rabe. Antes de se tornar diretor e conferencista, Paul trabalhou por doze anos no Norte da \u00c1frica como m\u00e9dico em sa\u00fade prim\u00e1ria e como diretor geral de uma organiza\u00e7\u00e3o crist\u00e3 de desenvolvimento.<\/p>\n","protected":false},"author":24,"featured_media":0,"parent":0,"menu_order":2,"comment_status":"closed","ping_status":"open","template":"","meta":{"footnotes":""},"class_list":["post-15","page","type-page","status-publish","hentry"],"_links":{"self":[{"href":"https:\/\/ultimato.com.br\/sites\/missao-invertida\/wp-json\/wp\/v2\/pages\/15","targetHints":{"allow":["GET"]}}],"collection":[{"href":"https:\/\/ultimato.com.br\/sites\/missao-invertida\/wp-json\/wp\/v2\/pages"}],"about":[{"href":"https:\/\/ultimato.com.br\/sites\/missao-invertida\/wp-json\/wp\/v2\/types\/page"}],"author":[{"embeddable":true,"href":"https:\/\/ultimato.com.br\/sites\/missao-invertida\/wp-json\/wp\/v2\/users\/24"}],"replies":[{"embeddable":true,"href":"https:\/\/ultimato.com.br\/sites\/missao-invertida\/wp-json\/wp\/v2\/comments?post=15"}],"version-history":[{"count":2,"href":"https:\/\/ultimato.com.br\/sites\/missao-invertida\/wp-json\/wp\/v2\/pages\/15\/revisions"}],"predecessor-version":[{"id":17,"href":"https:\/\/ultimato.com.br\/sites\/missao-invertida\/wp-json\/wp\/v2\/pages\/15\/revisions\/17"}],"wp:attachment":[{"href":"https:\/\/ultimato.com.br\/sites\/missao-invertida\/wp-json\/wp\/v2\/media?parent=15"}],"curies":[{"name":"wp","href":"https:\/\/api.w.org\/{rel}","templated":true}]}}