{"id":13,"date":"2014-05-14T15:05:22","date_gmt":"2014-05-14T15:05:22","guid":{"rendered":"http:\/\/ultimato.com.br\/sites\/missao-invertida\/?page_id=13"},"modified":"2014-05-14T15:16:43","modified_gmt":"2014-05-14T15:16:43","slug":"o-que-disseram","status":"publish","type":"page","link":"https:\/\/ultimato.com.br\/sites\/missao-invertida\/o-que-disseram\/","title":{"rendered":"O que disseram"},"content":{"rendered":"<blockquote><p>Ouvir mais e estar ao lado da igreja no campo \u2013 sem necessariamente come\u00e7ar algo novo \u2013, com disposi\u00e7\u00e3o para caminhar ao lado dos que j\u00e1 est\u00e3o ali, \u00e9 um desafio tanto para aqueles que enviam quanto para os que s\u00e3o enviados. <b>A Miss\u00e3o Invertida<\/b> mostra que precisamos aprender a nos encaixar no que Deus j\u00e1 est\u00e1 fazendo, mesmo que seja algo diferente dos nossos projetos e estrat\u00e9gias. Um livro desafiador.<\/p><\/blockquote>\n<p>\u2013 <i>Antonia Leonora van der Meer<\/i> (Tonica), autora de <i>Eu, Um Mission\u00e1rio?<\/i> e <i>Mission\u00e1rios Feridos<\/i><\/p>\n<p>&nbsp;<\/p>\n<blockquote><p><b>A Miss\u00e3o Invertida<\/b> sugere uma quebra de paradigma no trabalho mission\u00e1rio: o fator prim\u00e1rio precisa ser o fortalecimento das igrejas nacionais para que elas tomem a responsabilidade da miss\u00e3o localmente.<i> <\/i>Bendor-Samuel aponta para o entrelace entre o \u201cvinde\u201d e o \u201cide\u201d de Jesus (Mt 4.19). A evangeliza\u00e7\u00e3o e a expans\u00e3o do reino no primeiro s\u00e9culo se deu principalmente pela igreja nacional, ou por nacionais, conforme primeiro tornaram-se disc\u00edpulos de Jesus. Tal perspectiva nos leva a considerar nossa a\u00e7\u00e3o mission\u00e1ria como serva dos crist\u00e3os nacionais. Recomendo fortemente a leitura deste livro.<\/p><\/blockquote>\n<p>\u2013 <i>Silas Tostes<\/i>, presidente da AMTB \u2013 Associa\u00e7\u00e3o de Miss\u00f5es Transculturais Brasileiras e diretor da Miss\u00e3o Antioquia (Vale da B\u00ean\u00e7\u00e3o)<\/p>\n<p>&nbsp;<\/p>\n<blockquote><p><b>A Miss\u00e3o Invertida<\/b> \u00e9 um livro para ler e guardar. O autor nos ajuda a entender que, ao participarmos do que Deus est\u00e1 fazendo no mundo e pelo mundo, estamos nos empenhando num projeto de dimens\u00f5es imensas. Hoje, a igreja crist\u00e3 \u00e9 de maioria africana, asi\u00e1tica e latino-americana; n\u00e3o \u00e9 mais predominantemente europeia e norte-americana. Para Bendor-Samuel, estas mudan\u00e7as significam que temos de repensar alguns valores antigos, como a etnicidade, a inclus\u00e3o de g\u00eaneros, a unidade, a comunidade e a ideia de parceria no desafio mission\u00e1rio.<\/p><\/blockquote>\n<p>\u2013 <i>Tim\u00f3teo Carriker<\/i>, autor de <i>A Vis\u00e3o Mission\u00e1ria na B\u00edblia<\/i><\/p>\n","protected":false},"excerpt":{"rendered":"<p>Ouvir mais e estar ao lado da igreja no campo \u2013 sem necessariamente come\u00e7ar algo novo \u2013, com disposi\u00e7\u00e3o para caminhar ao lado dos que j\u00e1 est\u00e3o ali, \u00e9 um desafio tanto para aqueles que enviam quanto para os que s\u00e3o enviados. A Miss\u00e3o Invertida mostra que precisamos aprender a nos encaixar no que Deus [&hellip;]<\/p>\n","protected":false},"author":24,"featured_media":0,"parent":0,"menu_order":1,"comment_status":"closed","ping_status":"open","template":"","meta":{"footnotes":""},"class_list":["post-13","page","type-page","status-publish","hentry"],"_links":{"self":[{"href":"https:\/\/ultimato.com.br\/sites\/missao-invertida\/wp-json\/wp\/v2\/pages\/13","targetHints":{"allow":["GET"]}}],"collection":[{"href":"https:\/\/ultimato.com.br\/sites\/missao-invertida\/wp-json\/wp\/v2\/pages"}],"about":[{"href":"https:\/\/ultimato.com.br\/sites\/missao-invertida\/wp-json\/wp\/v2\/types\/page"}],"author":[{"embeddable":true,"href":"https:\/\/ultimato.com.br\/sites\/missao-invertida\/wp-json\/wp\/v2\/users\/24"}],"replies":[{"embeddable":true,"href":"https:\/\/ultimato.com.br\/sites\/missao-invertida\/wp-json\/wp\/v2\/comments?post=13"}],"version-history":[{"count":1,"href":"https:\/\/ultimato.com.br\/sites\/missao-invertida\/wp-json\/wp\/v2\/pages\/13\/revisions"}],"predecessor-version":[{"id":14,"href":"https:\/\/ultimato.com.br\/sites\/missao-invertida\/wp-json\/wp\/v2\/pages\/13\/revisions\/14"}],"wp:attachment":[{"href":"https:\/\/ultimato.com.br\/sites\/missao-invertida\/wp-json\/wp\/v2\/media?parent=13"}],"curies":[{"name":"wp","href":"https:\/\/api.w.org\/{rel}","templated":true}]}}