{"id":40,"date":"2014-07-30T19:59:25","date_gmt":"2014-07-30T19:59:25","guid":{"rendered":"http:\/\/ultimato.com.br\/sites\/missao-integral\/?page_id=40"},"modified":"2014-07-30T19:59:25","modified_gmt":"2014-07-30T19:59:25","slug":"release","status":"publish","type":"page","link":"https:\/\/ultimato.com.br\/sites\/missao-integral\/extras\/release\/","title":{"rendered":"Release"},"content":{"rendered":"<p>Aqui est\u00e1 o\u00a0<em>press-release<\/em>\u00a0do livro\u00a0<strong>Miss\u00e3o Integral<\/strong>\u00a0para voc\u00ea divulgar no seu site, blog, jornal ou outro meio de comunica\u00e7\u00e3o do seu acesso. Ajude-nos a espalhar este conte\u00fado<\/p>\n<p>&#8211; Arquivo em\u00a0<a href=\"http:\/\/ultimato.com.br\/sites\/missao-integral\/files\/2014\/07\/Release_Missao_Integral_Agosto_2014.pdf\" target=\"_blank\">PDF<\/a>.<\/p>\n","protected":false},"excerpt":{"rendered":"<p>Aqui est\u00e1 o\u00a0press-release\u00a0do livro\u00a0Miss\u00e3o Integral\u00a0para voc\u00ea divulgar no seu site, blog, jornal ou outro meio de comunica\u00e7\u00e3o do seu acesso. Ajude-nos a espalhar este conte\u00fado &#8211; Arquivo em\u00a0PDF.<\/p>\n","protected":false},"author":24,"featured_media":0,"parent":16,"menu_order":3,"comment_status":"open","ping_status":"open","template":"","meta":{"footnotes":""},"class_list":["post-40","page","type-page","status-publish","hentry"],"_links":{"self":[{"href":"https:\/\/ultimato.com.br\/sites\/missao-integral\/wp-json\/wp\/v2\/pages\/40","targetHints":{"allow":["GET"]}}],"collection":[{"href":"https:\/\/ultimato.com.br\/sites\/missao-integral\/wp-json\/wp\/v2\/pages"}],"about":[{"href":"https:\/\/ultimato.com.br\/sites\/missao-integral\/wp-json\/wp\/v2\/types\/page"}],"author":[{"embeddable":true,"href":"https:\/\/ultimato.com.br\/sites\/missao-integral\/wp-json\/wp\/v2\/users\/24"}],"replies":[{"embeddable":true,"href":"https:\/\/ultimato.com.br\/sites\/missao-integral\/wp-json\/wp\/v2\/comments?post=40"}],"version-history":[{"count":1,"href":"https:\/\/ultimato.com.br\/sites\/missao-integral\/wp-json\/wp\/v2\/pages\/40\/revisions"}],"predecessor-version":[{"id":42,"href":"https:\/\/ultimato.com.br\/sites\/missao-integral\/wp-json\/wp\/v2\/pages\/40\/revisions\/42"}],"up":[{"embeddable":true,"href":"https:\/\/ultimato.com.br\/sites\/missao-integral\/wp-json\/wp\/v2\/pages\/16"}],"wp:attachment":[{"href":"https:\/\/ultimato.com.br\/sites\/missao-integral\/wp-json\/wp\/v2\/media?parent=40"}],"curies":[{"name":"wp","href":"https:\/\/api.w.org\/{rel}","templated":true}]}}