{"id":14,"date":"2014-07-30T16:00:16","date_gmt":"2014-07-30T16:00:16","guid":{"rendered":"http:\/\/ultimato.com.br\/sites\/missao-integral\/?page_id=14"},"modified":"2014-07-30T19:16:18","modified_gmt":"2014-07-30T19:16:18","slug":"o-autor","status":"publish","type":"page","link":"https:\/\/ultimato.com.br\/sites\/missao-integral\/o-autor\/","title":{"rendered":"O autor"},"content":{"rendered":"<p><strong><a href=\"http:\/\/ultimato.com.br\/sites\/missao-integral\/files\/2014\/07\/foto_hs_mi.jpg\"><img loading=\"lazy\" decoding=\"async\" class=\"alignleft size-thumbnail wp-image-5\" alt=\"foto_hs_mi\" src=\"http:\/\/ultimato.com.br\/sites\/missao-integral\/files\/2014\/07\/foto_hs_mi-150x150.jpg\" width=\"150\" height=\"150\" \/><\/a>C. Ren\u00e9 Padilla<\/strong> \u00e9 um dos te\u00f3logos e pensadores protestantes latino-americanos mais conhecidos em todo o mundo. Nascido no Equador e residente em Buenos Aires, na Argentina, \u00e9 fundador e presidente da Rede Miqueias e membro-fundador da Fraternidade Teol\u00f3gica Latino-Americana. \u00c9 bacharel em filosofia, mestre em teologia pelo Wheaton College, Estados Unidos, e doutor em Novo Testamento pela Universidade de Manchester, na Inglaterra. \u00c9 autor de, entre outros, <em>O Que \u00e9 Miss\u00e3o Integral<\/em>? (Editora Ultimato)<\/p>\n","protected":false},"excerpt":{"rendered":"<p>C. Ren\u00e9 Padilla \u00e9 um dos te\u00f3logos e pensadores protestantes latino-americanos mais conhecidos em todo o mundo. Nascido no Equador e residente em Buenos Aires, na Argentina, \u00e9 fundador e presidente da Rede Miqueias e membro-fundador da Fraternidade Teol\u00f3gica Latino-Americana. \u00c9 bacharel em filosofia, mestre em teologia pelo Wheaton College, Estados Unidos, e doutor em [&hellip;]<\/p>\n","protected":false},"author":24,"featured_media":0,"parent":0,"menu_order":2,"comment_status":"closed","ping_status":"open","template":"","meta":{"footnotes":""},"class_list":["post-14","page","type-page","status-publish","hentry"],"_links":{"self":[{"href":"https:\/\/ultimato.com.br\/sites\/missao-integral\/wp-json\/wp\/v2\/pages\/14","targetHints":{"allow":["GET"]}}],"collection":[{"href":"https:\/\/ultimato.com.br\/sites\/missao-integral\/wp-json\/wp\/v2\/pages"}],"about":[{"href":"https:\/\/ultimato.com.br\/sites\/missao-integral\/wp-json\/wp\/v2\/types\/page"}],"author":[{"embeddable":true,"href":"https:\/\/ultimato.com.br\/sites\/missao-integral\/wp-json\/wp\/v2\/users\/24"}],"replies":[{"embeddable":true,"href":"https:\/\/ultimato.com.br\/sites\/missao-integral\/wp-json\/wp\/v2\/comments?post=14"}],"version-history":[{"count":2,"href":"https:\/\/ultimato.com.br\/sites\/missao-integral\/wp-json\/wp\/v2\/pages\/14\/revisions"}],"predecessor-version":[{"id":27,"href":"https:\/\/ultimato.com.br\/sites\/missao-integral\/wp-json\/wp\/v2\/pages\/14\/revisions\/27"}],"wp:attachment":[{"href":"https:\/\/ultimato.com.br\/sites\/missao-integral\/wp-json\/wp\/v2\/media?parent=14"}],"curies":[{"name":"wp","href":"https:\/\/api.w.org\/{rel}","templated":true}]}}