{"id":10,"date":"2014-07-30T15:59:52","date_gmt":"2014-07-30T15:59:52","guid":{"rendered":"http:\/\/ultimato.com.br\/sites\/missao-integral\/?page_id=10"},"modified":"2014-07-30T19:47:22","modified_gmt":"2014-07-30T19:47:22","slug":"o-livro","status":"publish","type":"page","link":"https:\/\/ultimato.com.br\/sites\/missao-integral\/","title":{"rendered":"O livro"},"content":{"rendered":"<p>N\u00e3o \u00e9 poss\u00edvel falar de \u201cMiss\u00e3o Integral\u201d sem falar em Ren\u00e9 Padilla. N\u00e3o \u00e9 poss\u00edvel discutir a \u201cteologia\u201d da miss\u00e3o integral sem ler ou citar o cl\u00e1ssico <em>Misi\u00f3n Integral<\/em>, publicado originalmente em espanhol na d\u00e9cada de 80 por um dos mais importantes te\u00f3logos protestantes latino-americanos do s\u00e9culo vinte.<br \/>\n<em>Miss\u00e3o Integral \u2013 o Reino de Deus e a Igreja<\/em> \u00e9 a nova edi\u00e7\u00e3o, ampliada pelo autor e escolhida pela revista Christianity Today como um dos 5 melhores livros sobre miss\u00f5es. Uma leitura definitiva.<\/p>\n","protected":false},"excerpt":{"rendered":"<p>N\u00e3o \u00e9 poss\u00edvel falar de \u201cMiss\u00e3o Integral\u201d sem falar em Ren\u00e9 Padilla. N\u00e3o \u00e9 poss\u00edvel discutir a \u201cteologia\u201d da miss\u00e3o integral sem ler ou citar o cl\u00e1ssico Misi\u00f3n Integral, publicado originalmente em espanhol na d\u00e9cada de 80 por um dos mais importantes te\u00f3logos protestantes latino-americanos do s\u00e9culo vinte. Miss\u00e3o Integral \u2013 o Reino de Deus [&hellip;]<\/p>\n","protected":false},"author":24,"featured_media":0,"parent":0,"menu_order":0,"comment_status":"open","ping_status":"open","template":"","meta":{"footnotes":""},"class_list":["post-10","page","type-page","status-publish","hentry"],"_links":{"self":[{"href":"https:\/\/ultimato.com.br\/sites\/missao-integral\/wp-json\/wp\/v2\/pages\/10","targetHints":{"allow":["GET"]}}],"collection":[{"href":"https:\/\/ultimato.com.br\/sites\/missao-integral\/wp-json\/wp\/v2\/pages"}],"about":[{"href":"https:\/\/ultimato.com.br\/sites\/missao-integral\/wp-json\/wp\/v2\/types\/page"}],"author":[{"embeddable":true,"href":"https:\/\/ultimato.com.br\/sites\/missao-integral\/wp-json\/wp\/v2\/users\/24"}],"replies":[{"embeddable":true,"href":"https:\/\/ultimato.com.br\/sites\/missao-integral\/wp-json\/wp\/v2\/comments?post=10"}],"version-history":[{"count":3,"href":"https:\/\/ultimato.com.br\/sites\/missao-integral\/wp-json\/wp\/v2\/pages\/10\/revisions"}],"predecessor-version":[{"id":37,"href":"https:\/\/ultimato.com.br\/sites\/missao-integral\/wp-json\/wp\/v2\/pages\/10\/revisions\/37"}],"wp:attachment":[{"href":"https:\/\/ultimato.com.br\/sites\/missao-integral\/wp-json\/wp\/v2\/media?parent=10"}],"curies":[{"name":"wp","href":"https:\/\/api.w.org\/{rel}","templated":true}]}}