{"id":9,"date":"2012-02-15T08:05:22","date_gmt":"2012-02-15T11:05:22","guid":{"rendered":"http:\/\/ultimato.com.br\/sites\/minha-familia-pode-ser-feliz\/?page_id=9"},"modified":"2012-02-29T11:09:09","modified_gmt":"2012-02-29T14:09:09","slug":"o-autor","status":"publish","type":"page","link":"https:\/\/ultimato.com.br\/sites\/minha-familia-pode-ser-feliz\/o-autor\/","title":{"rendered":"O autor"},"content":{"rendered":"<p><strong><a href=\"http:\/\/ultimato.com.br\/sites\/minha-familia-pode-ser-feliz\/files\/2012\/02\/fotoautor5.jpg\" class=\"lightview\" data-lightview-group=\"group-9\" data-lightview-options=\"skin: 'dark', controls: 'relative', padding: '10', shadow: { color: '#000000', opacity: 0.08, blur: 3 }\" data-lightview-title=\"fotoautor\"><img loading=\"lazy\" decoding=\"async\" class=\"alignright size-medium wp-image-108\" title=\"fotoautor\" src=\"http:\/\/ultimato.com.br\/sites\/minha-familia-pode-ser-feliz\/files\/2012\/02\/fotoautor5-258x300.jpg\" alt=\"\" width=\"258\" height=\"300\" srcset=\"https:\/\/ultimato.com.br\/sites\/minha-familia-pode-ser-feliz\/files\/2012\/02\/fotoautor5-258x300.jpg 258w, https:\/\/ultimato.com.br\/sites\/minha-familia-pode-ser-feliz\/files\/2012\/02\/fotoautor5.jpg 313w\" sizes=\"auto, (max-width: 258px) 100vw, 258px\" \/><\/a>Cleydemir Santos<\/strong>, casado, \u00e9 pastor e psic\u00f3logo cl\u00ednico, membro do Corpo de Psic\u00f3logos e Psiquiatras Crist\u00e3os.<\/p>\n<blockquote><p><span style=\"color: #808080;\">Aos casais que tivemos a oportunidade de acompanhar nos \u00faltimos anos, tanto no consult\u00f3rio como na igreja, repetindo sempre a mesma frase: o casamento vale a pena!<\/span><br \/>\n<span style=\"color: #808080;\"> Aos casais cujo enlace matrimonial tivemos a honra de aben\u00e7oar.<\/span><br \/>\n<span style=\"color: #808080;\"> A cada cerim\u00f4nia de casamento somos renovados no amor e na esperan\u00e7a de que o que Deus fez \u00e9 muito bom e o homem n\u00e3o deve separar.<\/span><br \/>\n<span style=\"color: #808080;\"> Aos que, apesar de termos feito de tudo para n\u00e3o se casarem, foram mais fortes que n\u00f3s ao afirmar \u201ctoparem qualquer neg\u00f3cio\u201d um pelo outro. Fiquem firme mesmo quando a realidade for\u00a0diferente do que sonharam no namoro. O \u00fanico \u201cneg\u00f3cio\u201d que sustenta o casamento \u00e9 a presen\u00e7a de Deus entre voc\u00eas.<\/span><br \/>\n<span style=\"color: #808080;\"> Finalmente, a um casal em especial, junto h\u00e1 58 anos em tantas adversidades e perdas que a vida proporciona: \u00a0Messias e Menininha \u2014 o amor de voc\u00eas nos encoraja e alegra. Obrigado pelo modelo de servi\u00e7o, for\u00e7a e coragem!<\/span><\/p><\/blockquote>\n","protected":false},"excerpt":{"rendered":"<p>Cleydemir Santos, casado, \u00e9 pastor e psic\u00f3logo cl\u00ednico, membro do Corpo de Psic\u00f3logos e Psiquiatras Crist\u00e3os. Aos casais que tivemos a oportunidade de acompanhar nos \u00faltimos anos, tanto no consult\u00f3rio como na igreja, repetindo sempre a mesma frase: o casamento vale a pena! Aos casais cujo enlace matrimonial tivemos a honra de aben\u00e7oar. A cada [&hellip;]<\/p>\n","protected":false},"author":24,"featured_media":0,"parent":0,"menu_order":2,"comment_status":"open","ping_status":"closed","template":"","meta":{"footnotes":""},"class_list":["post-9","page","type-page","status-publish","hentry"],"_links":{"self":[{"href":"https:\/\/ultimato.com.br\/sites\/minha-familia-pode-ser-feliz\/wp-json\/wp\/v2\/pages\/9","targetHints":{"allow":["GET"]}}],"collection":[{"href":"https:\/\/ultimato.com.br\/sites\/minha-familia-pode-ser-feliz\/wp-json\/wp\/v2\/pages"}],"about":[{"href":"https:\/\/ultimato.com.br\/sites\/minha-familia-pode-ser-feliz\/wp-json\/wp\/v2\/types\/page"}],"author":[{"embeddable":true,"href":"https:\/\/ultimato.com.br\/sites\/minha-familia-pode-ser-feliz\/wp-json\/wp\/v2\/users\/24"}],"replies":[{"embeddable":true,"href":"https:\/\/ultimato.com.br\/sites\/minha-familia-pode-ser-feliz\/wp-json\/wp\/v2\/comments?post=9"}],"version-history":[{"count":13,"href":"https:\/\/ultimato.com.br\/sites\/minha-familia-pode-ser-feliz\/wp-json\/wp\/v2\/pages\/9\/revisions"}],"predecessor-version":[{"id":110,"href":"https:\/\/ultimato.com.br\/sites\/minha-familia-pode-ser-feliz\/wp-json\/wp\/v2\/pages\/9\/revisions\/110"}],"wp:attachment":[{"href":"https:\/\/ultimato.com.br\/sites\/minha-familia-pode-ser-feliz\/wp-json\/wp\/v2\/media?parent=9"}],"curies":[{"name":"wp","href":"https:\/\/api.w.org\/{rel}","templated":true}]}}