{"id":7,"date":"2012-02-15T08:05:04","date_gmt":"2012-02-15T11:05:04","guid":{"rendered":"http:\/\/ultimato.com.br\/sites\/minha-familia-pode-ser-feliz\/?page_id=7"},"modified":"2012-03-07T09:04:30","modified_gmt":"2012-03-07T12:04:30","slug":"o-livro","status":"publish","type":"page","link":"https:\/\/ultimato.com.br\/sites\/minha-familia-pode-ser-feliz\/","title":{"rendered":"O livro"},"content":{"rendered":"<p>Quem casa quer casa&#8230; N\u00e3o, necessariamente.<\/p>\n<p>Para o autor, quem casa precisa ter f\u00e9 \u2014 n\u00e3o no casamento, mas em Deus.<\/p>\n<p><strong>Minha Fam\u00edlia Pode Ser Feliz<\/strong> \u00e9 uma resposta \u00e0s muitas perguntas sobre \u201caquilo que falta\u201d nos relacionamentos do casal e da fam\u00edlia.<\/p>\n<p>E, \u00e9 bom lembrar, a quantidade de relacionamentos mudou, mas a profundidade n\u00e3o precisa mudar. A presen\u00e7a f\u00edsica dos pais n\u00e3o \u00e9 a mesma de tempos atr\u00e1s, mas isso pode n\u00e3o significar abandono. E, o melhor, \u00e9 poss\u00edvel perseguir o sonho de ser feliz.<\/p>\n<p>Uma leitura f\u00e1cil e essencial para a fam\u00edlia crist\u00e3.<\/p>\n<p><img src=\"https:\/\/ultimato.com.br\/sites\/minha-familia-pode-ser-feliz\/wp-content\/plugins\/lightview-plus\/img\/novideo.png\" width=\"300\" height=\"168\" alt=\"Video not available\" \/><br \/><\/p>\n","protected":false},"excerpt":{"rendered":"<p>Quem casa quer casa&#8230; N\u00e3o, necessariamente. Para o autor, quem casa precisa ter f\u00e9 \u2014 n\u00e3o no casamento, mas em Deus. Minha Fam\u00edlia Pode Ser Feliz \u00e9 uma resposta \u00e0s muitas perguntas sobre \u201caquilo que falta\u201d nos relacionamentos do casal e da fam\u00edlia. E, \u00e9 bom lembrar, a quantidade de relacionamentos mudou, mas a profundidade [&hellip;]<\/p>\n","protected":false},"author":24,"featured_media":0,"parent":0,"menu_order":1,"comment_status":"open","ping_status":"closed","template":"","meta":{"footnotes":""},"class_list":["post-7","page","type-page","status-publish","hentry"],"_links":{"self":[{"href":"https:\/\/ultimato.com.br\/sites\/minha-familia-pode-ser-feliz\/wp-json\/wp\/v2\/pages\/7","targetHints":{"allow":["GET"]}}],"collection":[{"href":"https:\/\/ultimato.com.br\/sites\/minha-familia-pode-ser-feliz\/wp-json\/wp\/v2\/pages"}],"about":[{"href":"https:\/\/ultimato.com.br\/sites\/minha-familia-pode-ser-feliz\/wp-json\/wp\/v2\/types\/page"}],"author":[{"embeddable":true,"href":"https:\/\/ultimato.com.br\/sites\/minha-familia-pode-ser-feliz\/wp-json\/wp\/v2\/users\/24"}],"replies":[{"embeddable":true,"href":"https:\/\/ultimato.com.br\/sites\/minha-familia-pode-ser-feliz\/wp-json\/wp\/v2\/comments?post=7"}],"version-history":[{"count":4,"href":"https:\/\/ultimato.com.br\/sites\/minha-familia-pode-ser-feliz\/wp-json\/wp\/v2\/pages\/7\/revisions"}],"predecessor-version":[{"id":121,"href":"https:\/\/ultimato.com.br\/sites\/minha-familia-pode-ser-feliz\/wp-json\/wp\/v2\/pages\/7\/revisions\/121"}],"wp:attachment":[{"href":"https:\/\/ultimato.com.br\/sites\/minha-familia-pode-ser-feliz\/wp-json\/wp\/v2\/media?parent=7"}],"curies":[{"name":"wp","href":"https:\/\/api.w.org\/{rel}","templated":true}]}}