{"id":28,"date":"2012-02-15T08:09:38","date_gmt":"2012-02-15T11:09:38","guid":{"rendered":"http:\/\/ultimato.com.br\/sites\/minha-familia-pode-ser-feliz\/?page_id=28"},"modified":"2012-02-17T07:37:23","modified_gmt":"2012-02-17T10:37:23","slug":"divulgue-a-ideia","status":"publish","type":"page","link":"https:\/\/ultimato.com.br\/sites\/minha-familia-pode-ser-feliz\/extras\/divulgue-a-ideia\/","title":{"rendered":"Divulgue a ideia"},"content":{"rendered":"<p>Preparamos alguns banners para voc\u00ea colocar no seu blog\/site. Divulgue a ideia!<\/p>\n<p>&nbsp;<\/p>\n<p><strong>Banner 120&#215;60<\/strong><\/p>\n<p><a href=\"http:\/\/ultimato.com.br\/sites\/minha-familia-pode-ser-feliz\/files\/2012\/02\/bannerE_mfpsf.gif\" class=\"lightview\" data-lightview-group=\"group-28\" data-lightview-options=\"skin: 'dark', controls: 'relative', padding: '10', shadow: { color: '#000000', opacity: 0.08, blur: 3 }\" data-lightview-title=\"bannerE_mfpsf\"><img loading=\"lazy\" decoding=\"async\" class=\"aligncenter size-full wp-image-62\" title=\"bannerE_mfpsf\" src=\"http:\/\/ultimato.com.br\/sites\/minha-familia-pode-ser-feliz\/files\/2012\/02\/bannerE_mfpsf.gif\" alt=\"\" width=\"120\" height=\"60\" \/><\/a><\/p>\n<p style=\"text-align: left;\"><em><em>C\u00f3digo de incorpora\u00e7\u00e3o:\u00a0<\/em><\/em>&lt;a href=&#8221;http:\/\/ultimato.com.br\/sites\/minha-familia-pode-ser-feliz\/&#8221; target=&#8221;_blank&#8221; title=&#8221;Minha Fam\u00edlia Pode ser Feliz&#8221;&gt;&lt;img style=&#8221;border: 0px initial initial;&#8221; title=&#8221;Banner 120&#215;60&#8243; src=&#8221;http:\/\/www.ultimato.com.br\/boletim\/2012\/hotsite\/mfpsf\/bannerE_mfpsf.gif&#8221; alt=&#8221;&#8221; width=&#8221;120&#8243; height=&#8221;60&#8243; \/&gt;&lt;\/a&gt;<\/p>\n<p style=\"text-align: left;\"><span style=\"font-weight: 800;\"><strong>Banner 120&#215;240<\/strong><\/span><\/p>\n<p style=\"text-align: left;\"><a href=\"http:\/\/ultimato.com.br\/sites\/minha-familia-pode-ser-feliz\/files\/2012\/02\/bannerD_mfpsf.gif\" class=\"lightview\" data-lightview-group=\"group-28\" data-lightview-options=\"skin: 'dark', controls: 'relative', padding: '10', shadow: { color: '#000000', opacity: 0.08, blur: 3 }\" data-lightview-title=\"bannerD_mfpsf\"><img loading=\"lazy\" decoding=\"async\" class=\"aligncenter size-full wp-image-66\" title=\"bannerD_mfpsf\" src=\"http:\/\/ultimato.com.br\/sites\/minha-familia-pode-ser-feliz\/files\/2012\/02\/bannerD_mfpsf.gif\" alt=\"\" width=\"120\" height=\"240\" \/><\/a><\/p>\n<p style=\"text-align: left;\"><em>C\u00f3digo de incorpora\u00e7\u00e3o:<\/em>\u00a0&lt;a href=&#8221;http:\/\/ultimato.com.br\/sites\/minha-familia-pode-ser-feliz\/&#8221; target=&#8221;_blank&#8221; title=&#8221;Minha Fam\u00edlia Pode ser Feliz&#8221;&gt;&lt;img style=&#8221;border: 0px initial initial;&#8221; title=&#8221;Banner 120&#215;240&#8243; src=http:\/\/www.ultimato.com.br\/boletim\/2012\/hotsite\/mfpsf\/bannerD_mfpsf.gif&#8221; alt=&#8221;&#8221; width=&#8221;120&#8243; height=&#8221;240&#8243; \/&gt;&lt;\/a&gt;<\/p>\n<p>&nbsp;<\/p>\n","protected":false},"excerpt":{"rendered":"<p>Preparamos alguns banners para voc\u00ea colocar no seu blog\/site. Divulgue a ideia! &nbsp; Banner 120&#215;60 C\u00f3digo de incorpora\u00e7\u00e3o:\u00a0&lt;a href=&#8221;http:\/\/ultimato.com.br\/sites\/minha-familia-pode-ser-feliz\/&#8221; target=&#8221;_blank&#8221; title=&#8221;Minha Fam\u00edlia Pode ser Feliz&#8221;&gt;&lt;img style=&#8221;border: 0px initial initial;&#8221; title=&#8221;Banner 120&#215;60&#8243; src=&#8221;http:\/\/www.ultimato.com.br\/boletim\/2012\/hotsite\/mfpsf\/bannerE_mfpsf.gif&#8221; alt=&#8221;&#8221; width=&#8221;120&#8243; height=&#8221;60&#8243; \/&gt;&lt;\/a&gt; Banner 120&#215;240 C\u00f3digo de incorpora\u00e7\u00e3o:\u00a0&lt;a href=&#8221;http:\/\/ultimato.com.br\/sites\/minha-familia-pode-ser-feliz\/&#8221; target=&#8221;_blank&#8221; title=&#8221;Minha Fam\u00edlia Pode ser Feliz&#8221;&gt;&lt;img style=&#8221;border: 0px initial initial;&#8221; title=&#8221;Banner 120&#215;240&#8243; src=http:\/\/www.ultimato.com.br\/boletim\/2012\/hotsite\/mfpsf\/bannerD_mfpsf.gif&#8221; [&hellip;]<\/p>\n","protected":false},"author":24,"featured_media":0,"parent":13,"menu_order":0,"comment_status":"open","ping_status":"open","template":"","meta":{"footnotes":""},"class_list":["post-28","page","type-page","status-publish","hentry"],"_links":{"self":[{"href":"https:\/\/ultimato.com.br\/sites\/minha-familia-pode-ser-feliz\/wp-json\/wp\/v2\/pages\/28","targetHints":{"allow":["GET"]}}],"collection":[{"href":"https:\/\/ultimato.com.br\/sites\/minha-familia-pode-ser-feliz\/wp-json\/wp\/v2\/pages"}],"about":[{"href":"https:\/\/ultimato.com.br\/sites\/minha-familia-pode-ser-feliz\/wp-json\/wp\/v2\/types\/page"}],"author":[{"embeddable":true,"href":"https:\/\/ultimato.com.br\/sites\/minha-familia-pode-ser-feliz\/wp-json\/wp\/v2\/users\/24"}],"replies":[{"embeddable":true,"href":"https:\/\/ultimato.com.br\/sites\/minha-familia-pode-ser-feliz\/wp-json\/wp\/v2\/comments?post=28"}],"version-history":[{"count":10,"href":"https:\/\/ultimato.com.br\/sites\/minha-familia-pode-ser-feliz\/wp-json\/wp\/v2\/pages\/28\/revisions"}],"predecessor-version":[{"id":71,"href":"https:\/\/ultimato.com.br\/sites\/minha-familia-pode-ser-feliz\/wp-json\/wp\/v2\/pages\/28\/revisions\/71"}],"up":[{"embeddable":true,"href":"https:\/\/ultimato.com.br\/sites\/minha-familia-pode-ser-feliz\/wp-json\/wp\/v2\/pages\/13"}],"wp:attachment":[{"href":"https:\/\/ultimato.com.br\/sites\/minha-familia-pode-ser-feliz\/wp-json\/wp\/v2\/media?parent=28"}],"curies":[{"name":"wp","href":"https:\/\/api.w.org\/{rel}","templated":true}]}}