{"id":11,"date":"2012-02-15T08:05:41","date_gmt":"2012-02-15T11:05:41","guid":{"rendered":"http:\/\/ultimato.com.br\/sites\/minha-familia-pode-ser-feliz\/?page_id=11"},"modified":"2012-02-16T07:55:30","modified_gmt":"2012-02-16T10:55:30","slug":"o-que-disseram","status":"publish","type":"page","link":"https:\/\/ultimato.com.br\/sites\/minha-familia-pode-ser-feliz\/o-que-disseram\/","title":{"rendered":"O que disseram"},"content":{"rendered":"<p>\u201cO amor \u00e9 claramente caracterizado como um comportamento, e n\u00e3o um sentimento. Amar a quem escolhi, e n\u00e3o escolher para amar, leva a uma matem\u00e1tica interessante, em que a inten\u00e7\u00e3o \u00e9 muito pouco: \u201cinten\u00e7\u00e3o \u2013 a\u00e7\u00e3o = nada; inten\u00e7\u00e3o + a\u00e7\u00e3o = vontade\u201d. Ter vontade \u00e9 um bom come\u00e7o. Infelizmente esse come\u00e7o tem faltado nos relacionamentos.\u201d<\/p>\n<p>&nbsp;<\/p>\n<p>***<\/p>\n<p>&nbsp;<\/p>\n<p>\u201cAo intercalar experi\u00eancia cl\u00ednica com belas interpreta\u00e7\u00f5es dos relacionamentos familiares da B\u00edblia, o autor constr\u00f3i, com compet\u00eancia, a ideia de que a felicidade depende diretamente do investimento realizado na constru\u00e7\u00e3o da rela\u00e7\u00e3o, que \u00e9 din\u00e2mica e precisa de cuidados di\u00e1rios.\u201d<\/p>\n<p><em>\u2014 Carlos \u201cCatito\u201d Grzybowski<\/em>, psic\u00f3logo, terapeuta de casais e de fam\u00edlia<em><\/em><\/p>\n","protected":false},"excerpt":{"rendered":"<p>\u201cO amor \u00e9 claramente caracterizado como um comportamento, e n\u00e3o um sentimento. Amar a quem escolhi, e n\u00e3o escolher para amar, leva a uma matem\u00e1tica interessante, em que a inten\u00e7\u00e3o \u00e9 muito pouco: \u201cinten\u00e7\u00e3o \u2013 a\u00e7\u00e3o = nada; inten\u00e7\u00e3o + a\u00e7\u00e3o = vontade\u201d. Ter vontade \u00e9 um bom come\u00e7o. Infelizmente esse come\u00e7o tem faltado nos [&hellip;]<\/p>\n","protected":false},"author":24,"featured_media":0,"parent":0,"menu_order":3,"comment_status":"open","ping_status":"closed","template":"","meta":{"footnotes":""},"class_list":["post-11","page","type-page","status-publish","hentry"],"_links":{"self":[{"href":"https:\/\/ultimato.com.br\/sites\/minha-familia-pode-ser-feliz\/wp-json\/wp\/v2\/pages\/11","targetHints":{"allow":["GET"]}}],"collection":[{"href":"https:\/\/ultimato.com.br\/sites\/minha-familia-pode-ser-feliz\/wp-json\/wp\/v2\/pages"}],"about":[{"href":"https:\/\/ultimato.com.br\/sites\/minha-familia-pode-ser-feliz\/wp-json\/wp\/v2\/types\/page"}],"author":[{"embeddable":true,"href":"https:\/\/ultimato.com.br\/sites\/minha-familia-pode-ser-feliz\/wp-json\/wp\/v2\/users\/24"}],"replies":[{"embeddable":true,"href":"https:\/\/ultimato.com.br\/sites\/minha-familia-pode-ser-feliz\/wp-json\/wp\/v2\/comments?post=11"}],"version-history":[{"count":3,"href":"https:\/\/ultimato.com.br\/sites\/minha-familia-pode-ser-feliz\/wp-json\/wp\/v2\/pages\/11\/revisions"}],"predecessor-version":[{"id":46,"href":"https:\/\/ultimato.com.br\/sites\/minha-familia-pode-ser-feliz\/wp-json\/wp\/v2\/pages\/11\/revisions\/46"}],"wp:attachment":[{"href":"https:\/\/ultimato.com.br\/sites\/minha-familia-pode-ser-feliz\/wp-json\/wp\/v2\/media?parent=11"}],"curies":[{"name":"wp","href":"https:\/\/api.w.org\/{rel}","templated":true}]}}