{"id":7,"date":"2016-08-30T10:52:34","date_gmt":"2016-08-30T13:52:34","guid":{"rendered":"http:\/\/ultimato.com.br\/sites\/mentes-cerebros-almas-deuses\/?page_id=7"},"modified":"2016-08-30T11:16:58","modified_gmt":"2016-08-30T14:16:58","slug":"o-autor","status":"publish","type":"page","link":"https:\/\/ultimato.com.br\/sites\/mentes-cerebros-almas-deuses\/o-autor\/","title":{"rendered":"O Autor"},"content":{"rendered":"<p><strong><img loading=\"lazy\" decoding=\"async\" class=\"alignleft size-thumbnail wp-image-24\" src=\"http:\/\/ultimato.com.br\/sites\/mentes-cerebros-almas-deuses\/files\/2016\/08\/autor_mcad-150x150.jpg\" alt=\"autor_mcad\" width=\"150\" height=\"150\" srcset=\"https:\/\/ultimato.com.br\/sites\/mentes-cerebros-almas-deuses\/files\/2016\/08\/autor_mcad-150x150.jpg 150w, https:\/\/ultimato.com.br\/sites\/mentes-cerebros-almas-deuses\/files\/2016\/08\/autor_mcad-300x300.jpg 300w, https:\/\/ultimato.com.br\/sites\/mentes-cerebros-almas-deuses\/files\/2016\/08\/autor_mcad.jpg 481w\" sizes=\"auto, (max-width: 150px) 100vw, 150px\" \/>Malcolm Jeeves<\/strong> \u00e9 professor em\u00e9rito de psicologia na Universidade de St. Andrews, Esc\u00f3cia, onde estabeleceu o departamento de psicologia em 1969. Foi presidente da Sociedade Real de Edimburgo e editor-chefe do peri\u00f3dico acad\u00eamico <em>Neuropsychologia<\/em>. Recebeu a medalha de Comendador da Ordem do Imp\u00e9rio Brit\u00e2nico em 1992 por seus servi\u00e7os \u00e0 ci\u00eancia e \u00e0 psicologia na Gr\u00e3-Bretanha. \u00c9 coautor, com Warren S. Brown, de <em>Neuroscience, Psychology, and Religion &#8212; illusions, delusions, and realities about human nature<\/em>.<\/p>\n<p>&nbsp;<\/p>\n","protected":false},"excerpt":{"rendered":"<p>Malcolm Jeeves \u00e9 professor em\u00e9rito de psicologia na Universidade de St. Andrews, Esc\u00f3cia, onde estabeleceu o departamento de psicologia em 1969. Foi presidente da Sociedade Real de Edimburgo e editor-chefe do peri\u00f3dico acad\u00eamico Neuropsychologia. Recebeu a medalha de Comendador da Ordem do Imp\u00e9rio Brit\u00e2nico em 1992 por seus servi\u00e7os \u00e0 ci\u00eancia e \u00e0 psicologia na [&hellip;]<\/p>\n","protected":false},"author":24,"featured_media":0,"parent":0,"menu_order":3,"comment_status":"closed","ping_status":"closed","template":"","meta":{"footnotes":""},"class_list":["post-7","page","type-page","status-publish","hentry"],"_links":{"self":[{"href":"https:\/\/ultimato.com.br\/sites\/mentes-cerebros-almas-deuses\/wp-json\/wp\/v2\/pages\/7","targetHints":{"allow":["GET"]}}],"collection":[{"href":"https:\/\/ultimato.com.br\/sites\/mentes-cerebros-almas-deuses\/wp-json\/wp\/v2\/pages"}],"about":[{"href":"https:\/\/ultimato.com.br\/sites\/mentes-cerebros-almas-deuses\/wp-json\/wp\/v2\/types\/page"}],"author":[{"embeddable":true,"href":"https:\/\/ultimato.com.br\/sites\/mentes-cerebros-almas-deuses\/wp-json\/wp\/v2\/users\/24"}],"replies":[{"embeddable":true,"href":"https:\/\/ultimato.com.br\/sites\/mentes-cerebros-almas-deuses\/wp-json\/wp\/v2\/comments?post=7"}],"version-history":[{"count":2,"href":"https:\/\/ultimato.com.br\/sites\/mentes-cerebros-almas-deuses\/wp-json\/wp\/v2\/pages\/7\/revisions"}],"predecessor-version":[{"id":25,"href":"https:\/\/ultimato.com.br\/sites\/mentes-cerebros-almas-deuses\/wp-json\/wp\/v2\/pages\/7\/revisions\/25"}],"wp:attachment":[{"href":"https:\/\/ultimato.com.br\/sites\/mentes-cerebros-almas-deuses\/wp-json\/wp\/v2\/media?parent=7"}],"curies":[{"name":"wp","href":"https:\/\/api.w.org\/{rel}","templated":true}]}}