{"id":6,"date":"2016-08-30T10:52:13","date_gmt":"2016-08-30T13:52:13","guid":{"rendered":"http:\/\/ultimato.com.br\/sites\/mentes-cerebros-almas-deuses\/?page_id=6"},"modified":"2016-08-30T10:52:13","modified_gmt":"2016-08-30T13:52:13","slug":"o-que-disseram","status":"publish","type":"page","link":"https:\/\/ultimato.com.br\/sites\/mentes-cerebros-almas-deuses\/o-que-disseram\/","title":{"rendered":"O que disseram"},"content":{"rendered":"<blockquote><p>N\u00e3o h\u00e1 ningu\u00e9m mais qualificado para conduzir uma conversa sobre f\u00e9 crist\u00e3, psicologia e neuroci\u00eancia do que Malcolm Jeeves. Para quem est\u00e1 interessado no que as recentes inova\u00e7\u00f5es na ci\u00eancia do c\u00e9rebro podem contribuir para a compreens\u00e3o do que significa ser humano, esta \u00e9 uma leitura obrigat\u00f3ria.<\/p><\/blockquote>\n<p>\u2013 <em>Joel B. Green<\/em>, Semin\u00e1rio Teol\u00f3gico Fuller<\/p>\n<blockquote><p>Para o professor Jeeves, n\u00e3o h\u00e1 conflito entre a psicologia ou a neuroci\u00eancia e a f\u00e9 crist\u00e3 ou a teologia. Estas s\u00e3o meios complementares de se aproximar da verdade. Recomendo com entusiasmo este livro maravilhoso.<\/p><\/blockquote>\n<p>\u2013 <em>Canon Anthony C. Thiselton<\/em>, Universidade de Nottingham<\/p>\n<p>&nbsp;<\/p>\n<blockquote><p>Qual \u00e9 a rela\u00e7\u00e3o entre o c\u00e9rebro e a mente? Ser\u00e1 que a alma existe? \u00c9 algo \u00e0 parte do c\u00e9rebro ou da atividade cerebral? Temos um \u201cgene de Deus\u201d? Para explorar poss\u00edveis respostas a essas e outras perguntas, voc\u00ea precisa ler <strong>Mentes, C\u00e9rebros, Almas e Deuses<\/strong>.<\/p><\/blockquote>\n<p>\u2013 <em>Francisco J. Ayala<\/em>, Universidade da Calif\u00f3rnia<\/p>\n<p>&nbsp;<\/p>\n<blockquote><p>Pioneiro da neuroci\u00eancia cognitiva, Malcolm Jeeves ajuda um estudante a lidar com quest\u00f5es importantes. O estudante \u00e9 fict\u00edcio, mas as quest\u00f5es s\u00e3o reais, e estas perspicazes \u201ccartas de Malcolm\u201d tocam o cerne do engajamento de estudantes crist\u00e3os na ci\u00eancia hoje.<\/p><\/blockquote>\n<p>\u2013 <em>David G. Myers<\/em>, Hope College<\/p>\n","protected":false},"excerpt":{"rendered":"<p>N\u00e3o h\u00e1 ningu\u00e9m mais qualificado para conduzir uma conversa sobre f\u00e9 crist\u00e3, psicologia e neuroci\u00eancia do que Malcolm Jeeves. Para quem est\u00e1 interessado no que as recentes inova\u00e7\u00f5es na ci\u00eancia do c\u00e9rebro podem contribuir para a compreens\u00e3o do que significa ser humano, esta \u00e9 uma leitura obrigat\u00f3ria. \u2013 Joel B. Green, Semin\u00e1rio Teol\u00f3gico Fuller Para [&hellip;]<\/p>\n","protected":false},"author":24,"featured_media":0,"parent":0,"menu_order":2,"comment_status":"closed","ping_status":"closed","template":"","meta":{"footnotes":""},"class_list":["post-6","page","type-page","status-publish","hentry"],"_links":{"self":[{"href":"https:\/\/ultimato.com.br\/sites\/mentes-cerebros-almas-deuses\/wp-json\/wp\/v2\/pages\/6","targetHints":{"allow":["GET"]}}],"collection":[{"href":"https:\/\/ultimato.com.br\/sites\/mentes-cerebros-almas-deuses\/wp-json\/wp\/v2\/pages"}],"about":[{"href":"https:\/\/ultimato.com.br\/sites\/mentes-cerebros-almas-deuses\/wp-json\/wp\/v2\/types\/page"}],"author":[{"embeddable":true,"href":"https:\/\/ultimato.com.br\/sites\/mentes-cerebros-almas-deuses\/wp-json\/wp\/v2\/users\/24"}],"replies":[{"embeddable":true,"href":"https:\/\/ultimato.com.br\/sites\/mentes-cerebros-almas-deuses\/wp-json\/wp\/v2\/comments?post=6"}],"version-history":[{"count":1,"href":"https:\/\/ultimato.com.br\/sites\/mentes-cerebros-almas-deuses\/wp-json\/wp\/v2\/pages\/6\/revisions"}],"predecessor-version":[{"id":11,"href":"https:\/\/ultimato.com.br\/sites\/mentes-cerebros-almas-deuses\/wp-json\/wp\/v2\/pages\/6\/revisions\/11"}],"wp:attachment":[{"href":"https:\/\/ultimato.com.br\/sites\/mentes-cerebros-almas-deuses\/wp-json\/wp\/v2\/media?parent=6"}],"curies":[{"name":"wp","href":"https:\/\/api.w.org\/{rel}","templated":true}]}}