{"id":5,"date":"2016-08-30T10:51:46","date_gmt":"2016-08-30T13:51:46","guid":{"rendered":"http:\/\/ultimato.com.br\/sites\/mentes-cerebros-almas-deuses\/?page_id=5"},"modified":"2016-08-30T10:51:46","modified_gmt":"2016-08-30T13:51:46","slug":"o-livro","status":"publish","type":"page","link":"https:\/\/ultimato.com.br\/sites\/mentes-cerebros-almas-deuses\/","title":{"rendered":"O Livro"},"content":{"rendered":"<blockquote><p>Para os c\u00e9ticos que desprezariam o cristianismo usando refer\u00eancias superficiais, este livro \u00e9 uma m\u00e1 not\u00edcia. Para os crist\u00e3os que temem ser necess\u00e1rio colocar de lado a integridade cient\u00edfica por causa de sua f\u00e9, ele \u00e9 uma not\u00edcia muito boa. Uma leitura obrigat\u00f3ria para estudantes crist\u00e3os e para os interessados nas quest\u00f5es fundamentais da natureza humana e da pesquisa cient\u00edfica.<\/p><\/blockquote>\n<p>\u2013 <em>Alan J. Torrance<\/em><\/p>\n<p>&nbsp;<\/p>\n<p>Os crist\u00e3os n\u00e3o precisam escolher entre a neuroci\u00eancia e a teologia, ou entre o rigor intelectual e a vida crist\u00e3, muito menos encarar a psicologia como um ataque \u00e0 f\u00e9 crist\u00e3.<\/p>\n<p>\u00c9 verdade que, muitas vezes, a psicologia e, especialmente, a neuropsicologia podem ser algo assustador para os crist\u00e3os. Por isso, somos tentados a limitar a rela\u00e7\u00e3o entre f\u00e9 e psicologia a temas relativamente f\u00e1ceis, que n\u00e3o respondem \u00e0s novas perguntas da ci\u00eancia nem aos dilemas mais profundos da vida crist\u00e3.<\/p>\n<p>No entanto,<strong> Mentes, C\u00e9rebros, Almas e Deuses<\/strong> responde \u00e0s mais diferentes quest\u00f5es sobre temas como: o determinismo e o livre-arb\u00edtrio, a exist\u00eancia do \u201cgene de Deus\u201d, o efeito placebo das religi\u00f5es, a exist\u00eancia da alma, aquilo que nos torna humanos, entre muitas outras perguntas. Para Malcolm Jeeves, existe um caminho a ser trilhado \u2013 o caminho da integra\u00e7\u00e3o e da compreens\u00e3o da verdade em n\u00edveis mais profundos.<\/p>\n","protected":false},"excerpt":{"rendered":"<p>Para os c\u00e9ticos que desprezariam o cristianismo usando refer\u00eancias superficiais, este livro \u00e9 uma m\u00e1 not\u00edcia. Para os crist\u00e3os que temem ser necess\u00e1rio colocar de lado a integridade cient\u00edfica por causa de sua f\u00e9, ele \u00e9 uma not\u00edcia muito boa. Uma leitura obrigat\u00f3ria para estudantes crist\u00e3os e para os interessados nas quest\u00f5es fundamentais da natureza [&hellip;]<\/p>\n","protected":false},"author":24,"featured_media":0,"parent":0,"menu_order":0,"comment_status":"closed","ping_status":"closed","template":"","meta":{"footnotes":""},"class_list":["post-5","page","type-page","status-publish","hentry"],"_links":{"self":[{"href":"https:\/\/ultimato.com.br\/sites\/mentes-cerebros-almas-deuses\/wp-json\/wp\/v2\/pages\/5","targetHints":{"allow":["GET"]}}],"collection":[{"href":"https:\/\/ultimato.com.br\/sites\/mentes-cerebros-almas-deuses\/wp-json\/wp\/v2\/pages"}],"about":[{"href":"https:\/\/ultimato.com.br\/sites\/mentes-cerebros-almas-deuses\/wp-json\/wp\/v2\/types\/page"}],"author":[{"embeddable":true,"href":"https:\/\/ultimato.com.br\/sites\/mentes-cerebros-almas-deuses\/wp-json\/wp\/v2\/users\/24"}],"replies":[{"embeddable":true,"href":"https:\/\/ultimato.com.br\/sites\/mentes-cerebros-almas-deuses\/wp-json\/wp\/v2\/comments?post=5"}],"version-history":[{"count":1,"href":"https:\/\/ultimato.com.br\/sites\/mentes-cerebros-almas-deuses\/wp-json\/wp\/v2\/pages\/5\/revisions"}],"predecessor-version":[{"id":10,"href":"https:\/\/ultimato.com.br\/sites\/mentes-cerebros-almas-deuses\/wp-json\/wp\/v2\/pages\/5\/revisions\/10"}],"wp:attachment":[{"href":"https:\/\/ultimato.com.br\/sites\/mentes-cerebros-almas-deuses\/wp-json\/wp\/v2\/media?parent=5"}],"curies":[{"name":"wp","href":"https:\/\/api.w.org\/{rel}","templated":true}]}}